 
{"id":679,"date":"2023-03-06T16:14:46","date_gmt":"2023-03-06T16:14:46","guid":{"rendered":"https:\/\/catchart.be\/?post_type=product&#038;p=679"},"modified":"2023-10-01T00:05:50","modified_gmt":"2023-10-01T00:05:50","slug":"le-rendez-vous","status":"publish","type":"product","link":"https:\/\/catchart.be\/nl\/product\/le-rendez-vous\/","title":{"rendered":"&#8220;Le rendez-vous&#8221;"},"content":{"rendered":"<p>Technique mixte sur toile.\u00a0 Oeuvre exclusive cr\u00e9\u00e9e pour Catch-Art &#8211; 2023<\/p>\n<p>&#8221; J&#8217;ai attendu un signe,<\/p>\n<p>Le vide autour de moi,<\/p>\n<p>Le ciel bleu se durcit,<\/p>\n<p>Les arbres qui m&#8217;entourent<\/p>\n<p>Paraissent les ombres d&#8217;\u00eatres g\u00e9ants,<\/p>\n<p>Tragique com\u00e9die,<\/p>\n<p>Tout semble durer une \u00e9ternit\u00e9,<\/p>\n<p>Viendras-tu&#8230;? &#8220;<\/p>\n","protected":false},"excerpt":{"rendered":"<p>Technique mixte sur toile.\u00a0 Oeuvre exclusive cr\u00e9\u00e9e pour Catch-Art &#8211; 2023 &#8221; J&#8217;ai attendu un signe, Le vide autour de moi, Le ciel bleu se durcit, Les arbres qui m&#8217;entourent Paraissent les ombres d&#8217;\u00eatres g\u00e9ants, Tragique com\u00e9die, Tout semble durer une \u00e9ternit\u00e9, Viendras-tu&#8230;? &#8220;<\/p>\n","protected":false},"featured_media":2049,"template":"","meta":[],"product_brand":[],"product_cat":[33],"product_tag":[],"class_list":{"0":"post-679","1":"product","2":"type-product","3":"status-publish","4":"has-post-thumbnail","6":"product_cat-uncategorized","8":"first","9":"instock","10":"sold-individually","11":"shipping-taxable","12":"purchasable","13":"product-type-simple"},"acf":[],"yoast_head":"<!-- This site is optimized with the Yoast SEO Premium plugin v26.4 (Yoast SEO v26.4) - https:\/\/yoast.com\/wordpress\/plugins\/seo\/ -->\n<title>&quot;Le rendez-vous&quot; - Catch-art<\/title>\n<meta name=\"robots\" content=\"index, follow, max-snippet:-1, max-image-preview:large, max-video-preview:-1\" \/>\n<link rel=\"canonical\" href=\"https:\/\/catchart.be\/product\/le-rendez-vous\/\" \/>\n<meta property=\"og:locale\" content=\"nl_NL\" \/>\n<meta property=\"og:type\" content=\"article\" \/>\n<meta property=\"og:title\" content=\"&quot;Le rendez-vous&quot;\" \/>\n<meta property=\"og:description\" content=\"Technique mixte sur toile.\u00a0 Oeuvre exclusive cr\u00e9\u00e9e pour Catch-Art &#8211; 2023 &#8221; J&#8217;ai attendu un signe, Le vide autour de moi, Le ciel bleu se durcit, Les arbres qui m&#8217;entourent Paraissent les ombres d&#8217;\u00eatres g\u00e9ants, Tragique com\u00e9die, Tout semble durer une \u00e9ternit\u00e9, Viendras-tu&#8230;? &#8220;\" \/>\n<meta property=\"og:url\" content=\"https:\/\/catchart.be\/product\/le-rendez-vous\/\" \/>\n<meta property=\"og:site_name\" content=\"Catch-art\" \/>\n<meta property=\"article:publisher\" content=\"https:\/\/www.facebook.com\/people\/CatchArt\/100063966426816\/\" \/>\n<meta property=\"article:modified_time\" content=\"2023-10-01T00:05:50+00:00\" \/>\n<meta property=\"og:image\" content=\"https:\/\/catchart.be\/app\/uploads\/2023\/03\/Le-rendez-vous-1.jpg\" \/>\n\t<meta property=\"og:image:width\" content=\"994\" \/>\n\t<meta property=\"og:image:height\" content=\"1000\" \/>\n\t<meta property=\"og:image:type\" content=\"image\/jpeg\" \/>\n<meta name=\"twitter:card\" content=\"summary_large_image\" \/>\n<meta name=\"twitter:label1\" content=\"Est. reading time\" \/>\n\t<meta name=\"twitter:data1\" content=\"1 minute\" \/>\n<script type=\"application\/ld+json\" class=\"yoast-schema-graph\">{\"@context\":\"https:\/\/schema.org\",\"@graph\":[{\"@type\":\"WebPage\",\"@id\":\"https:\/\/catchart.be\/product\/le-rendez-vous\/\",\"url\":\"https:\/\/catchart.be\/product\/le-rendez-vous\/\",\"name\":\"\\\"Le rendez-vous\\\" - Catch-art\",\"isPartOf\":{\"@id\":\"https:\/\/catchart.be\/#website\"},\"primaryImageOfPage\":{\"@id\":\"https:\/\/catchart.be\/product\/le-rendez-vous\/#primaryimage\"},\"image\":{\"@id\":\"https:\/\/catchart.be\/product\/le-rendez-vous\/#primaryimage\"},\"thumbnailUrl\":\"https:\/\/catchart.be\/app\/uploads\/2023\/03\/Le-rendez-vous-1.jpg\",\"datePublished\":\"2023-03-06T16:14:46+00:00\",\"dateModified\":\"2023-10-01T00:05:50+00:00\",\"breadcrumb\":{\"@id\":\"https:\/\/catchart.be\/product\/le-rendez-vous\/#breadcrumb\"},\"inLanguage\":\"nl-NL\",\"potentialAction\":[{\"@type\":\"ReadAction\",\"target\":[\"https:\/\/catchart.be\/product\/le-rendez-vous\/\"]}]},{\"@type\":\"ImageObject\",\"inLanguage\":\"nl-NL\",\"@id\":\"https:\/\/catchart.be\/product\/le-rendez-vous\/#primaryimage\",\"url\":\"https:\/\/catchart.be\/app\/uploads\/2023\/03\/Le-rendez-vous-1.jpg\",\"contentUrl\":\"https:\/\/catchart.be\/app\/uploads\/2023\/03\/Le-rendez-vous-1.jpg\",\"width\":994,\"height\":1000},{\"@type\":\"BreadcrumbList\",\"@id\":\"https:\/\/catchart.be\/product\/le-rendez-vous\/#breadcrumb\",\"itemListElement\":[{\"@type\":\"ListItem\",\"position\":1,\"name\":\"Home\",\"item\":\"https:\/\/catchart.be\/nl\/\"},{\"@type\":\"ListItem\",\"position\":2,\"name\":\"Produits\",\"item\":\"https:\/\/catchart.be\/shop\/\"},{\"@type\":\"ListItem\",\"position\":3,\"name\":\"\u00ab\u00a0Le rendez-vous\u00a0\u00bb\"}]},{\"@type\":\"WebSite\",\"@id\":\"https:\/\/catchart.be\/#website\",\"url\":\"https:\/\/catchart.be\/\",\"name\":\"Catch-Art\",\"description\":\"Een unieke service om u te helpen uw kunstwerken te kopen\",\"publisher\":{\"@id\":\"https:\/\/catchart.be\/#organization\"},\"potentialAction\":[{\"@type\":\"SearchAction\",\"target\":{\"@type\":\"EntryPoint\",\"urlTemplate\":\"https:\/\/catchart.be\/?s={search_term_string}\"},\"query-input\":{\"@type\":\"PropertyValueSpecification\",\"valueRequired\":true,\"valueName\":\"search_term_string\"}}],\"inLanguage\":\"nl-NL\"},{\"@type\":\"Organization\",\"@id\":\"https:\/\/catchart.be\/#organization\",\"name\":\"Catch-Art\",\"url\":\"https:\/\/catchart.be\/\",\"logo\":{\"@type\":\"ImageObject\",\"inLanguage\":\"nl-NL\",\"@id\":\"https:\/\/catchart.be\/#\/schema\/logo\/image\/\",\"url\":\"https:\/\/catchart.be\/app\/uploads\/2023\/04\/logo.png\",\"contentUrl\":\"https:\/\/catchart.be\/app\/uploads\/2023\/04\/logo.png\",\"width\":630,\"height\":117,\"caption\":\"Catch-Art\"},\"image\":{\"@id\":\"https:\/\/catchart.be\/#\/schema\/logo\/image\/\"},\"sameAs\":[\"https:\/\/www.facebook.com\/people\/CatchArt\/100063966426816\/\"]}]}<\/script>\n<!-- \/ Yoast SEO Premium plugin. -->","yoast_head_json":{"title":"\"Le rendez-vous\" - Catch-art","robots":{"index":"index","follow":"follow","max-snippet":"max-snippet:-1","max-image-preview":"max-image-preview:large","max-video-preview":"max-video-preview:-1"},"canonical":"https:\/\/catchart.be\/product\/le-rendez-vous\/","og_locale":"nl_NL","og_type":"article","og_title":"\"Le rendez-vous\"","og_description":"Technique mixte sur toile.\u00a0 Oeuvre exclusive cr\u00e9\u00e9e pour Catch-Art &#8211; 2023 &#8221; J&#8217;ai attendu un signe, Le vide autour de moi, Le ciel bleu se durcit, Les arbres qui m&#8217;entourent Paraissent les ombres d&#8217;\u00eatres g\u00e9ants, Tragique com\u00e9die, Tout semble durer une \u00e9ternit\u00e9, Viendras-tu&#8230;? &#8220;","og_url":"https:\/\/catchart.be\/product\/le-rendez-vous\/","og_site_name":"Catch-art","article_publisher":"https:\/\/www.facebook.com\/people\/CatchArt\/100063966426816\/","article_modified_time":"2023-10-01T00:05:50+00:00","og_image":[{"width":994,"height":1000,"url":"https:\/\/catchart.be\/app\/uploads\/2023\/03\/Le-rendez-vous-1.jpg","type":"image\/jpeg"}],"twitter_card":"summary_large_image","twitter_misc":{"Est. reading time":"1 minute"},"schema":{"@context":"https:\/\/schema.org","@graph":[{"@type":"WebPage","@id":"https:\/\/catchart.be\/product\/le-rendez-vous\/","url":"https:\/\/catchart.be\/product\/le-rendez-vous\/","name":"\"Le rendez-vous\" - Catch-art","isPartOf":{"@id":"https:\/\/catchart.be\/#website"},"primaryImageOfPage":{"@id":"https:\/\/catchart.be\/product\/le-rendez-vous\/#primaryimage"},"image":{"@id":"https:\/\/catchart.be\/product\/le-rendez-vous\/#primaryimage"},"thumbnailUrl":"https:\/\/catchart.be\/app\/uploads\/2023\/03\/Le-rendez-vous-1.jpg","datePublished":"2023-03-06T16:14:46+00:00","dateModified":"2023-10-01T00:05:50+00:00","breadcrumb":{"@id":"https:\/\/catchart.be\/product\/le-rendez-vous\/#breadcrumb"},"inLanguage":"nl-NL","potentialAction":[{"@type":"ReadAction","target":["https:\/\/catchart.be\/product\/le-rendez-vous\/"]}]},{"@type":"ImageObject","inLanguage":"nl-NL","@id":"https:\/\/catchart.be\/product\/le-rendez-vous\/#primaryimage","url":"https:\/\/catchart.be\/app\/uploads\/2023\/03\/Le-rendez-vous-1.jpg","contentUrl":"https:\/\/catchart.be\/app\/uploads\/2023\/03\/Le-rendez-vous-1.jpg","width":994,"height":1000},{"@type":"BreadcrumbList","@id":"https:\/\/catchart.be\/product\/le-rendez-vous\/#breadcrumb","itemListElement":[{"@type":"ListItem","position":1,"name":"Home","item":"https:\/\/catchart.be\/nl\/"},{"@type":"ListItem","position":2,"name":"Produits","item":"https:\/\/catchart.be\/shop\/"},{"@type":"ListItem","position":3,"name":"\u00ab\u00a0Le rendez-vous\u00a0\u00bb"}]},{"@type":"WebSite","@id":"https:\/\/catchart.be\/#website","url":"https:\/\/catchart.be\/","name":"Catch-Art","description":"Een unieke service om u te helpen uw kunstwerken te kopen","publisher":{"@id":"https:\/\/catchart.be\/#organization"},"potentialAction":[{"@type":"SearchAction","target":{"@type":"EntryPoint","urlTemplate":"https:\/\/catchart.be\/?s={search_term_string}"},"query-input":{"@type":"PropertyValueSpecification","valueRequired":true,"valueName":"search_term_string"}}],"inLanguage":"nl-NL"},{"@type":"Organization","@id":"https:\/\/catchart.be\/#organization","name":"Catch-Art","url":"https:\/\/catchart.be\/","logo":{"@type":"ImageObject","inLanguage":"nl-NL","@id":"https:\/\/catchart.be\/#\/schema\/logo\/image\/","url":"https:\/\/catchart.be\/app\/uploads\/2023\/04\/logo.png","contentUrl":"https:\/\/catchart.be\/app\/uploads\/2023\/04\/logo.png","width":630,"height":117,"caption":"Catch-Art"},"image":{"@id":"https:\/\/catchart.be\/#\/schema\/logo\/image\/"},"sameAs":["https:\/\/www.facebook.com\/people\/CatchArt\/100063966426816\/"]}]}},"_links":{"self":[{"href":"https:\/\/catchart.be\/nl\/wp-json\/wp\/v2\/product\/679","targetHints":{"allow":["GET"]}}],"collection":[{"href":"https:\/\/catchart.be\/nl\/wp-json\/wp\/v2\/product"}],"about":[{"href":"https:\/\/catchart.be\/nl\/wp-json\/wp\/v2\/types\/product"}],"wp:featuredmedia":[{"embeddable":true,"href":"https:\/\/catchart.be\/nl\/wp-json\/wp\/v2\/media\/2049"}],"wp:attachment":[{"href":"https:\/\/catchart.be\/nl\/wp-json\/wp\/v2\/media?parent=679"}],"wp:term":[{"taxonomy":"product_brand","embeddable":true,"href":"https:\/\/catchart.be\/nl\/wp-json\/wp\/v2\/product_brand?post=679"},{"taxonomy":"product_cat","embeddable":true,"href":"https:\/\/catchart.be\/nl\/wp-json\/wp\/v2\/product_cat?post=679"},{"taxonomy":"product_tag","embeddable":true,"href":"https:\/\/catchart.be\/nl\/wp-json\/wp\/v2\/product_tag?post=679"}],"curies":[{"name":"wp","href":"https:\/\/api.w.org\/{rel}","templated":true}]}}