 
{"id":6249,"date":"2025-11-24T21:27:55","date_gmt":"2025-11-24T21:27:55","guid":{"rendered":"https:\/\/catchart.be\/?post_type=product&#038;p=6249"},"modified":"2025-11-25T10:47:18","modified_gmt":"2025-11-25T10:47:18","slug":"mystere-dune-plage-oeuvre-unique-et-premiere","status":"publish","type":"product","link":"https:\/\/catchart.be\/nl\/product\/mystere-dune-plage-oeuvre-unique-et-premiere\/","title":{"rendered":"Myst\u00e8re d&#8217;une plage &#8211; oeuvre unique et premi\u00e8re"},"content":{"rendered":"<p>Oeuvre unique et premi\u00e8re\u00a0 \u2013 peinture \u00e0 l\u2019huile Blockx sur toile de lin \u2013 vernis \u00e0 la main<\/p>\n<p>Cliquez sur l\u2019image pour l\u2019agrandir<\/p>\n<p>Cette oeuvre est aussi disponible en \u00e9dition limit\u00e9e \u00e0 30 exemplaires \u2013 reproduction sur toile \u2013 vernis \u00e0 la main<br \/>\nEncadrement caisse US compris<br \/>\nCette \u00e9dition limit\u00e9e est disponible en format carr\u00e9\u00a0 100\u00d7100cm \u00e0 1.640\u20ac<\/p>\n<p>Contactez nous pour obtenir le prix dans un autre format: de 40\u00d740 cm \u00e0 120\u00d7120 cm<br \/>\nou avec une autre option d\u2019encadrement<br \/>\nemail: yann@catchart.be ou 0486776830<\/p>\n","protected":false},"excerpt":{"rendered":"<p>Oeuvre unique et premi\u00e8re\u00a0 \u2013 peinture \u00e0 l\u2019huile Blockx sur toile de lin \u2013 vernis \u00e0 la main Cliquez sur l\u2019image pour l\u2019agrandir Cette oeuvre est aussi disponible en \u00e9dition limit\u00e9e \u00e0 30 exemplaires \u2013 reproduction sur toile \u2013 vernis \u00e0 la main Encadrement caisse US compris Cette \u00e9dition limit\u00e9e est disponible en format carr\u00e9\u00a0 [&hellip;]<\/p>\n","protected":false},"featured_media":6250,"template":"","meta":[],"product_brand":[],"product_cat":[33],"product_tag":[],"class_list":{"0":"post-6249","1":"product","2":"type-product","3":"status-publish","4":"has-post-thumbnail","6":"product_cat-uncategorized","8":"first","9":"instock","10":"shipping-taxable","11":"purchasable","12":"product-type-simple"},"acf":[],"yoast_head":"<!-- This site is optimized with the Yoast SEO Premium plugin v26.4 (Yoast SEO v26.4) - https:\/\/yoast.com\/wordpress\/plugins\/seo\/ -->\n<title>Myst\u00e8re d&#039;une plage - oeuvre unique et premi\u00e8re - Catch-art<\/title>\n<meta name=\"robots\" content=\"index, follow, max-snippet:-1, max-image-preview:large, max-video-preview:-1\" \/>\n<link rel=\"canonical\" href=\"https:\/\/catchart.be\/product\/mystere-dune-plage-oeuvre-unique-et-premiere\/\" \/>\n<meta property=\"og:locale\" content=\"nl_NL\" \/>\n<meta property=\"og:type\" content=\"article\" \/>\n<meta property=\"og:title\" content=\"Myst\u00e8re d&#039;une plage - oeuvre unique et premi\u00e8re\" \/>\n<meta property=\"og:description\" content=\"Oeuvre unique et premi\u00e8re\u00a0 \u2013 peinture \u00e0 l\u2019huile Blockx sur toile de lin \u2013 vernis \u00e0 la main Cliquez sur l\u2019image pour l\u2019agrandir Cette oeuvre est aussi disponible en \u00e9dition limit\u00e9e \u00e0 30 exemplaires \u2013 reproduction sur toile \u2013 vernis \u00e0 la main Encadrement caisse US compris Cette \u00e9dition limit\u00e9e est disponible en format carr\u00e9\u00a0 [&hellip;]\" \/>\n<meta property=\"og:url\" content=\"https:\/\/catchart.be\/product\/mystere-dune-plage-oeuvre-unique-et-premiere\/\" \/>\n<meta property=\"og:site_name\" content=\"Catch-art\" \/>\n<meta property=\"article:publisher\" content=\"https:\/\/www.facebook.com\/people\/CatchArt\/100063966426816\/\" \/>\n<meta property=\"article:modified_time\" content=\"2025-11-25T10:47:18+00:00\" \/>\n<meta property=\"og:image\" content=\"https:\/\/catchart.be\/app\/uploads\/2025\/11\/2025-10-Mystere-dune-Plage-100x100-300-Grande.jpeg\" \/>\n\t<meta property=\"og:image:width\" content=\"1280\" \/>\n\t<meta property=\"og:image:height\" content=\"1280\" \/>\n\t<meta property=\"og:image:type\" content=\"image\/jpeg\" \/>\n<meta name=\"twitter:card\" content=\"summary_large_image\" \/>\n<meta name=\"twitter:label1\" content=\"Est. reading time\" \/>\n\t<meta name=\"twitter:data1\" content=\"1 minute\" \/>\n<script type=\"application\/ld+json\" class=\"yoast-schema-graph\">{\"@context\":\"https:\/\/schema.org\",\"@graph\":[{\"@type\":\"WebPage\",\"@id\":\"https:\/\/catchart.be\/product\/mystere-dune-plage-oeuvre-unique-et-premiere\/\",\"url\":\"https:\/\/catchart.be\/product\/mystere-dune-plage-oeuvre-unique-et-premiere\/\",\"name\":\"Myst\u00e8re d'une plage - oeuvre unique et premi\u00e8re - Catch-art\",\"isPartOf\":{\"@id\":\"https:\/\/catchart.be\/#website\"},\"primaryImageOfPage\":{\"@id\":\"https:\/\/catchart.be\/product\/mystere-dune-plage-oeuvre-unique-et-premiere\/#primaryimage\"},\"image\":{\"@id\":\"https:\/\/catchart.be\/product\/mystere-dune-plage-oeuvre-unique-et-premiere\/#primaryimage\"},\"thumbnailUrl\":\"https:\/\/catchart.be\/app\/uploads\/2025\/11\/2025-10-Mystere-dune-Plage-100x100-300-Grande.jpeg\",\"datePublished\":\"2025-11-24T21:27:55+00:00\",\"dateModified\":\"2025-11-25T10:47:18+00:00\",\"breadcrumb\":{\"@id\":\"https:\/\/catchart.be\/product\/mystere-dune-plage-oeuvre-unique-et-premiere\/#breadcrumb\"},\"inLanguage\":\"nl-NL\",\"potentialAction\":[{\"@type\":\"ReadAction\",\"target\":[\"https:\/\/catchart.be\/product\/mystere-dune-plage-oeuvre-unique-et-premiere\/\"]}]},{\"@type\":\"ImageObject\",\"inLanguage\":\"nl-NL\",\"@id\":\"https:\/\/catchart.be\/product\/mystere-dune-plage-oeuvre-unique-et-premiere\/#primaryimage\",\"url\":\"https:\/\/catchart.be\/app\/uploads\/2025\/11\/2025-10-Mystere-dune-Plage-100x100-300-Grande.jpeg\",\"contentUrl\":\"https:\/\/catchart.be\/app\/uploads\/2025\/11\/2025-10-Mystere-dune-Plage-100x100-300-Grande.jpeg\",\"width\":1280,\"height\":1280},{\"@type\":\"BreadcrumbList\",\"@id\":\"https:\/\/catchart.be\/product\/mystere-dune-plage-oeuvre-unique-et-premiere\/#breadcrumb\",\"itemListElement\":[{\"@type\":\"ListItem\",\"position\":1,\"name\":\"Home\",\"item\":\"https:\/\/catchart.be\/nl\/\"},{\"@type\":\"ListItem\",\"position\":2,\"name\":\"Produits\",\"item\":\"https:\/\/catchart.be\/shop\/\"},{\"@type\":\"ListItem\",\"position\":3,\"name\":\"Myst\u00e8re d&rsquo;une plage &#8211; oeuvre unique et premi\u00e8re\"}]},{\"@type\":\"WebSite\",\"@id\":\"https:\/\/catchart.be\/#website\",\"url\":\"https:\/\/catchart.be\/\",\"name\":\"Catch-Art\",\"description\":\"Een unieke service om u te helpen uw kunstwerken te kopen\",\"publisher\":{\"@id\":\"https:\/\/catchart.be\/#organization\"},\"potentialAction\":[{\"@type\":\"SearchAction\",\"target\":{\"@type\":\"EntryPoint\",\"urlTemplate\":\"https:\/\/catchart.be\/?s={search_term_string}\"},\"query-input\":{\"@type\":\"PropertyValueSpecification\",\"valueRequired\":true,\"valueName\":\"search_term_string\"}}],\"inLanguage\":\"nl-NL\"},{\"@type\":\"Organization\",\"@id\":\"https:\/\/catchart.be\/#organization\",\"name\":\"Catch-Art\",\"url\":\"https:\/\/catchart.be\/\",\"logo\":{\"@type\":\"ImageObject\",\"inLanguage\":\"nl-NL\",\"@id\":\"https:\/\/catchart.be\/#\/schema\/logo\/image\/\",\"url\":\"https:\/\/catchart.be\/app\/uploads\/2023\/04\/logo.png\",\"contentUrl\":\"https:\/\/catchart.be\/app\/uploads\/2023\/04\/logo.png\",\"width\":630,\"height\":117,\"caption\":\"Catch-Art\"},\"image\":{\"@id\":\"https:\/\/catchart.be\/#\/schema\/logo\/image\/\"},\"sameAs\":[\"https:\/\/www.facebook.com\/people\/CatchArt\/100063966426816\/\"]}]}<\/script>\n<!-- \/ Yoast SEO Premium plugin. -->","yoast_head_json":{"title":"Myst\u00e8re d'une plage - oeuvre unique et premi\u00e8re - Catch-art","robots":{"index":"index","follow":"follow","max-snippet":"max-snippet:-1","max-image-preview":"max-image-preview:large","max-video-preview":"max-video-preview:-1"},"canonical":"https:\/\/catchart.be\/product\/mystere-dune-plage-oeuvre-unique-et-premiere\/","og_locale":"nl_NL","og_type":"article","og_title":"Myst\u00e8re d'une plage - oeuvre unique et premi\u00e8re","og_description":"Oeuvre unique et premi\u00e8re\u00a0 \u2013 peinture \u00e0 l\u2019huile Blockx sur toile de lin \u2013 vernis \u00e0 la main Cliquez sur l\u2019image pour l\u2019agrandir Cette oeuvre est aussi disponible en \u00e9dition limit\u00e9e \u00e0 30 exemplaires \u2013 reproduction sur toile \u2013 vernis \u00e0 la main Encadrement caisse US compris Cette \u00e9dition limit\u00e9e est disponible en format carr\u00e9\u00a0 [&hellip;]","og_url":"https:\/\/catchart.be\/product\/mystere-dune-plage-oeuvre-unique-et-premiere\/","og_site_name":"Catch-art","article_publisher":"https:\/\/www.facebook.com\/people\/CatchArt\/100063966426816\/","article_modified_time":"2025-11-25T10:47:18+00:00","og_image":[{"width":1280,"height":1280,"url":"https:\/\/catchart.be\/app\/uploads\/2025\/11\/2025-10-Mystere-dune-Plage-100x100-300-Grande.jpeg","type":"image\/jpeg"}],"twitter_card":"summary_large_image","twitter_misc":{"Est. reading time":"1 minute"},"schema":{"@context":"https:\/\/schema.org","@graph":[{"@type":"WebPage","@id":"https:\/\/catchart.be\/product\/mystere-dune-plage-oeuvre-unique-et-premiere\/","url":"https:\/\/catchart.be\/product\/mystere-dune-plage-oeuvre-unique-et-premiere\/","name":"Myst\u00e8re d'une plage - oeuvre unique et premi\u00e8re - Catch-art","isPartOf":{"@id":"https:\/\/catchart.be\/#website"},"primaryImageOfPage":{"@id":"https:\/\/catchart.be\/product\/mystere-dune-plage-oeuvre-unique-et-premiere\/#primaryimage"},"image":{"@id":"https:\/\/catchart.be\/product\/mystere-dune-plage-oeuvre-unique-et-premiere\/#primaryimage"},"thumbnailUrl":"https:\/\/catchart.be\/app\/uploads\/2025\/11\/2025-10-Mystere-dune-Plage-100x100-300-Grande.jpeg","datePublished":"2025-11-24T21:27:55+00:00","dateModified":"2025-11-25T10:47:18+00:00","breadcrumb":{"@id":"https:\/\/catchart.be\/product\/mystere-dune-plage-oeuvre-unique-et-premiere\/#breadcrumb"},"inLanguage":"nl-NL","potentialAction":[{"@type":"ReadAction","target":["https:\/\/catchart.be\/product\/mystere-dune-plage-oeuvre-unique-et-premiere\/"]}]},{"@type":"ImageObject","inLanguage":"nl-NL","@id":"https:\/\/catchart.be\/product\/mystere-dune-plage-oeuvre-unique-et-premiere\/#primaryimage","url":"https:\/\/catchart.be\/app\/uploads\/2025\/11\/2025-10-Mystere-dune-Plage-100x100-300-Grande.jpeg","contentUrl":"https:\/\/catchart.be\/app\/uploads\/2025\/11\/2025-10-Mystere-dune-Plage-100x100-300-Grande.jpeg","width":1280,"height":1280},{"@type":"BreadcrumbList","@id":"https:\/\/catchart.be\/product\/mystere-dune-plage-oeuvre-unique-et-premiere\/#breadcrumb","itemListElement":[{"@type":"ListItem","position":1,"name":"Home","item":"https:\/\/catchart.be\/nl\/"},{"@type":"ListItem","position":2,"name":"Produits","item":"https:\/\/catchart.be\/shop\/"},{"@type":"ListItem","position":3,"name":"Myst\u00e8re d&rsquo;une plage &#8211; oeuvre unique et premi\u00e8re"}]},{"@type":"WebSite","@id":"https:\/\/catchart.be\/#website","url":"https:\/\/catchart.be\/","name":"Catch-Art","description":"Een unieke service om u te helpen uw kunstwerken te kopen","publisher":{"@id":"https:\/\/catchart.be\/#organization"},"potentialAction":[{"@type":"SearchAction","target":{"@type":"EntryPoint","urlTemplate":"https:\/\/catchart.be\/?s={search_term_string}"},"query-input":{"@type":"PropertyValueSpecification","valueRequired":true,"valueName":"search_term_string"}}],"inLanguage":"nl-NL"},{"@type":"Organization","@id":"https:\/\/catchart.be\/#organization","name":"Catch-Art","url":"https:\/\/catchart.be\/","logo":{"@type":"ImageObject","inLanguage":"nl-NL","@id":"https:\/\/catchart.be\/#\/schema\/logo\/image\/","url":"https:\/\/catchart.be\/app\/uploads\/2023\/04\/logo.png","contentUrl":"https:\/\/catchart.be\/app\/uploads\/2023\/04\/logo.png","width":630,"height":117,"caption":"Catch-Art"},"image":{"@id":"https:\/\/catchart.be\/#\/schema\/logo\/image\/"},"sameAs":["https:\/\/www.facebook.com\/people\/CatchArt\/100063966426816\/"]}]}},"_links":{"self":[{"href":"https:\/\/catchart.be\/nl\/wp-json\/wp\/v2\/product\/6249","targetHints":{"allow":["GET"]}}],"collection":[{"href":"https:\/\/catchart.be\/nl\/wp-json\/wp\/v2\/product"}],"about":[{"href":"https:\/\/catchart.be\/nl\/wp-json\/wp\/v2\/types\/product"}],"wp:featuredmedia":[{"embeddable":true,"href":"https:\/\/catchart.be\/nl\/wp-json\/wp\/v2\/media\/6250"}],"wp:attachment":[{"href":"https:\/\/catchart.be\/nl\/wp-json\/wp\/v2\/media?parent=6249"}],"wp:term":[{"taxonomy":"product_brand","embeddable":true,"href":"https:\/\/catchart.be\/nl\/wp-json\/wp\/v2\/product_brand?post=6249"},{"taxonomy":"product_cat","embeddable":true,"href":"https:\/\/catchart.be\/nl\/wp-json\/wp\/v2\/product_cat?post=6249"},{"taxonomy":"product_tag","embeddable":true,"href":"https:\/\/catchart.be\/nl\/wp-json\/wp\/v2\/product_tag?post=6249"}],"curies":[{"name":"wp","href":"https:\/\/api.w.org\/{rel}","templated":true}]}}