 
{"id":6244,"date":"2025-11-20T12:52:47","date_gmt":"2025-11-20T12:52:47","guid":{"rendered":"https:\/\/catchart.be\/?post_type=product&#038;p=6244"},"modified":"2025-12-18T10:44:59","modified_gmt":"2025-12-18T10:44:59","slug":"iris-de-la-foret-n4","status":"publish","type":"product","link":"https:\/\/catchart.be\/nl\/product\/iris-de-la-foret-n4\/","title":{"rendered":"Iris de la for\u00eat &#8211; N\u00b04"},"content":{"rendered":"<p class=\"p2\">Chaque photographie est \u00e9dit\u00e9e en tirage limit\u00e9 \u00e0 7 exemplaires.<\/p>\n<p>Cliquez sur l\u2019image pour l\u2019agrandir<\/p>\n<p>La finition classique est le Chromalux:<\/p>\n<p class=\"p2\">Le Chromaluxe est une technique d\u2019impression photographique de haute qualit\u00e9 qui offre un rendu visuel exceptionnel et une durabilit\u00e9 remarquable. L\u2019image est directement infus\u00e9e dans une plaque d\u2019aluminium composite d\u20191mm, cr\u00e9ant ainsi une fusion parfaite entre la photo et le support. Ce proc\u00e9d\u00e9, appel\u00e9 sublimation thermique, donne naissance \u00e0 des impressions lumineuses et \u00e9clatantes, tr\u00e8s nettes et r\u00e9sistantes \u00e0 l\u2019eau, aux U.V.La finesse du support r\u00e9duit le poids physique la photo facilitant son transport et sont accrochage.A l\u2019arri\u00e8re se trouve un profil\u00e9 d\u2019accroche carr\u00e9 \u00e9loignant l\u2019oeuvre du mur et permettant de la pr\u00e9senter dans plusieurs positions.<\/p>\n<p class=\"p2\">Nous contacter pour une autre finition : R\u00e9sine ou Tru Life ou Light Box r\u00e9tro\u00e9clair\u00e9<br \/>\nou d\u2019autres dimensions : diam\u00e8tre de 30cm \u00e0 120cm<\/p>\n","protected":false},"excerpt":{"rendered":"<p>Chaque photographie est \u00e9dit\u00e9e en tirage limit\u00e9 \u00e0 7 exemplaires. Cliquez sur l\u2019image pour l\u2019agrandir La finition classique est le Chromalux: Le Chromaluxe est une technique d\u2019impression photographique de haute qualit\u00e9 qui offre un rendu visuel exceptionnel et une durabilit\u00e9 remarquable. L\u2019image est directement infus\u00e9e dans une plaque d\u2019aluminium composite d\u20191mm, cr\u00e9ant ainsi une fusion [&hellip;]<\/p>\n","protected":false},"featured_media":6206,"template":"","meta":[],"product_brand":[],"product_cat":[33],"product_tag":[],"class_list":{"0":"post-6244","1":"product","2":"type-product","3":"status-publish","4":"has-post-thumbnail","6":"product_cat-uncategorized","8":"first","9":"instock","10":"shipping-taxable","11":"purchasable","12":"product-type-simple"},"acf":[],"yoast_head":"<!-- This site is optimized with the Yoast SEO Premium plugin v26.4 (Yoast SEO v26.4) - https:\/\/yoast.com\/wordpress\/plugins\/seo\/ -->\n<title>Iris de la for\u00eat - N\u00b04 - Catch-art<\/title>\n<meta name=\"robots\" content=\"index, follow, max-snippet:-1, max-image-preview:large, max-video-preview:-1\" \/>\n<link rel=\"canonical\" href=\"https:\/\/catchart.be\/product\/iris-de-la-foret-n4\/\" \/>\n<meta property=\"og:locale\" content=\"nl_NL\" \/>\n<meta property=\"og:type\" content=\"article\" \/>\n<meta property=\"og:title\" content=\"Iris de la for\u00eat - N\u00b04\" \/>\n<meta property=\"og:description\" content=\"Chaque photographie est \u00e9dit\u00e9e en tirage limit\u00e9 \u00e0 7 exemplaires. Cliquez sur l\u2019image pour l\u2019agrandir La finition classique est le Chromalux: Le Chromaluxe est une technique d\u2019impression photographique de haute qualit\u00e9 qui offre un rendu visuel exceptionnel et une durabilit\u00e9 remarquable. L\u2019image est directement infus\u00e9e dans une plaque d\u2019aluminium composite d\u20191mm, cr\u00e9ant ainsi une fusion [&hellip;]\" \/>\n<meta property=\"og:url\" content=\"https:\/\/catchart.be\/product\/iris-de-la-foret-n4\/\" \/>\n<meta property=\"og:site_name\" content=\"Catch-art\" \/>\n<meta property=\"article:publisher\" content=\"https:\/\/www.facebook.com\/people\/CatchArt\/100063966426816\/\" \/>\n<meta property=\"article:modified_time\" content=\"2025-12-18T10:44:59+00:00\" \/>\n<meta property=\"og:image\" content=\"https:\/\/catchart.be\/app\/uploads\/2025\/11\/IRIS-DE-LA-FORET-N\u00b04-copie.jpg\" \/>\n\t<meta property=\"og:image:width\" content=\"260\" \/>\n\t<meta property=\"og:image:height\" content=\"260\" \/>\n\t<meta property=\"og:image:type\" content=\"image\/jpeg\" \/>\n<meta name=\"twitter:card\" content=\"summary_large_image\" \/>\n<meta name=\"twitter:label1\" content=\"Est. reading time\" \/>\n\t<meta name=\"twitter:data1\" content=\"1 minute\" \/>\n<script type=\"application\/ld+json\" class=\"yoast-schema-graph\">{\"@context\":\"https:\/\/schema.org\",\"@graph\":[{\"@type\":\"WebPage\",\"@id\":\"https:\/\/catchart.be\/product\/iris-de-la-foret-n4\/\",\"url\":\"https:\/\/catchart.be\/product\/iris-de-la-foret-n4\/\",\"name\":\"Iris de la for\u00eat - N\u00b04 - Catch-art\",\"isPartOf\":{\"@id\":\"https:\/\/catchart.be\/#website\"},\"primaryImageOfPage\":{\"@id\":\"https:\/\/catchart.be\/product\/iris-de-la-foret-n4\/#primaryimage\"},\"image\":{\"@id\":\"https:\/\/catchart.be\/product\/iris-de-la-foret-n4\/#primaryimage\"},\"thumbnailUrl\":\"https:\/\/catchart.be\/app\/uploads\/2025\/11\/IRIS-DE-LA-FORET-N\u00b04-copie.jpg\",\"datePublished\":\"2025-11-20T12:52:47+00:00\",\"dateModified\":\"2025-12-18T10:44:59+00:00\",\"breadcrumb\":{\"@id\":\"https:\/\/catchart.be\/product\/iris-de-la-foret-n4\/#breadcrumb\"},\"inLanguage\":\"nl-NL\",\"potentialAction\":[{\"@type\":\"ReadAction\",\"target\":[\"https:\/\/catchart.be\/product\/iris-de-la-foret-n4\/\"]}]},{\"@type\":\"ImageObject\",\"inLanguage\":\"nl-NL\",\"@id\":\"https:\/\/catchart.be\/product\/iris-de-la-foret-n4\/#primaryimage\",\"url\":\"https:\/\/catchart.be\/app\/uploads\/2025\/11\/IRIS-DE-LA-FORET-N\u00b04-copie.jpg\",\"contentUrl\":\"https:\/\/catchart.be\/app\/uploads\/2025\/11\/IRIS-DE-LA-FORET-N\u00b04-copie.jpg\",\"width\":260,\"height\":260,\"caption\":\"ASCII Kolor stitching | 9 pictures | Size: 16454 x 16454 | Lens: Fisheye | RMS: 2.76 | FOV: NA | Projection: Stereographic | Color: LDR |\"},{\"@type\":\"BreadcrumbList\",\"@id\":\"https:\/\/catchart.be\/product\/iris-de-la-foret-n4\/#breadcrumb\",\"itemListElement\":[{\"@type\":\"ListItem\",\"position\":1,\"name\":\"Home\",\"item\":\"https:\/\/catchart.be\/nl\/\"},{\"@type\":\"ListItem\",\"position\":2,\"name\":\"Produits\",\"item\":\"https:\/\/catchart.be\/shop\/\"},{\"@type\":\"ListItem\",\"position\":3,\"name\":\"Iris de la for\u00eat &#8211; N\u00b04\"}]},{\"@type\":\"WebSite\",\"@id\":\"https:\/\/catchart.be\/#website\",\"url\":\"https:\/\/catchart.be\/\",\"name\":\"Catch-Art\",\"description\":\"Een unieke service om u te helpen uw kunstwerken te kopen\",\"publisher\":{\"@id\":\"https:\/\/catchart.be\/#organization\"},\"potentialAction\":[{\"@type\":\"SearchAction\",\"target\":{\"@type\":\"EntryPoint\",\"urlTemplate\":\"https:\/\/catchart.be\/?s={search_term_string}\"},\"query-input\":{\"@type\":\"PropertyValueSpecification\",\"valueRequired\":true,\"valueName\":\"search_term_string\"}}],\"inLanguage\":\"nl-NL\"},{\"@type\":\"Organization\",\"@id\":\"https:\/\/catchart.be\/#organization\",\"name\":\"Catch-Art\",\"url\":\"https:\/\/catchart.be\/\",\"logo\":{\"@type\":\"ImageObject\",\"inLanguage\":\"nl-NL\",\"@id\":\"https:\/\/catchart.be\/#\/schema\/logo\/image\/\",\"url\":\"https:\/\/catchart.be\/app\/uploads\/2023\/04\/logo.png\",\"contentUrl\":\"https:\/\/catchart.be\/app\/uploads\/2023\/04\/logo.png\",\"width\":630,\"height\":117,\"caption\":\"Catch-Art\"},\"image\":{\"@id\":\"https:\/\/catchart.be\/#\/schema\/logo\/image\/\"},\"sameAs\":[\"https:\/\/www.facebook.com\/people\/CatchArt\/100063966426816\/\"]}]}<\/script>\n<!-- \/ Yoast SEO Premium plugin. -->","yoast_head_json":{"title":"Iris de la for\u00eat - N\u00b04 - Catch-art","robots":{"index":"index","follow":"follow","max-snippet":"max-snippet:-1","max-image-preview":"max-image-preview:large","max-video-preview":"max-video-preview:-1"},"canonical":"https:\/\/catchart.be\/product\/iris-de-la-foret-n4\/","og_locale":"nl_NL","og_type":"article","og_title":"Iris de la for\u00eat - N\u00b04","og_description":"Chaque photographie est \u00e9dit\u00e9e en tirage limit\u00e9 \u00e0 7 exemplaires. Cliquez sur l\u2019image pour l\u2019agrandir La finition classique est le Chromalux: Le Chromaluxe est une technique d\u2019impression photographique de haute qualit\u00e9 qui offre un rendu visuel exceptionnel et une durabilit\u00e9 remarquable. L\u2019image est directement infus\u00e9e dans une plaque d\u2019aluminium composite d\u20191mm, cr\u00e9ant ainsi une fusion [&hellip;]","og_url":"https:\/\/catchart.be\/product\/iris-de-la-foret-n4\/","og_site_name":"Catch-art","article_publisher":"https:\/\/www.facebook.com\/people\/CatchArt\/100063966426816\/","article_modified_time":"2025-12-18T10:44:59+00:00","og_image":[{"width":260,"height":260,"url":"https:\/\/catchart.be\/app\/uploads\/2025\/11\/IRIS-DE-LA-FORET-N\u00b04-copie.jpg","type":"image\/jpeg"}],"twitter_card":"summary_large_image","twitter_misc":{"Est. reading time":"1 minute"},"schema":{"@context":"https:\/\/schema.org","@graph":[{"@type":"WebPage","@id":"https:\/\/catchart.be\/product\/iris-de-la-foret-n4\/","url":"https:\/\/catchart.be\/product\/iris-de-la-foret-n4\/","name":"Iris de la for\u00eat - N\u00b04 - Catch-art","isPartOf":{"@id":"https:\/\/catchart.be\/#website"},"primaryImageOfPage":{"@id":"https:\/\/catchart.be\/product\/iris-de-la-foret-n4\/#primaryimage"},"image":{"@id":"https:\/\/catchart.be\/product\/iris-de-la-foret-n4\/#primaryimage"},"thumbnailUrl":"https:\/\/catchart.be\/app\/uploads\/2025\/11\/IRIS-DE-LA-FORET-N\u00b04-copie.jpg","datePublished":"2025-11-20T12:52:47+00:00","dateModified":"2025-12-18T10:44:59+00:00","breadcrumb":{"@id":"https:\/\/catchart.be\/product\/iris-de-la-foret-n4\/#breadcrumb"},"inLanguage":"nl-NL","potentialAction":[{"@type":"ReadAction","target":["https:\/\/catchart.be\/product\/iris-de-la-foret-n4\/"]}]},{"@type":"ImageObject","inLanguage":"nl-NL","@id":"https:\/\/catchart.be\/product\/iris-de-la-foret-n4\/#primaryimage","url":"https:\/\/catchart.be\/app\/uploads\/2025\/11\/IRIS-DE-LA-FORET-N\u00b04-copie.jpg","contentUrl":"https:\/\/catchart.be\/app\/uploads\/2025\/11\/IRIS-DE-LA-FORET-N\u00b04-copie.jpg","width":260,"height":260,"caption":"ASCII Kolor stitching | 9 pictures | Size: 16454 x 16454 | Lens: Fisheye | RMS: 2.76 | FOV: NA | Projection: Stereographic | Color: LDR |"},{"@type":"BreadcrumbList","@id":"https:\/\/catchart.be\/product\/iris-de-la-foret-n4\/#breadcrumb","itemListElement":[{"@type":"ListItem","position":1,"name":"Home","item":"https:\/\/catchart.be\/nl\/"},{"@type":"ListItem","position":2,"name":"Produits","item":"https:\/\/catchart.be\/shop\/"},{"@type":"ListItem","position":3,"name":"Iris de la for\u00eat &#8211; N\u00b04"}]},{"@type":"WebSite","@id":"https:\/\/catchart.be\/#website","url":"https:\/\/catchart.be\/","name":"Catch-Art","description":"Een unieke service om u te helpen uw kunstwerken te kopen","publisher":{"@id":"https:\/\/catchart.be\/#organization"},"potentialAction":[{"@type":"SearchAction","target":{"@type":"EntryPoint","urlTemplate":"https:\/\/catchart.be\/?s={search_term_string}"},"query-input":{"@type":"PropertyValueSpecification","valueRequired":true,"valueName":"search_term_string"}}],"inLanguage":"nl-NL"},{"@type":"Organization","@id":"https:\/\/catchart.be\/#organization","name":"Catch-Art","url":"https:\/\/catchart.be\/","logo":{"@type":"ImageObject","inLanguage":"nl-NL","@id":"https:\/\/catchart.be\/#\/schema\/logo\/image\/","url":"https:\/\/catchart.be\/app\/uploads\/2023\/04\/logo.png","contentUrl":"https:\/\/catchart.be\/app\/uploads\/2023\/04\/logo.png","width":630,"height":117,"caption":"Catch-Art"},"image":{"@id":"https:\/\/catchart.be\/#\/schema\/logo\/image\/"},"sameAs":["https:\/\/www.facebook.com\/people\/CatchArt\/100063966426816\/"]}]}},"_links":{"self":[{"href":"https:\/\/catchart.be\/nl\/wp-json\/wp\/v2\/product\/6244","targetHints":{"allow":["GET"]}}],"collection":[{"href":"https:\/\/catchart.be\/nl\/wp-json\/wp\/v2\/product"}],"about":[{"href":"https:\/\/catchart.be\/nl\/wp-json\/wp\/v2\/types\/product"}],"wp:featuredmedia":[{"embeddable":true,"href":"https:\/\/catchart.be\/nl\/wp-json\/wp\/v2\/media\/6206"}],"wp:attachment":[{"href":"https:\/\/catchart.be\/nl\/wp-json\/wp\/v2\/media?parent=6244"}],"wp:term":[{"taxonomy":"product_brand","embeddable":true,"href":"https:\/\/catchart.be\/nl\/wp-json\/wp\/v2\/product_brand?post=6244"},{"taxonomy":"product_cat","embeddable":true,"href":"https:\/\/catchart.be\/nl\/wp-json\/wp\/v2\/product_cat?post=6244"},{"taxonomy":"product_tag","embeddable":true,"href":"https:\/\/catchart.be\/nl\/wp-json\/wp\/v2\/product_tag?post=6244"}],"curies":[{"name":"wp","href":"https:\/\/api.w.org\/{rel}","templated":true}]}}