 
{"id":5759,"date":"2025-10-29T22:34:27","date_gmt":"2025-10-29T22:34:27","guid":{"rendered":"https:\/\/catchart.be\/?post_type=product&#038;p=5759"},"modified":"2025-11-02T17:44:53","modified_gmt":"2025-11-02T17:44:53","slug":"la-seconde-eternelle-ii","status":"publish","type":"product","link":"https:\/\/catchart.be\/nl\/product\/la-seconde-eternelle-ii\/","title":{"rendered":"La seconde \u00e9ternelle II"},"content":{"rendered":"<p>Edition limit\u00e9e \u00e0 30 exemplaires \u2013 reproduction sur toile \u2013 vernis \u00e0 la main<br \/>\nEncadrement caisse US compris<\/p>\n<p>Cliquez sur l\u2019image pour l\u2019agrandir<\/p>\n<p>Cette \u00e9dition limit\u00e9e est en format rectangulaire 120\u00d780 cm &#8211; Rapport 2\/3<\/p>\n<p>Contactez nous pour obtenir le prix dans un autre format: de 60\u00d740 cm \u00e0 180\u00d7120 cm<br \/>\nou avec une autre option d\u2019encadrement<br \/>\nemail: yann@catchart.be ou 0486776830<\/p>\n","protected":false},"excerpt":{"rendered":"<p>Edition limit\u00e9e \u00e0 30 exemplaires \u2013 reproduction sur toile \u2013 vernis \u00e0 la main Encadrement caisse US compris Cliquez sur l\u2019image pour l\u2019agrandir Cette \u00e9dition limit\u00e9e est en format rectangulaire 120\u00d780 cm &#8211; Rapport 2\/3 Contactez nous pour obtenir le prix dans un autre format: de 60\u00d740 cm \u00e0 180\u00d7120 cm ou avec une autre [&hellip;]<\/p>\n","protected":false},"featured_media":5805,"template":"","meta":[],"product_brand":[],"product_cat":[33],"product_tag":[],"class_list":{"0":"post-5759","1":"product","2":"type-product","3":"status-publish","4":"has-post-thumbnail","6":"product_cat-uncategorized","8":"first","9":"instock","10":"shipping-taxable","11":"purchasable","12":"product-type-simple"},"acf":[],"yoast_head":"<!-- This site is optimized with the Yoast SEO Premium plugin v26.4 (Yoast SEO v26.4) - https:\/\/yoast.com\/wordpress\/plugins\/seo\/ -->\n<title>La seconde \u00e9ternelle II - Catch-art<\/title>\n<meta name=\"robots\" content=\"index, follow, max-snippet:-1, max-image-preview:large, max-video-preview:-1\" \/>\n<link rel=\"canonical\" href=\"https:\/\/catchart.be\/product\/la-seconde-eternelle-ii\/\" \/>\n<meta property=\"og:locale\" content=\"nl_NL\" \/>\n<meta property=\"og:type\" content=\"article\" \/>\n<meta property=\"og:title\" content=\"La seconde \u00e9ternelle II\" \/>\n<meta property=\"og:description\" content=\"Edition limit\u00e9e \u00e0 30 exemplaires \u2013 reproduction sur toile \u2013 vernis \u00e0 la main Encadrement caisse US compris Cliquez sur l\u2019image pour l\u2019agrandir Cette \u00e9dition limit\u00e9e est en format rectangulaire 120\u00d780 cm &#8211; Rapport 2\/3 Contactez nous pour obtenir le prix dans un autre format: de 60\u00d740 cm \u00e0 180\u00d7120 cm ou avec une autre [&hellip;]\" \/>\n<meta property=\"og:url\" content=\"https:\/\/catchart.be\/product\/la-seconde-eternelle-ii\/\" \/>\n<meta property=\"og:site_name\" content=\"Catch-art\" \/>\n<meta property=\"article:publisher\" content=\"https:\/\/www.facebook.com\/people\/CatchArt\/100063966426816\/\" \/>\n<meta property=\"article:modified_time\" content=\"2025-11-02T17:44:53+00:00\" \/>\n<meta property=\"og:image\" content=\"https:\/\/catchart.be\/app\/uploads\/2025\/10\/2024-12-La-Seconde-Eternelle-II-COMMANDE-SING-1500.jpg\" \/>\n\t<meta property=\"og:image:width\" content=\"2266\" \/>\n\t<meta property=\"og:image:height\" content=\"1500\" \/>\n\t<meta property=\"og:image:type\" content=\"image\/jpeg\" \/>\n<meta name=\"twitter:card\" content=\"summary_large_image\" \/>\n<meta name=\"twitter:label1\" content=\"Est. reading time\" \/>\n\t<meta name=\"twitter:data1\" content=\"1 minute\" \/>\n<script type=\"application\/ld+json\" class=\"yoast-schema-graph\">{\"@context\":\"https:\/\/schema.org\",\"@graph\":[{\"@type\":\"WebPage\",\"@id\":\"https:\/\/catchart.be\/product\/la-seconde-eternelle-ii\/\",\"url\":\"https:\/\/catchart.be\/product\/la-seconde-eternelle-ii\/\",\"name\":\"La seconde \u00e9ternelle II - Catch-art\",\"isPartOf\":{\"@id\":\"https:\/\/catchart.be\/#website\"},\"primaryImageOfPage\":{\"@id\":\"https:\/\/catchart.be\/product\/la-seconde-eternelle-ii\/#primaryimage\"},\"image\":{\"@id\":\"https:\/\/catchart.be\/product\/la-seconde-eternelle-ii\/#primaryimage\"},\"thumbnailUrl\":\"https:\/\/catchart.be\/app\/uploads\/2025\/10\/2024-12-La-Seconde-Eternelle-II-COMMANDE-SING-1500.jpg\",\"datePublished\":\"2025-10-29T22:34:27+00:00\",\"dateModified\":\"2025-11-02T17:44:53+00:00\",\"breadcrumb\":{\"@id\":\"https:\/\/catchart.be\/product\/la-seconde-eternelle-ii\/#breadcrumb\"},\"inLanguage\":\"nl-NL\",\"potentialAction\":[{\"@type\":\"ReadAction\",\"target\":[\"https:\/\/catchart.be\/product\/la-seconde-eternelle-ii\/\"]}]},{\"@type\":\"ImageObject\",\"inLanguage\":\"nl-NL\",\"@id\":\"https:\/\/catchart.be\/product\/la-seconde-eternelle-ii\/#primaryimage\",\"url\":\"https:\/\/catchart.be\/app\/uploads\/2025\/10\/2024-12-La-Seconde-Eternelle-II-COMMANDE-SING-1500.jpg\",\"contentUrl\":\"https:\/\/catchart.be\/app\/uploads\/2025\/10\/2024-12-La-Seconde-Eternelle-II-COMMANDE-SING-1500.jpg\",\"width\":2266,\"height\":1500},{\"@type\":\"BreadcrumbList\",\"@id\":\"https:\/\/catchart.be\/product\/la-seconde-eternelle-ii\/#breadcrumb\",\"itemListElement\":[{\"@type\":\"ListItem\",\"position\":1,\"name\":\"Home\",\"item\":\"https:\/\/catchart.be\/nl\/\"},{\"@type\":\"ListItem\",\"position\":2,\"name\":\"Produits\",\"item\":\"https:\/\/catchart.be\/shop\/\"},{\"@type\":\"ListItem\",\"position\":3,\"name\":\"La seconde \u00e9ternelle II\"}]},{\"@type\":\"WebSite\",\"@id\":\"https:\/\/catchart.be\/#website\",\"url\":\"https:\/\/catchart.be\/\",\"name\":\"Catch-Art\",\"description\":\"Een unieke service om u te helpen uw kunstwerken te kopen\",\"publisher\":{\"@id\":\"https:\/\/catchart.be\/#organization\"},\"potentialAction\":[{\"@type\":\"SearchAction\",\"target\":{\"@type\":\"EntryPoint\",\"urlTemplate\":\"https:\/\/catchart.be\/?s={search_term_string}\"},\"query-input\":{\"@type\":\"PropertyValueSpecification\",\"valueRequired\":true,\"valueName\":\"search_term_string\"}}],\"inLanguage\":\"nl-NL\"},{\"@type\":\"Organization\",\"@id\":\"https:\/\/catchart.be\/#organization\",\"name\":\"Catch-Art\",\"url\":\"https:\/\/catchart.be\/\",\"logo\":{\"@type\":\"ImageObject\",\"inLanguage\":\"nl-NL\",\"@id\":\"https:\/\/catchart.be\/#\/schema\/logo\/image\/\",\"url\":\"https:\/\/catchart.be\/app\/uploads\/2023\/04\/logo.png\",\"contentUrl\":\"https:\/\/catchart.be\/app\/uploads\/2023\/04\/logo.png\",\"width\":630,\"height\":117,\"caption\":\"Catch-Art\"},\"image\":{\"@id\":\"https:\/\/catchart.be\/#\/schema\/logo\/image\/\"},\"sameAs\":[\"https:\/\/www.facebook.com\/people\/CatchArt\/100063966426816\/\"]}]}<\/script>\n<!-- \/ Yoast SEO Premium plugin. -->","yoast_head_json":{"title":"La seconde \u00e9ternelle II - Catch-art","robots":{"index":"index","follow":"follow","max-snippet":"max-snippet:-1","max-image-preview":"max-image-preview:large","max-video-preview":"max-video-preview:-1"},"canonical":"https:\/\/catchart.be\/product\/la-seconde-eternelle-ii\/","og_locale":"nl_NL","og_type":"article","og_title":"La seconde \u00e9ternelle II","og_description":"Edition limit\u00e9e \u00e0 30 exemplaires \u2013 reproduction sur toile \u2013 vernis \u00e0 la main Encadrement caisse US compris Cliquez sur l\u2019image pour l\u2019agrandir Cette \u00e9dition limit\u00e9e est en format rectangulaire 120\u00d780 cm &#8211; Rapport 2\/3 Contactez nous pour obtenir le prix dans un autre format: de 60\u00d740 cm \u00e0 180\u00d7120 cm ou avec une autre [&hellip;]","og_url":"https:\/\/catchart.be\/product\/la-seconde-eternelle-ii\/","og_site_name":"Catch-art","article_publisher":"https:\/\/www.facebook.com\/people\/CatchArt\/100063966426816\/","article_modified_time":"2025-11-02T17:44:53+00:00","og_image":[{"width":2266,"height":1500,"url":"https:\/\/catchart.be\/app\/uploads\/2025\/10\/2024-12-La-Seconde-Eternelle-II-COMMANDE-SING-1500.jpg","type":"image\/jpeg"}],"twitter_card":"summary_large_image","twitter_misc":{"Est. reading time":"1 minute"},"schema":{"@context":"https:\/\/schema.org","@graph":[{"@type":"WebPage","@id":"https:\/\/catchart.be\/product\/la-seconde-eternelle-ii\/","url":"https:\/\/catchart.be\/product\/la-seconde-eternelle-ii\/","name":"La seconde \u00e9ternelle II - Catch-art","isPartOf":{"@id":"https:\/\/catchart.be\/#website"},"primaryImageOfPage":{"@id":"https:\/\/catchart.be\/product\/la-seconde-eternelle-ii\/#primaryimage"},"image":{"@id":"https:\/\/catchart.be\/product\/la-seconde-eternelle-ii\/#primaryimage"},"thumbnailUrl":"https:\/\/catchart.be\/app\/uploads\/2025\/10\/2024-12-La-Seconde-Eternelle-II-COMMANDE-SING-1500.jpg","datePublished":"2025-10-29T22:34:27+00:00","dateModified":"2025-11-02T17:44:53+00:00","breadcrumb":{"@id":"https:\/\/catchart.be\/product\/la-seconde-eternelle-ii\/#breadcrumb"},"inLanguage":"nl-NL","potentialAction":[{"@type":"ReadAction","target":["https:\/\/catchart.be\/product\/la-seconde-eternelle-ii\/"]}]},{"@type":"ImageObject","inLanguage":"nl-NL","@id":"https:\/\/catchart.be\/product\/la-seconde-eternelle-ii\/#primaryimage","url":"https:\/\/catchart.be\/app\/uploads\/2025\/10\/2024-12-La-Seconde-Eternelle-II-COMMANDE-SING-1500.jpg","contentUrl":"https:\/\/catchart.be\/app\/uploads\/2025\/10\/2024-12-La-Seconde-Eternelle-II-COMMANDE-SING-1500.jpg","width":2266,"height":1500},{"@type":"BreadcrumbList","@id":"https:\/\/catchart.be\/product\/la-seconde-eternelle-ii\/#breadcrumb","itemListElement":[{"@type":"ListItem","position":1,"name":"Home","item":"https:\/\/catchart.be\/nl\/"},{"@type":"ListItem","position":2,"name":"Produits","item":"https:\/\/catchart.be\/shop\/"},{"@type":"ListItem","position":3,"name":"La seconde \u00e9ternelle II"}]},{"@type":"WebSite","@id":"https:\/\/catchart.be\/#website","url":"https:\/\/catchart.be\/","name":"Catch-Art","description":"Een unieke service om u te helpen uw kunstwerken te kopen","publisher":{"@id":"https:\/\/catchart.be\/#organization"},"potentialAction":[{"@type":"SearchAction","target":{"@type":"EntryPoint","urlTemplate":"https:\/\/catchart.be\/?s={search_term_string}"},"query-input":{"@type":"PropertyValueSpecification","valueRequired":true,"valueName":"search_term_string"}}],"inLanguage":"nl-NL"},{"@type":"Organization","@id":"https:\/\/catchart.be\/#organization","name":"Catch-Art","url":"https:\/\/catchart.be\/","logo":{"@type":"ImageObject","inLanguage":"nl-NL","@id":"https:\/\/catchart.be\/#\/schema\/logo\/image\/","url":"https:\/\/catchart.be\/app\/uploads\/2023\/04\/logo.png","contentUrl":"https:\/\/catchart.be\/app\/uploads\/2023\/04\/logo.png","width":630,"height":117,"caption":"Catch-Art"},"image":{"@id":"https:\/\/catchart.be\/#\/schema\/logo\/image\/"},"sameAs":["https:\/\/www.facebook.com\/people\/CatchArt\/100063966426816\/"]}]}},"_links":{"self":[{"href":"https:\/\/catchart.be\/nl\/wp-json\/wp\/v2\/product\/5759","targetHints":{"allow":["GET"]}}],"collection":[{"href":"https:\/\/catchart.be\/nl\/wp-json\/wp\/v2\/product"}],"about":[{"href":"https:\/\/catchart.be\/nl\/wp-json\/wp\/v2\/types\/product"}],"wp:featuredmedia":[{"embeddable":true,"href":"https:\/\/catchart.be\/nl\/wp-json\/wp\/v2\/media\/5805"}],"wp:attachment":[{"href":"https:\/\/catchart.be\/nl\/wp-json\/wp\/v2\/media?parent=5759"}],"wp:term":[{"taxonomy":"product_brand","embeddable":true,"href":"https:\/\/catchart.be\/nl\/wp-json\/wp\/v2\/product_brand?post=5759"},{"taxonomy":"product_cat","embeddable":true,"href":"https:\/\/catchart.be\/nl\/wp-json\/wp\/v2\/product_cat?post=5759"},{"taxonomy":"product_tag","embeddable":true,"href":"https:\/\/catchart.be\/nl\/wp-json\/wp\/v2\/product_tag?post=5759"}],"curies":[{"name":"wp","href":"https:\/\/api.w.org\/{rel}","templated":true}]}}