 
{"id":3470,"date":"2023-10-22T07:48:55","date_gmt":"2023-10-22T07:48:55","guid":{"rendered":"https:\/\/catchart.be\/?post_type=product&#038;p=3470"},"modified":"2023-11-25T13:56:25","modified_gmt":"2023-11-25T13:56:25","slug":"harmony-triptyque","status":"publish","type":"product","link":"https:\/\/catchart.be\/nl\/product\/harmony-triptyque\/","title":{"rendered":"Harmony &#8211; triptyque"},"content":{"rendered":"<p><strong>Harmony<br \/>\n<em>Personnages solitaires, harmonie des couleurs, profitez d\u2019un moment de relaxation\u2026\u2028et de r\u00e9flexion<\/em><\/strong><\/p>\n<p>Cliquez sur la photo pour l&#8217;agrandir <\/p>\n<p>Les photos sont imprim\u00e9es sur un papier de qualit\u00e9 Hahnemu\u0308hle Photo Rag\u00aeUltra Smooth 305gr \u2013 tirage encres pigmentaires UltraChrome Pro \u2013 et plac\u00e9es sous vitre dans un cadre m\u00e9tallique (noir ou blanc) avec gravure m\u00e9canique du texte sur le passe-partout. Chaque photo est num\u00e9rot\u00e9e, sign\u00e9e et certifi\u00e9e \u0153uvre originale par un cachet.<\/p>\n<p>Tirage L: triptyque : 214,5 x 46,5 cm \u2013 Cadres individuels : 46,5 x 63,5 cm &#8211; Intercadre conseill\u00e9 : 12 cm<\/p>\n<p>Contactez-nous pour conna\u00eetre les autres dimensions des tirages XL, M ou S<\/p>\n<p><strong>Les Stories Boards<\/strong><\/p>\n<p>Mon exp\u00e9rience en publicit\u00e9 me permet de construire mes photographies comme des annonces publicitaires en les accompagnant de mots qui aident \u00e0 d\u00e9coder l\u2019image ou apportent un d\u00e9calage afin de susciter une \u00e9motion. Un petit jeu s\u2019installe entre la photo et les mots.<br \/>\nParfois, tout est dans le d\u00e9tail, de sorte qu\u2019il faille dans certains cas regarder l\u2019image \u00e0 plusieurs reprises pour en d\u00e9couvrir la subtilit\u00e9. Mais apr\u00e8s, on ne voit plus que \u00e7a ! Comme cet exercice demande un petit effort de compr\u00e9hension, une fois qu\u2019on a \u2018trouv\u00e9 le truc\u2019 et appr\u00e9ci\u00e9 son fonctionnement, il peut \u00eatre frustrant de s\u2019arr\u00eater \u00e0 une seule photo. Alors, nous avons regroup\u00e9 les photos en compositions \u00e0 plusieurs images (3) qui s\u2019harmonisent entre elles. \u00bb<\/p>\n","protected":false},"excerpt":{"rendered":"<p>Harmony Personnages solitaires, harmonie des couleurs, profitez d\u2019un moment de relaxation\u2026\u2028et de r\u00e9flexion Cliquez sur la photo pour l&#8217;agrandir Les photos sont imprim\u00e9es sur un papier de qualit\u00e9 Hahnemu\u0308hle Photo Rag\u00aeUltra Smooth 305gr \u2013 tirage encres pigmentaires UltraChrome Pro \u2013 et plac\u00e9es sous vitre dans un cadre m\u00e9tallique (noir ou blanc) avec gravure m\u00e9canique du [&hellip;]<\/p>\n","protected":false},"featured_media":3766,"template":"","meta":[],"product_brand":[],"product_cat":[33],"product_tag":[],"class_list":{"0":"post-3470","1":"product","2":"type-product","3":"status-publish","4":"has-post-thumbnail","6":"product_cat-uncategorized","8":"first","9":"instock","10":"shipping-taxable","11":"purchasable","12":"product-type-simple"},"acf":[],"yoast_head":"<!-- This site is optimized with the Yoast SEO Premium plugin v26.4 (Yoast SEO v26.4) - https:\/\/yoast.com\/wordpress\/plugins\/seo\/ -->\n<title>Harmony - triptyque - Catch-art<\/title>\n<meta name=\"robots\" content=\"index, follow, max-snippet:-1, max-image-preview:large, max-video-preview:-1\" \/>\n<link rel=\"canonical\" href=\"https:\/\/catchart.be\/product\/harmony-triptyque\/\" \/>\n<meta property=\"og:locale\" content=\"nl_NL\" \/>\n<meta property=\"og:type\" content=\"article\" \/>\n<meta property=\"og:title\" content=\"Harmony - triptyque\" \/>\n<meta property=\"og:description\" content=\"Harmony Personnages solitaires, harmonie des couleurs, profitez d\u2019un moment de relaxation\u2026\u2028et de r\u00e9flexion Cliquez sur la photo pour l&#8217;agrandir Les photos sont imprim\u00e9es sur un papier de qualit\u00e9 Hahnemu\u0308hle Photo Rag\u00aeUltra Smooth 305gr \u2013 tirage encres pigmentaires UltraChrome Pro \u2013 et plac\u00e9es sous vitre dans un cadre m\u00e9tallique (noir ou blanc) avec gravure m\u00e9canique du [&hellip;]\" \/>\n<meta property=\"og:url\" content=\"https:\/\/catchart.be\/product\/harmony-triptyque\/\" \/>\n<meta property=\"og:site_name\" content=\"Catch-art\" \/>\n<meta property=\"article:publisher\" content=\"https:\/\/www.facebook.com\/people\/CatchArt\/100063966426816\/\" \/>\n<meta property=\"article:modified_time\" content=\"2023-11-25T13:56:25+00:00\" \/>\n<meta property=\"og:image\" content=\"https:\/\/catchart.be\/app\/uploads\/2023\/10\/IMG_1860.jpg\" \/>\n\t<meta property=\"og:image:width\" content=\"1500\" \/>\n\t<meta property=\"og:image:height\" content=\"1500\" \/>\n\t<meta property=\"og:image:type\" content=\"image\/jpeg\" \/>\n<meta name=\"twitter:card\" content=\"summary_large_image\" \/>\n<meta name=\"twitter:label1\" content=\"Est. reading time\" \/>\n\t<meta name=\"twitter:data1\" content=\"2 minutes\" \/>\n<script type=\"application\/ld+json\" class=\"yoast-schema-graph\">{\"@context\":\"https:\/\/schema.org\",\"@graph\":[{\"@type\":\"WebPage\",\"@id\":\"https:\/\/catchart.be\/product\/harmony-triptyque\/\",\"url\":\"https:\/\/catchart.be\/product\/harmony-triptyque\/\",\"name\":\"Harmony - triptyque - Catch-art\",\"isPartOf\":{\"@id\":\"https:\/\/catchart.be\/#website\"},\"primaryImageOfPage\":{\"@id\":\"https:\/\/catchart.be\/product\/harmony-triptyque\/#primaryimage\"},\"image\":{\"@id\":\"https:\/\/catchart.be\/product\/harmony-triptyque\/#primaryimage\"},\"thumbnailUrl\":\"https:\/\/catchart.be\/app\/uploads\/2023\/10\/IMG_1860.jpg\",\"datePublished\":\"2023-10-22T07:48:55+00:00\",\"dateModified\":\"2023-11-25T13:56:25+00:00\",\"breadcrumb\":{\"@id\":\"https:\/\/catchart.be\/product\/harmony-triptyque\/#breadcrumb\"},\"inLanguage\":\"nl-NL\",\"potentialAction\":[{\"@type\":\"ReadAction\",\"target\":[\"https:\/\/catchart.be\/product\/harmony-triptyque\/\"]}]},{\"@type\":\"ImageObject\",\"inLanguage\":\"nl-NL\",\"@id\":\"https:\/\/catchart.be\/product\/harmony-triptyque\/#primaryimage\",\"url\":\"https:\/\/catchart.be\/app\/uploads\/2023\/10\/IMG_1860.jpg\",\"contentUrl\":\"https:\/\/catchart.be\/app\/uploads\/2023\/10\/IMG_1860.jpg\",\"width\":1500,\"height\":1500},{\"@type\":\"BreadcrumbList\",\"@id\":\"https:\/\/catchart.be\/product\/harmony-triptyque\/#breadcrumb\",\"itemListElement\":[{\"@type\":\"ListItem\",\"position\":1,\"name\":\"Home\",\"item\":\"https:\/\/catchart.be\/nl\/\"},{\"@type\":\"ListItem\",\"position\":2,\"name\":\"Produits\",\"item\":\"https:\/\/catchart.be\/shop\/\"},{\"@type\":\"ListItem\",\"position\":3,\"name\":\"Harmony &#8211; triptyque\"}]},{\"@type\":\"WebSite\",\"@id\":\"https:\/\/catchart.be\/#website\",\"url\":\"https:\/\/catchart.be\/\",\"name\":\"Catch-Art\",\"description\":\"Een unieke service om u te helpen uw kunstwerken te kopen\",\"publisher\":{\"@id\":\"https:\/\/catchart.be\/#organization\"},\"potentialAction\":[{\"@type\":\"SearchAction\",\"target\":{\"@type\":\"EntryPoint\",\"urlTemplate\":\"https:\/\/catchart.be\/?s={search_term_string}\"},\"query-input\":{\"@type\":\"PropertyValueSpecification\",\"valueRequired\":true,\"valueName\":\"search_term_string\"}}],\"inLanguage\":\"nl-NL\"},{\"@type\":\"Organization\",\"@id\":\"https:\/\/catchart.be\/#organization\",\"name\":\"Catch-Art\",\"url\":\"https:\/\/catchart.be\/\",\"logo\":{\"@type\":\"ImageObject\",\"inLanguage\":\"nl-NL\",\"@id\":\"https:\/\/catchart.be\/#\/schema\/logo\/image\/\",\"url\":\"https:\/\/catchart.be\/app\/uploads\/2023\/04\/logo.png\",\"contentUrl\":\"https:\/\/catchart.be\/app\/uploads\/2023\/04\/logo.png\",\"width\":630,\"height\":117,\"caption\":\"Catch-Art\"},\"image\":{\"@id\":\"https:\/\/catchart.be\/#\/schema\/logo\/image\/\"},\"sameAs\":[\"https:\/\/www.facebook.com\/people\/CatchArt\/100063966426816\/\"]}]}<\/script>\n<!-- \/ Yoast SEO Premium plugin. -->","yoast_head_json":{"title":"Harmony - triptyque - Catch-art","robots":{"index":"index","follow":"follow","max-snippet":"max-snippet:-1","max-image-preview":"max-image-preview:large","max-video-preview":"max-video-preview:-1"},"canonical":"https:\/\/catchart.be\/product\/harmony-triptyque\/","og_locale":"nl_NL","og_type":"article","og_title":"Harmony - triptyque","og_description":"Harmony Personnages solitaires, harmonie des couleurs, profitez d\u2019un moment de relaxation\u2026\u2028et de r\u00e9flexion Cliquez sur la photo pour l&#8217;agrandir Les photos sont imprim\u00e9es sur un papier de qualit\u00e9 Hahnemu\u0308hle Photo Rag\u00aeUltra Smooth 305gr \u2013 tirage encres pigmentaires UltraChrome Pro \u2013 et plac\u00e9es sous vitre dans un cadre m\u00e9tallique (noir ou blanc) avec gravure m\u00e9canique du [&hellip;]","og_url":"https:\/\/catchart.be\/product\/harmony-triptyque\/","og_site_name":"Catch-art","article_publisher":"https:\/\/www.facebook.com\/people\/CatchArt\/100063966426816\/","article_modified_time":"2023-11-25T13:56:25+00:00","og_image":[{"width":1500,"height":1500,"url":"https:\/\/catchart.be\/app\/uploads\/2023\/10\/IMG_1860.jpg","type":"image\/jpeg"}],"twitter_card":"summary_large_image","twitter_misc":{"Est. reading time":"2 minutes"},"schema":{"@context":"https:\/\/schema.org","@graph":[{"@type":"WebPage","@id":"https:\/\/catchart.be\/product\/harmony-triptyque\/","url":"https:\/\/catchart.be\/product\/harmony-triptyque\/","name":"Harmony - triptyque - Catch-art","isPartOf":{"@id":"https:\/\/catchart.be\/#website"},"primaryImageOfPage":{"@id":"https:\/\/catchart.be\/product\/harmony-triptyque\/#primaryimage"},"image":{"@id":"https:\/\/catchart.be\/product\/harmony-triptyque\/#primaryimage"},"thumbnailUrl":"https:\/\/catchart.be\/app\/uploads\/2023\/10\/IMG_1860.jpg","datePublished":"2023-10-22T07:48:55+00:00","dateModified":"2023-11-25T13:56:25+00:00","breadcrumb":{"@id":"https:\/\/catchart.be\/product\/harmony-triptyque\/#breadcrumb"},"inLanguage":"nl-NL","potentialAction":[{"@type":"ReadAction","target":["https:\/\/catchart.be\/product\/harmony-triptyque\/"]}]},{"@type":"ImageObject","inLanguage":"nl-NL","@id":"https:\/\/catchart.be\/product\/harmony-triptyque\/#primaryimage","url":"https:\/\/catchart.be\/app\/uploads\/2023\/10\/IMG_1860.jpg","contentUrl":"https:\/\/catchart.be\/app\/uploads\/2023\/10\/IMG_1860.jpg","width":1500,"height":1500},{"@type":"BreadcrumbList","@id":"https:\/\/catchart.be\/product\/harmony-triptyque\/#breadcrumb","itemListElement":[{"@type":"ListItem","position":1,"name":"Home","item":"https:\/\/catchart.be\/nl\/"},{"@type":"ListItem","position":2,"name":"Produits","item":"https:\/\/catchart.be\/shop\/"},{"@type":"ListItem","position":3,"name":"Harmony &#8211; triptyque"}]},{"@type":"WebSite","@id":"https:\/\/catchart.be\/#website","url":"https:\/\/catchart.be\/","name":"Catch-Art","description":"Een unieke service om u te helpen uw kunstwerken te kopen","publisher":{"@id":"https:\/\/catchart.be\/#organization"},"potentialAction":[{"@type":"SearchAction","target":{"@type":"EntryPoint","urlTemplate":"https:\/\/catchart.be\/?s={search_term_string}"},"query-input":{"@type":"PropertyValueSpecification","valueRequired":true,"valueName":"search_term_string"}}],"inLanguage":"nl-NL"},{"@type":"Organization","@id":"https:\/\/catchart.be\/#organization","name":"Catch-Art","url":"https:\/\/catchart.be\/","logo":{"@type":"ImageObject","inLanguage":"nl-NL","@id":"https:\/\/catchart.be\/#\/schema\/logo\/image\/","url":"https:\/\/catchart.be\/app\/uploads\/2023\/04\/logo.png","contentUrl":"https:\/\/catchart.be\/app\/uploads\/2023\/04\/logo.png","width":630,"height":117,"caption":"Catch-Art"},"image":{"@id":"https:\/\/catchart.be\/#\/schema\/logo\/image\/"},"sameAs":["https:\/\/www.facebook.com\/people\/CatchArt\/100063966426816\/"]}]}},"_links":{"self":[{"href":"https:\/\/catchart.be\/nl\/wp-json\/wp\/v2\/product\/3470","targetHints":{"allow":["GET"]}}],"collection":[{"href":"https:\/\/catchart.be\/nl\/wp-json\/wp\/v2\/product"}],"about":[{"href":"https:\/\/catchart.be\/nl\/wp-json\/wp\/v2\/types\/product"}],"wp:featuredmedia":[{"embeddable":true,"href":"https:\/\/catchart.be\/nl\/wp-json\/wp\/v2\/media\/3766"}],"wp:attachment":[{"href":"https:\/\/catchart.be\/nl\/wp-json\/wp\/v2\/media?parent=3470"}],"wp:term":[{"taxonomy":"product_brand","embeddable":true,"href":"https:\/\/catchart.be\/nl\/wp-json\/wp\/v2\/product_brand?post=3470"},{"taxonomy":"product_cat","embeddable":true,"href":"https:\/\/catchart.be\/nl\/wp-json\/wp\/v2\/product_cat?post=3470"},{"taxonomy":"product_tag","embeddable":true,"href":"https:\/\/catchart.be\/nl\/wp-json\/wp\/v2\/product_tag?post=3470"}],"curies":[{"name":"wp","href":"https:\/\/api.w.org\/{rel}","templated":true}]}}