 
{"id":3272,"date":"2023-09-26T15:38:56","date_gmt":"2023-09-26T15:38:56","guid":{"rendered":"https:\/\/catchart.be\/?post_type=product&#038;p=3272"},"modified":"2023-09-28T14:01:54","modified_gmt":"2023-09-28T14:01:54","slug":"loiseau-et-la-femme","status":"publish","type":"product","link":"https:\/\/catchart.be\/nl\/product\/loiseau-et-la-femme\/","title":{"rendered":"&#8220;L&#8217;oiseau et la femme&#8221;"},"content":{"rendered":"<p>Mes collages ne recouvrent pas toute la toile, mais plut\u00f4t l&#8217;utilisent de mani\u00e8re subtile pour mettre en valeur mes personnages exceptionnels.<br \/>\nLe fond blanc devient le cadre de mes explorations artistiques, offrant un contraste saisissant avec mes personnages fascinants.<br \/>\nMon style signature se caract\u00e9rise par une grande signature noire qui traverse verticalement la mati\u00e8re en plexiglas.<br \/>\nCette signature va bien au-del\u00e0 d&#8217;une simple identification ; elle fait partie int\u00e9grante de l&#8217;\u0153uvre, un \u00e9l\u00e9ment visuel qui renforce la singularit\u00e9 de mes cr\u00e9ations.<br \/>\nLe choix du plexiglas comme mat\u00e9riau de support est essentiel pour mon processus cr\u00e9atif.<br \/>\nLe plexiglas ajoute une dimension suppl\u00e9mentaire \u00e0 mes \u0153uvres en cr\u00e9ant une transparence et une luminosit\u00e9 qui amplifient la sensation de profondeur et de l\u00e9g\u00e8ret\u00e9.<\/p>\n<p>Cette s\u00e9rie \u00ab grands formats \u00bb est une exclusivit\u00e9 Catch-Art, en \u00e9dition limit\u00e9e \u00e0 10 exemplaires.<\/p>\n","protected":false},"excerpt":{"rendered":"<p>Mes collages ne recouvrent pas toute la toile, mais plut\u00f4t l&#8217;utilisent de mani\u00e8re subtile pour mettre en valeur mes personnages exceptionnels. Le fond blanc devient le cadre de mes explorations artistiques, offrant un contraste saisissant avec mes personnages fascinants. Mon style signature se caract\u00e9rise par une grande signature noire qui traverse verticalement la mati\u00e8re en [&hellip;]<\/p>\n","protected":false},"featured_media":3244,"template":"","meta":[],"product_brand":[],"product_cat":[33],"product_tag":[],"class_list":{"0":"post-3272","1":"product","2":"type-product","3":"status-publish","4":"has-post-thumbnail","6":"product_cat-uncategorized","8":"first","9":"instock","10":"shipping-taxable","11":"purchasable","12":"product-type-simple"},"acf":[],"yoast_head":"<!-- This site is optimized with the Yoast SEO Premium plugin v26.4 (Yoast SEO v26.4) - https:\/\/yoast.com\/wordpress\/plugins\/seo\/ -->\n<title>&quot;L&#039;oiseau et la femme&quot; - Catch-art<\/title>\n<meta name=\"robots\" content=\"index, follow, max-snippet:-1, max-image-preview:large, max-video-preview:-1\" \/>\n<link rel=\"canonical\" href=\"https:\/\/catchart.be\/nl\/product\/loiseau-et-la-femme\/\" \/>\n<meta property=\"og:locale\" content=\"nl_NL\" \/>\n<meta property=\"og:type\" content=\"article\" \/>\n<meta property=\"og:title\" content=\"&quot;L&#039;oiseau et la femme&quot;\" \/>\n<meta property=\"og:description\" content=\"Mes collages ne recouvrent pas toute la toile, mais plut\u00f4t l&#8217;utilisent de mani\u00e8re subtile pour mettre en valeur mes personnages exceptionnels. Le fond blanc devient le cadre de mes explorations artistiques, offrant un contraste saisissant avec mes personnages fascinants. Mon style signature se caract\u00e9rise par une grande signature noire qui traverse verticalement la mati\u00e8re en [&hellip;]\" \/>\n<meta property=\"og:url\" content=\"https:\/\/catchart.be\/nl\/product\/loiseau-et-la-femme\/\" \/>\n<meta property=\"og:site_name\" content=\"Catch-art\" \/>\n<meta property=\"article:publisher\" content=\"https:\/\/www.facebook.com\/people\/CatchArt\/100063966426816\/\" \/>\n<meta property=\"article:modified_time\" content=\"2023-09-28T14:01:54+00:00\" \/>\n<meta property=\"og:image\" content=\"https:\/\/catchart.be\/app\/uploads\/2023\/09\/Nichoir-3.jpg\" \/>\n\t<meta property=\"og:image:width\" content=\"1049\" \/>\n\t<meta property=\"og:image:height\" content=\"1500\" \/>\n\t<meta property=\"og:image:type\" content=\"image\/jpeg\" \/>\n<meta name=\"twitter:card\" content=\"summary_large_image\" \/>\n<meta name=\"twitter:label1\" content=\"Est. reading time\" \/>\n\t<meta name=\"twitter:data1\" content=\"1 minute\" \/>\n<script type=\"application\/ld+json\" class=\"yoast-schema-graph\">{\"@context\":\"https:\/\/schema.org\",\"@graph\":[{\"@type\":\"WebPage\",\"@id\":\"https:\/\/catchart.be\/nl\/product\/loiseau-et-la-femme\/\",\"url\":\"https:\/\/catchart.be\/nl\/product\/loiseau-et-la-femme\/\",\"name\":\"\\\"L'oiseau et la femme\\\" - Catch-art\",\"isPartOf\":{\"@id\":\"https:\/\/catchart.be\/#website\"},\"primaryImageOfPage\":{\"@id\":\"https:\/\/catchart.be\/nl\/product\/loiseau-et-la-femme\/#primaryimage\"},\"image\":{\"@id\":\"https:\/\/catchart.be\/nl\/product\/loiseau-et-la-femme\/#primaryimage\"},\"thumbnailUrl\":\"https:\/\/catchart.be\/app\/uploads\/2023\/09\/Nichoir-3.jpg\",\"datePublished\":\"2023-09-26T15:38:56+00:00\",\"dateModified\":\"2023-09-28T14:01:54+00:00\",\"breadcrumb\":{\"@id\":\"https:\/\/catchart.be\/nl\/product\/loiseau-et-la-femme\/#breadcrumb\"},\"inLanguage\":\"nl-NL\",\"potentialAction\":[{\"@type\":\"ReadAction\",\"target\":[\"https:\/\/catchart.be\/nl\/product\/loiseau-et-la-femme\/\"]}]},{\"@type\":\"ImageObject\",\"inLanguage\":\"nl-NL\",\"@id\":\"https:\/\/catchart.be\/nl\/product\/loiseau-et-la-femme\/#primaryimage\",\"url\":\"https:\/\/catchart.be\/app\/uploads\/2023\/09\/Nichoir-3.jpg\",\"contentUrl\":\"https:\/\/catchart.be\/app\/uploads\/2023\/09\/Nichoir-3.jpg\",\"width\":1049,\"height\":1500},{\"@type\":\"BreadcrumbList\",\"@id\":\"https:\/\/catchart.be\/nl\/product\/loiseau-et-la-femme\/#breadcrumb\",\"itemListElement\":[{\"@type\":\"ListItem\",\"position\":1,\"name\":\"Home\",\"item\":\"https:\/\/catchart.be\/nl\/\"},{\"@type\":\"ListItem\",\"position\":2,\"name\":\"Produits\",\"item\":\"https:\/\/catchart.be\/shop\/\"},{\"@type\":\"ListItem\",\"position\":3,\"name\":\"&#8220;L&#8217;oiseau et la femme&#8221;\"}]},{\"@type\":\"WebSite\",\"@id\":\"https:\/\/catchart.be\/#website\",\"url\":\"https:\/\/catchart.be\/\",\"name\":\"Catch-Art\",\"description\":\"Een unieke service om u te helpen uw kunstwerken te kopen\",\"publisher\":{\"@id\":\"https:\/\/catchart.be\/#organization\"},\"potentialAction\":[{\"@type\":\"SearchAction\",\"target\":{\"@type\":\"EntryPoint\",\"urlTemplate\":\"https:\/\/catchart.be\/?s={search_term_string}\"},\"query-input\":{\"@type\":\"PropertyValueSpecification\",\"valueRequired\":true,\"valueName\":\"search_term_string\"}}],\"inLanguage\":\"nl-NL\"},{\"@type\":\"Organization\",\"@id\":\"https:\/\/catchart.be\/#organization\",\"name\":\"Catch-Art\",\"url\":\"https:\/\/catchart.be\/\",\"logo\":{\"@type\":\"ImageObject\",\"inLanguage\":\"nl-NL\",\"@id\":\"https:\/\/catchart.be\/#\/schema\/logo\/image\/\",\"url\":\"https:\/\/catchart.be\/app\/uploads\/2023\/04\/logo.png\",\"contentUrl\":\"https:\/\/catchart.be\/app\/uploads\/2023\/04\/logo.png\",\"width\":630,\"height\":117,\"caption\":\"Catch-Art\"},\"image\":{\"@id\":\"https:\/\/catchart.be\/#\/schema\/logo\/image\/\"},\"sameAs\":[\"https:\/\/www.facebook.com\/people\/CatchArt\/100063966426816\/\"]}]}<\/script>\n<!-- \/ Yoast SEO Premium plugin. -->","yoast_head_json":{"title":"\"L'oiseau et la femme\" - Catch-art","robots":{"index":"index","follow":"follow","max-snippet":"max-snippet:-1","max-image-preview":"max-image-preview:large","max-video-preview":"max-video-preview:-1"},"canonical":"https:\/\/catchart.be\/nl\/product\/loiseau-et-la-femme\/","og_locale":"nl_NL","og_type":"article","og_title":"\"L'oiseau et la femme\"","og_description":"Mes collages ne recouvrent pas toute la toile, mais plut\u00f4t l&#8217;utilisent de mani\u00e8re subtile pour mettre en valeur mes personnages exceptionnels. Le fond blanc devient le cadre de mes explorations artistiques, offrant un contraste saisissant avec mes personnages fascinants. Mon style signature se caract\u00e9rise par une grande signature noire qui traverse verticalement la mati\u00e8re en [&hellip;]","og_url":"https:\/\/catchart.be\/nl\/product\/loiseau-et-la-femme\/","og_site_name":"Catch-art","article_publisher":"https:\/\/www.facebook.com\/people\/CatchArt\/100063966426816\/","article_modified_time":"2023-09-28T14:01:54+00:00","og_image":[{"width":1049,"height":1500,"url":"https:\/\/catchart.be\/app\/uploads\/2023\/09\/Nichoir-3.jpg","type":"image\/jpeg"}],"twitter_card":"summary_large_image","twitter_misc":{"Est. reading time":"1 minute"},"schema":{"@context":"https:\/\/schema.org","@graph":[{"@type":"WebPage","@id":"https:\/\/catchart.be\/nl\/product\/loiseau-et-la-femme\/","url":"https:\/\/catchart.be\/nl\/product\/loiseau-et-la-femme\/","name":"\"L'oiseau et la femme\" - Catch-art","isPartOf":{"@id":"https:\/\/catchart.be\/#website"},"primaryImageOfPage":{"@id":"https:\/\/catchart.be\/nl\/product\/loiseau-et-la-femme\/#primaryimage"},"image":{"@id":"https:\/\/catchart.be\/nl\/product\/loiseau-et-la-femme\/#primaryimage"},"thumbnailUrl":"https:\/\/catchart.be\/app\/uploads\/2023\/09\/Nichoir-3.jpg","datePublished":"2023-09-26T15:38:56+00:00","dateModified":"2023-09-28T14:01:54+00:00","breadcrumb":{"@id":"https:\/\/catchart.be\/nl\/product\/loiseau-et-la-femme\/#breadcrumb"},"inLanguage":"nl-NL","potentialAction":[{"@type":"ReadAction","target":["https:\/\/catchart.be\/nl\/product\/loiseau-et-la-femme\/"]}]},{"@type":"ImageObject","inLanguage":"nl-NL","@id":"https:\/\/catchart.be\/nl\/product\/loiseau-et-la-femme\/#primaryimage","url":"https:\/\/catchart.be\/app\/uploads\/2023\/09\/Nichoir-3.jpg","contentUrl":"https:\/\/catchart.be\/app\/uploads\/2023\/09\/Nichoir-3.jpg","width":1049,"height":1500},{"@type":"BreadcrumbList","@id":"https:\/\/catchart.be\/nl\/product\/loiseau-et-la-femme\/#breadcrumb","itemListElement":[{"@type":"ListItem","position":1,"name":"Home","item":"https:\/\/catchart.be\/nl\/"},{"@type":"ListItem","position":2,"name":"Produits","item":"https:\/\/catchart.be\/shop\/"},{"@type":"ListItem","position":3,"name":"&#8220;L&#8217;oiseau et la femme&#8221;"}]},{"@type":"WebSite","@id":"https:\/\/catchart.be\/#website","url":"https:\/\/catchart.be\/","name":"Catch-Art","description":"Een unieke service om u te helpen uw kunstwerken te kopen","publisher":{"@id":"https:\/\/catchart.be\/#organization"},"potentialAction":[{"@type":"SearchAction","target":{"@type":"EntryPoint","urlTemplate":"https:\/\/catchart.be\/?s={search_term_string}"},"query-input":{"@type":"PropertyValueSpecification","valueRequired":true,"valueName":"search_term_string"}}],"inLanguage":"nl-NL"},{"@type":"Organization","@id":"https:\/\/catchart.be\/#organization","name":"Catch-Art","url":"https:\/\/catchart.be\/","logo":{"@type":"ImageObject","inLanguage":"nl-NL","@id":"https:\/\/catchart.be\/#\/schema\/logo\/image\/","url":"https:\/\/catchart.be\/app\/uploads\/2023\/04\/logo.png","contentUrl":"https:\/\/catchart.be\/app\/uploads\/2023\/04\/logo.png","width":630,"height":117,"caption":"Catch-Art"},"image":{"@id":"https:\/\/catchart.be\/#\/schema\/logo\/image\/"},"sameAs":["https:\/\/www.facebook.com\/people\/CatchArt\/100063966426816\/"]}]}},"_links":{"self":[{"href":"https:\/\/catchart.be\/nl\/wp-json\/wp\/v2\/product\/3272","targetHints":{"allow":["GET"]}}],"collection":[{"href":"https:\/\/catchart.be\/nl\/wp-json\/wp\/v2\/product"}],"about":[{"href":"https:\/\/catchart.be\/nl\/wp-json\/wp\/v2\/types\/product"}],"wp:featuredmedia":[{"embeddable":true,"href":"https:\/\/catchart.be\/nl\/wp-json\/wp\/v2\/media\/3244"}],"wp:attachment":[{"href":"https:\/\/catchart.be\/nl\/wp-json\/wp\/v2\/media?parent=3272"}],"wp:term":[{"taxonomy":"product_brand","embeddable":true,"href":"https:\/\/catchart.be\/nl\/wp-json\/wp\/v2\/product_brand?post=3272"},{"taxonomy":"product_cat","embeddable":true,"href":"https:\/\/catchart.be\/nl\/wp-json\/wp\/v2\/product_cat?post=3272"},{"taxonomy":"product_tag","embeddable":true,"href":"https:\/\/catchart.be\/nl\/wp-json\/wp\/v2\/product_tag?post=3272"}],"curies":[{"name":"wp","href":"https:\/\/api.w.org\/{rel}","templated":true}]}}