 
{"id":2327,"date":"2023-05-10T14:14:14","date_gmt":"2023-05-10T14:14:14","guid":{"rendered":"https:\/\/catchart.be\/?post_type=product&#038;p=2327"},"modified":"2023-05-10T14:16:10","modified_gmt":"2023-05-10T14:16:10","slug":"mon-beau-miroir-2008","status":"publish","type":"product","link":"https:\/\/catchart.be\/nl\/product\/mon-beau-miroir-2008\/","title":{"rendered":"Mon beau miroir &#8211; 2008"},"content":{"rendered":"<p>Tirage pigmentaire r\u00e9alis\u00e9 gr\u00e2ce \u00e0 l\u2019ancienne technique de la gomme bichromat\u00e9e*.<br \/>\nsur un papier gravure de qualit\u00e9<br \/>\nEncadrement dans une american box en bois fonc\u00e9, sans vitre.  <\/p>\n<p>* L\u2019impression \u00e0 la gomme bichromat\u00e9e consiste en un m\u00e9lange de gomme arabique dilu\u00e9e dans de l\u2019eau et de pigments<br \/>\n(principalement des terres, des ocres) auquel on ajoute du bichromate d\u2019ammonium ou de potassium pour la sensibilit\u00e9 \u00e0 la lumi\u00e8re. Ce m\u00e9lange liquide sert d&#8217;\u00e9mulsion.<\/p>\n","protected":false},"excerpt":{"rendered":"<p>Tirage pigmentaire r\u00e9alis\u00e9 gr\u00e2ce \u00e0 l\u2019ancienne technique de la gomme bichromat\u00e9e*. sur un papier gravure de qualit\u00e9 Encadrement dans une american box en bois fonc\u00e9, sans vitre. * L\u2019impression \u00e0 la gomme bichromat\u00e9e consiste en un m\u00e9lange de gomme arabique dilu\u00e9e dans de l\u2019eau et de pigments (principalement des terres, des ocres) auquel on ajoute [&hellip;]<\/p>\n","protected":false},"featured_media":2314,"template":"","meta":[],"product_brand":[],"product_cat":[33],"product_tag":[],"class_list":{"0":"post-2327","1":"product","2":"type-product","3":"status-publish","4":"has-post-thumbnail","6":"product_cat-uncategorized","8":"first","9":"instock","10":"shipping-taxable","11":"purchasable","12":"product-type-simple"},"acf":[],"yoast_head":"<!-- This site is optimized with the Yoast SEO Premium plugin v26.4 (Yoast SEO v26.4) - https:\/\/yoast.com\/wordpress\/plugins\/seo\/ -->\n<title>Mon beau miroir - 2008 - Catch-art<\/title>\n<meta name=\"robots\" content=\"index, follow, max-snippet:-1, max-image-preview:large, max-video-preview:-1\" \/>\n<link rel=\"canonical\" href=\"https:\/\/catchart.be\/product\/mon-beau-miroir-2008\/\" \/>\n<meta property=\"og:locale\" content=\"nl_NL\" \/>\n<meta property=\"og:type\" content=\"article\" \/>\n<meta property=\"og:title\" content=\"Mon beau miroir - 2008\" \/>\n<meta property=\"og:description\" content=\"Tirage pigmentaire r\u00e9alis\u00e9 gr\u00e2ce \u00e0 l\u2019ancienne technique de la gomme bichromat\u00e9e*. sur un papier gravure de qualit\u00e9 Encadrement dans une american box en bois fonc\u00e9, sans vitre. * L\u2019impression \u00e0 la gomme bichromat\u00e9e consiste en un m\u00e9lange de gomme arabique dilu\u00e9e dans de l\u2019eau et de pigments (principalement des terres, des ocres) auquel on ajoute [&hellip;]\" \/>\n<meta property=\"og:url\" content=\"https:\/\/catchart.be\/product\/mon-beau-miroir-2008\/\" \/>\n<meta property=\"og:site_name\" content=\"Catch-art\" \/>\n<meta property=\"article:publisher\" content=\"https:\/\/www.facebook.com\/people\/CatchArt\/100063966426816\/\" \/>\n<meta property=\"article:modified_time\" content=\"2023-05-10T14:16:10+00:00\" \/>\n<meta property=\"og:image\" content=\"https:\/\/catchart.be\/app\/uploads\/2023\/05\/47-mon-beau-miroir-2008-copie-2.jpg\" \/>\n\t<meta property=\"og:image:width\" content=\"886\" \/>\n\t<meta property=\"og:image:height\" content=\"1181\" \/>\n\t<meta property=\"og:image:type\" content=\"image\/jpeg\" \/>\n<meta name=\"twitter:card\" content=\"summary_large_image\" \/>\n<meta name=\"twitter:label1\" content=\"Est. reading time\" \/>\n\t<meta name=\"twitter:data1\" content=\"1 minute\" \/>\n<script type=\"application\/ld+json\" class=\"yoast-schema-graph\">{\"@context\":\"https:\/\/schema.org\",\"@graph\":[{\"@type\":\"WebPage\",\"@id\":\"https:\/\/catchart.be\/product\/mon-beau-miroir-2008\/\",\"url\":\"https:\/\/catchart.be\/product\/mon-beau-miroir-2008\/\",\"name\":\"Mon beau miroir - 2008 - Catch-art\",\"isPartOf\":{\"@id\":\"https:\/\/catchart.be\/#website\"},\"primaryImageOfPage\":{\"@id\":\"https:\/\/catchart.be\/product\/mon-beau-miroir-2008\/#primaryimage\"},\"image\":{\"@id\":\"https:\/\/catchart.be\/product\/mon-beau-miroir-2008\/#primaryimage\"},\"thumbnailUrl\":\"https:\/\/catchart.be\/app\/uploads\/2023\/05\/47-mon-beau-miroir-2008-copie-2.jpg\",\"datePublished\":\"2023-05-10T14:14:14+00:00\",\"dateModified\":\"2023-05-10T14:16:10+00:00\",\"breadcrumb\":{\"@id\":\"https:\/\/catchart.be\/product\/mon-beau-miroir-2008\/#breadcrumb\"},\"inLanguage\":\"nl-NL\",\"potentialAction\":[{\"@type\":\"ReadAction\",\"target\":[\"https:\/\/catchart.be\/product\/mon-beau-miroir-2008\/\"]}]},{\"@type\":\"ImageObject\",\"inLanguage\":\"nl-NL\",\"@id\":\"https:\/\/catchart.be\/product\/mon-beau-miroir-2008\/#primaryimage\",\"url\":\"https:\/\/catchart.be\/app\/uploads\/2023\/05\/47-mon-beau-miroir-2008-copie-2.jpg\",\"contentUrl\":\"https:\/\/catchart.be\/app\/uploads\/2023\/05\/47-mon-beau-miroir-2008-copie-2.jpg\",\"width\":886,\"height\":1181},{\"@type\":\"BreadcrumbList\",\"@id\":\"https:\/\/catchart.be\/product\/mon-beau-miroir-2008\/#breadcrumb\",\"itemListElement\":[{\"@type\":\"ListItem\",\"position\":1,\"name\":\"Home\",\"item\":\"https:\/\/catchart.be\/nl\/\"},{\"@type\":\"ListItem\",\"position\":2,\"name\":\"Produits\",\"item\":\"https:\/\/catchart.be\/shop\/\"},{\"@type\":\"ListItem\",\"position\":3,\"name\":\"Mon beau miroir &#8211; 2008\"}]},{\"@type\":\"WebSite\",\"@id\":\"https:\/\/catchart.be\/#website\",\"url\":\"https:\/\/catchart.be\/\",\"name\":\"Catch-Art\",\"description\":\"Een unieke service om u te helpen uw kunstwerken te kopen\",\"publisher\":{\"@id\":\"https:\/\/catchart.be\/#organization\"},\"potentialAction\":[{\"@type\":\"SearchAction\",\"target\":{\"@type\":\"EntryPoint\",\"urlTemplate\":\"https:\/\/catchart.be\/?s={search_term_string}\"},\"query-input\":{\"@type\":\"PropertyValueSpecification\",\"valueRequired\":true,\"valueName\":\"search_term_string\"}}],\"inLanguage\":\"nl-NL\"},{\"@type\":\"Organization\",\"@id\":\"https:\/\/catchart.be\/#organization\",\"name\":\"Catch-Art\",\"url\":\"https:\/\/catchart.be\/\",\"logo\":{\"@type\":\"ImageObject\",\"inLanguage\":\"nl-NL\",\"@id\":\"https:\/\/catchart.be\/#\/schema\/logo\/image\/\",\"url\":\"https:\/\/catchart.be\/app\/uploads\/2023\/04\/logo.png\",\"contentUrl\":\"https:\/\/catchart.be\/app\/uploads\/2023\/04\/logo.png\",\"width\":630,\"height\":117,\"caption\":\"Catch-Art\"},\"image\":{\"@id\":\"https:\/\/catchart.be\/#\/schema\/logo\/image\/\"},\"sameAs\":[\"https:\/\/www.facebook.com\/people\/CatchArt\/100063966426816\/\"]}]}<\/script>\n<!-- \/ Yoast SEO Premium plugin. -->","yoast_head_json":{"title":"Mon beau miroir - 2008 - Catch-art","robots":{"index":"index","follow":"follow","max-snippet":"max-snippet:-1","max-image-preview":"max-image-preview:large","max-video-preview":"max-video-preview:-1"},"canonical":"https:\/\/catchart.be\/product\/mon-beau-miroir-2008\/","og_locale":"nl_NL","og_type":"article","og_title":"Mon beau miroir - 2008","og_description":"Tirage pigmentaire r\u00e9alis\u00e9 gr\u00e2ce \u00e0 l\u2019ancienne technique de la gomme bichromat\u00e9e*. sur un papier gravure de qualit\u00e9 Encadrement dans une american box en bois fonc\u00e9, sans vitre. * L\u2019impression \u00e0 la gomme bichromat\u00e9e consiste en un m\u00e9lange de gomme arabique dilu\u00e9e dans de l\u2019eau et de pigments (principalement des terres, des ocres) auquel on ajoute [&hellip;]","og_url":"https:\/\/catchart.be\/product\/mon-beau-miroir-2008\/","og_site_name":"Catch-art","article_publisher":"https:\/\/www.facebook.com\/people\/CatchArt\/100063966426816\/","article_modified_time":"2023-05-10T14:16:10+00:00","og_image":[{"width":886,"height":1181,"url":"https:\/\/catchart.be\/app\/uploads\/2023\/05\/47-mon-beau-miroir-2008-copie-2.jpg","type":"image\/jpeg"}],"twitter_card":"summary_large_image","twitter_misc":{"Est. reading time":"1 minute"},"schema":{"@context":"https:\/\/schema.org","@graph":[{"@type":"WebPage","@id":"https:\/\/catchart.be\/product\/mon-beau-miroir-2008\/","url":"https:\/\/catchart.be\/product\/mon-beau-miroir-2008\/","name":"Mon beau miroir - 2008 - Catch-art","isPartOf":{"@id":"https:\/\/catchart.be\/#website"},"primaryImageOfPage":{"@id":"https:\/\/catchart.be\/product\/mon-beau-miroir-2008\/#primaryimage"},"image":{"@id":"https:\/\/catchart.be\/product\/mon-beau-miroir-2008\/#primaryimage"},"thumbnailUrl":"https:\/\/catchart.be\/app\/uploads\/2023\/05\/47-mon-beau-miroir-2008-copie-2.jpg","datePublished":"2023-05-10T14:14:14+00:00","dateModified":"2023-05-10T14:16:10+00:00","breadcrumb":{"@id":"https:\/\/catchart.be\/product\/mon-beau-miroir-2008\/#breadcrumb"},"inLanguage":"nl-NL","potentialAction":[{"@type":"ReadAction","target":["https:\/\/catchart.be\/product\/mon-beau-miroir-2008\/"]}]},{"@type":"ImageObject","inLanguage":"nl-NL","@id":"https:\/\/catchart.be\/product\/mon-beau-miroir-2008\/#primaryimage","url":"https:\/\/catchart.be\/app\/uploads\/2023\/05\/47-mon-beau-miroir-2008-copie-2.jpg","contentUrl":"https:\/\/catchart.be\/app\/uploads\/2023\/05\/47-mon-beau-miroir-2008-copie-2.jpg","width":886,"height":1181},{"@type":"BreadcrumbList","@id":"https:\/\/catchart.be\/product\/mon-beau-miroir-2008\/#breadcrumb","itemListElement":[{"@type":"ListItem","position":1,"name":"Home","item":"https:\/\/catchart.be\/nl\/"},{"@type":"ListItem","position":2,"name":"Produits","item":"https:\/\/catchart.be\/shop\/"},{"@type":"ListItem","position":3,"name":"Mon beau miroir &#8211; 2008"}]},{"@type":"WebSite","@id":"https:\/\/catchart.be\/#website","url":"https:\/\/catchart.be\/","name":"Catch-Art","description":"Een unieke service om u te helpen uw kunstwerken te kopen","publisher":{"@id":"https:\/\/catchart.be\/#organization"},"potentialAction":[{"@type":"SearchAction","target":{"@type":"EntryPoint","urlTemplate":"https:\/\/catchart.be\/?s={search_term_string}"},"query-input":{"@type":"PropertyValueSpecification","valueRequired":true,"valueName":"search_term_string"}}],"inLanguage":"nl-NL"},{"@type":"Organization","@id":"https:\/\/catchart.be\/#organization","name":"Catch-Art","url":"https:\/\/catchart.be\/","logo":{"@type":"ImageObject","inLanguage":"nl-NL","@id":"https:\/\/catchart.be\/#\/schema\/logo\/image\/","url":"https:\/\/catchart.be\/app\/uploads\/2023\/04\/logo.png","contentUrl":"https:\/\/catchart.be\/app\/uploads\/2023\/04\/logo.png","width":630,"height":117,"caption":"Catch-Art"},"image":{"@id":"https:\/\/catchart.be\/#\/schema\/logo\/image\/"},"sameAs":["https:\/\/www.facebook.com\/people\/CatchArt\/100063966426816\/"]}]}},"_links":{"self":[{"href":"https:\/\/catchart.be\/nl\/wp-json\/wp\/v2\/product\/2327","targetHints":{"allow":["GET"]}}],"collection":[{"href":"https:\/\/catchart.be\/nl\/wp-json\/wp\/v2\/product"}],"about":[{"href":"https:\/\/catchart.be\/nl\/wp-json\/wp\/v2\/types\/product"}],"wp:featuredmedia":[{"embeddable":true,"href":"https:\/\/catchart.be\/nl\/wp-json\/wp\/v2\/media\/2314"}],"wp:attachment":[{"href":"https:\/\/catchart.be\/nl\/wp-json\/wp\/v2\/media?parent=2327"}],"wp:term":[{"taxonomy":"product_brand","embeddable":true,"href":"https:\/\/catchart.be\/nl\/wp-json\/wp\/v2\/product_brand?post=2327"},{"taxonomy":"product_cat","embeddable":true,"href":"https:\/\/catchart.be\/nl\/wp-json\/wp\/v2\/product_cat?post=2327"},{"taxonomy":"product_tag","embeddable":true,"href":"https:\/\/catchart.be\/nl\/wp-json\/wp\/v2\/product_tag?post=2327"}],"curies":[{"name":"wp","href":"https:\/\/api.w.org\/{rel}","templated":true}]}}