 
{"id":1273,"date":"2023-03-17T14:23:57","date_gmt":"2023-03-17T14:23:57","guid":{"rendered":"https:\/\/catchart.be\/?post_type=product&#038;p=1273"},"modified":"2023-10-01T00:05:55","modified_gmt":"2023-10-01T00:05:55","slug":"deep-black-8","status":"publish","type":"product","link":"https:\/\/catchart.be\/nl\/product\/deep-black-8\/","title":{"rendered":"&#8220;Deep Black 8&#8221;"},"content":{"rendered":"<p>Edition exclusive pour Catch Art.<\/p>\n<p>Tirage noir et blanc &#8211; limit\u00e9 \u00e0 10 exemplaires<br \/>\nImpression Piezography avec encres carbone aux pigments de charbon (@ArtPhotoLab)<br \/>\nEncadrement dans un caisse am\u00e9ricaine noire inclus.<\/p>\n<p>Autre format disponible en 100&#215;100. Contactez-nous pour plus d&#8217;informations.<\/p>\n","protected":false},"excerpt":{"rendered":"<p>Edition exclusive pour Catch Art. Tirage noir et blanc &#8211; limit\u00e9 \u00e0 10 exemplaires Impression Piezography avec encres carbone aux pigments de charbon (@ArtPhotoLab) Encadrement dans un caisse am\u00e9ricaine noire inclus. Autre format disponible en 100&#215;100. Contactez-nous pour plus d&#8217;informations.<\/p>\n","protected":false},"featured_media":1354,"template":"","meta":[],"product_brand":[],"product_cat":[33],"product_tag":[],"class_list":{"0":"post-1273","1":"product","2":"type-product","3":"status-publish","4":"has-post-thumbnail","6":"product_cat-uncategorized","8":"first","9":"instock","10":"shipping-taxable","11":"purchasable","12":"product-type-simple"},"acf":[],"yoast_head":"<!-- This site is optimized with the Yoast SEO Premium plugin v26.4 (Yoast SEO v26.4) - https:\/\/yoast.com\/wordpress\/plugins\/seo\/ -->\n<title>&quot;Deep Black 8&quot; - Catch-art<\/title>\n<meta name=\"description\" content=\"Tirage noir et blanc - limit\u00e9 \u00e0 10 exemplaires Impression Piezography encres carbone aux pigments de charbon (@ArtPhotoLab) Encadrement caisse am\u00e9ricaine noire\" \/>\n<meta name=\"robots\" content=\"index, follow, max-snippet:-1, max-image-preview:large, max-video-preview:-1\" \/>\n<link rel=\"canonical\" href=\"https:\/\/catchart.be\/product\/deep-black-8\/\" \/>\n<meta property=\"og:locale\" content=\"nl_NL\" \/>\n<meta property=\"og:type\" content=\"article\" \/>\n<meta property=\"og:title\" content=\"&quot;Deep Black 8&quot;\" \/>\n<meta property=\"og:description\" content=\"Tirage noir et blanc - limit\u00e9 \u00e0 10 exemplaires Impression Piezography encres carbone aux pigments de charbon (@ArtPhotoLab) Encadrement caisse am\u00e9ricaine noire\" \/>\n<meta property=\"og:url\" content=\"https:\/\/catchart.be\/product\/deep-black-8\/\" \/>\n<meta property=\"og:site_name\" content=\"Catch-art\" \/>\n<meta property=\"article:publisher\" content=\"https:\/\/www.facebook.com\/people\/CatchArt\/100063966426816\/\" \/>\n<meta property=\"article:modified_time\" content=\"2023-10-01T00:05:55+00:00\" \/>\n<meta property=\"og:image\" content=\"https:\/\/catchart.be\/app\/uploads\/2023\/03\/Deep-Black-8-1-scaled-1.jpg\" \/>\n\t<meta property=\"og:image:width\" content=\"1500\" \/>\n\t<meta property=\"og:image:height\" content=\"1500\" \/>\n\t<meta property=\"og:image:type\" content=\"image\/jpeg\" \/>\n<meta name=\"twitter:card\" content=\"summary_large_image\" \/>\n<meta name=\"twitter:label1\" content=\"Est. reading time\" \/>\n\t<meta name=\"twitter:data1\" content=\"1 minute\" \/>\n<script type=\"application\/ld+json\" class=\"yoast-schema-graph\">{\"@context\":\"https:\/\/schema.org\",\"@graph\":[{\"@type\":\"WebPage\",\"@id\":\"https:\/\/catchart.be\/product\/deep-black-8\/\",\"url\":\"https:\/\/catchart.be\/product\/deep-black-8\/\",\"name\":\"\\\"Deep Black 8\\\" - Catch-art\",\"isPartOf\":{\"@id\":\"https:\/\/catchart.be\/#website\"},\"primaryImageOfPage\":{\"@id\":\"https:\/\/catchart.be\/product\/deep-black-8\/#primaryimage\"},\"image\":{\"@id\":\"https:\/\/catchart.be\/product\/deep-black-8\/#primaryimage\"},\"thumbnailUrl\":\"https:\/\/catchart.be\/app\/uploads\/2023\/03\/Deep-Black-8-1-scaled-1.jpg\",\"datePublished\":\"2023-03-17T14:23:57+00:00\",\"dateModified\":\"2023-10-01T00:05:55+00:00\",\"description\":\"Tirage noir et blanc - limit\u00e9 \u00e0 10 exemplaires Impression Piezography encres carbone aux pigments de charbon (@ArtPhotoLab) Encadrement caisse am\u00e9ricaine noire\",\"breadcrumb\":{\"@id\":\"https:\/\/catchart.be\/product\/deep-black-8\/#breadcrumb\"},\"inLanguage\":\"nl-NL\",\"potentialAction\":[{\"@type\":\"ReadAction\",\"target\":[\"https:\/\/catchart.be\/product\/deep-black-8\/\"]}]},{\"@type\":\"ImageObject\",\"inLanguage\":\"nl-NL\",\"@id\":\"https:\/\/catchart.be\/product\/deep-black-8\/#primaryimage\",\"url\":\"https:\/\/catchart.be\/app\/uploads\/2023\/03\/Deep-Black-8-1-scaled-1.jpg\",\"contentUrl\":\"https:\/\/catchart.be\/app\/uploads\/2023\/03\/Deep-Black-8-1-scaled-1.jpg\",\"width\":1500,\"height\":1500},{\"@type\":\"BreadcrumbList\",\"@id\":\"https:\/\/catchart.be\/product\/deep-black-8\/#breadcrumb\",\"itemListElement\":[{\"@type\":\"ListItem\",\"position\":1,\"name\":\"Home\",\"item\":\"https:\/\/catchart.be\/nl\/\"},{\"@type\":\"ListItem\",\"position\":2,\"name\":\"Produits\",\"item\":\"https:\/\/catchart.be\/shop\/\"},{\"@type\":\"ListItem\",\"position\":3,\"name\":\"\u00ab\u00a0Deep Black 8\u00a0\u00bb\"}]},{\"@type\":\"WebSite\",\"@id\":\"https:\/\/catchart.be\/#website\",\"url\":\"https:\/\/catchart.be\/\",\"name\":\"Catch-Art\",\"description\":\"Een unieke service om u te helpen uw kunstwerken te kopen\",\"publisher\":{\"@id\":\"https:\/\/catchart.be\/#organization\"},\"potentialAction\":[{\"@type\":\"SearchAction\",\"target\":{\"@type\":\"EntryPoint\",\"urlTemplate\":\"https:\/\/catchart.be\/?s={search_term_string}\"},\"query-input\":{\"@type\":\"PropertyValueSpecification\",\"valueRequired\":true,\"valueName\":\"search_term_string\"}}],\"inLanguage\":\"nl-NL\"},{\"@type\":\"Organization\",\"@id\":\"https:\/\/catchart.be\/#organization\",\"name\":\"Catch-Art\",\"url\":\"https:\/\/catchart.be\/\",\"logo\":{\"@type\":\"ImageObject\",\"inLanguage\":\"nl-NL\",\"@id\":\"https:\/\/catchart.be\/#\/schema\/logo\/image\/\",\"url\":\"https:\/\/catchart.be\/app\/uploads\/2023\/04\/logo.png\",\"contentUrl\":\"https:\/\/catchart.be\/app\/uploads\/2023\/04\/logo.png\",\"width\":630,\"height\":117,\"caption\":\"Catch-Art\"},\"image\":{\"@id\":\"https:\/\/catchart.be\/#\/schema\/logo\/image\/\"},\"sameAs\":[\"https:\/\/www.facebook.com\/people\/CatchArt\/100063966426816\/\"]}]}<\/script>\n<!-- \/ Yoast SEO Premium plugin. -->","yoast_head_json":{"title":"\"Deep Black 8\" - Catch-art","description":"Tirage noir et blanc - limit\u00e9 \u00e0 10 exemplaires Impression Piezography encres carbone aux pigments de charbon (@ArtPhotoLab) Encadrement caisse am\u00e9ricaine noire","robots":{"index":"index","follow":"follow","max-snippet":"max-snippet:-1","max-image-preview":"max-image-preview:large","max-video-preview":"max-video-preview:-1"},"canonical":"https:\/\/catchart.be\/product\/deep-black-8\/","og_locale":"nl_NL","og_type":"article","og_title":"\"Deep Black 8\"","og_description":"Tirage noir et blanc - limit\u00e9 \u00e0 10 exemplaires Impression Piezography encres carbone aux pigments de charbon (@ArtPhotoLab) Encadrement caisse am\u00e9ricaine noire","og_url":"https:\/\/catchart.be\/product\/deep-black-8\/","og_site_name":"Catch-art","article_publisher":"https:\/\/www.facebook.com\/people\/CatchArt\/100063966426816\/","article_modified_time":"2023-10-01T00:05:55+00:00","og_image":[{"width":1500,"height":1500,"url":"https:\/\/catchart.be\/app\/uploads\/2023\/03\/Deep-Black-8-1-scaled-1.jpg","type":"image\/jpeg"}],"twitter_card":"summary_large_image","twitter_misc":{"Est. reading time":"1 minute"},"schema":{"@context":"https:\/\/schema.org","@graph":[{"@type":"WebPage","@id":"https:\/\/catchart.be\/product\/deep-black-8\/","url":"https:\/\/catchart.be\/product\/deep-black-8\/","name":"\"Deep Black 8\" - Catch-art","isPartOf":{"@id":"https:\/\/catchart.be\/#website"},"primaryImageOfPage":{"@id":"https:\/\/catchart.be\/product\/deep-black-8\/#primaryimage"},"image":{"@id":"https:\/\/catchart.be\/product\/deep-black-8\/#primaryimage"},"thumbnailUrl":"https:\/\/catchart.be\/app\/uploads\/2023\/03\/Deep-Black-8-1-scaled-1.jpg","datePublished":"2023-03-17T14:23:57+00:00","dateModified":"2023-10-01T00:05:55+00:00","description":"Tirage noir et blanc - limit\u00e9 \u00e0 10 exemplaires Impression Piezography encres carbone aux pigments de charbon (@ArtPhotoLab) Encadrement caisse am\u00e9ricaine noire","breadcrumb":{"@id":"https:\/\/catchart.be\/product\/deep-black-8\/#breadcrumb"},"inLanguage":"nl-NL","potentialAction":[{"@type":"ReadAction","target":["https:\/\/catchart.be\/product\/deep-black-8\/"]}]},{"@type":"ImageObject","inLanguage":"nl-NL","@id":"https:\/\/catchart.be\/product\/deep-black-8\/#primaryimage","url":"https:\/\/catchart.be\/app\/uploads\/2023\/03\/Deep-Black-8-1-scaled-1.jpg","contentUrl":"https:\/\/catchart.be\/app\/uploads\/2023\/03\/Deep-Black-8-1-scaled-1.jpg","width":1500,"height":1500},{"@type":"BreadcrumbList","@id":"https:\/\/catchart.be\/product\/deep-black-8\/#breadcrumb","itemListElement":[{"@type":"ListItem","position":1,"name":"Home","item":"https:\/\/catchart.be\/nl\/"},{"@type":"ListItem","position":2,"name":"Produits","item":"https:\/\/catchart.be\/shop\/"},{"@type":"ListItem","position":3,"name":"\u00ab\u00a0Deep Black 8\u00a0\u00bb"}]},{"@type":"WebSite","@id":"https:\/\/catchart.be\/#website","url":"https:\/\/catchart.be\/","name":"Catch-Art","description":"Een unieke service om u te helpen uw kunstwerken te kopen","publisher":{"@id":"https:\/\/catchart.be\/#organization"},"potentialAction":[{"@type":"SearchAction","target":{"@type":"EntryPoint","urlTemplate":"https:\/\/catchart.be\/?s={search_term_string}"},"query-input":{"@type":"PropertyValueSpecification","valueRequired":true,"valueName":"search_term_string"}}],"inLanguage":"nl-NL"},{"@type":"Organization","@id":"https:\/\/catchart.be\/#organization","name":"Catch-Art","url":"https:\/\/catchart.be\/","logo":{"@type":"ImageObject","inLanguage":"nl-NL","@id":"https:\/\/catchart.be\/#\/schema\/logo\/image\/","url":"https:\/\/catchart.be\/app\/uploads\/2023\/04\/logo.png","contentUrl":"https:\/\/catchart.be\/app\/uploads\/2023\/04\/logo.png","width":630,"height":117,"caption":"Catch-Art"},"image":{"@id":"https:\/\/catchart.be\/#\/schema\/logo\/image\/"},"sameAs":["https:\/\/www.facebook.com\/people\/CatchArt\/100063966426816\/"]}]}},"_links":{"self":[{"href":"https:\/\/catchart.be\/nl\/wp-json\/wp\/v2\/product\/1273","targetHints":{"allow":["GET"]}}],"collection":[{"href":"https:\/\/catchart.be\/nl\/wp-json\/wp\/v2\/product"}],"about":[{"href":"https:\/\/catchart.be\/nl\/wp-json\/wp\/v2\/types\/product"}],"wp:featuredmedia":[{"embeddable":true,"href":"https:\/\/catchart.be\/nl\/wp-json\/wp\/v2\/media\/1354"}],"wp:attachment":[{"href":"https:\/\/catchart.be\/nl\/wp-json\/wp\/v2\/media?parent=1273"}],"wp:term":[{"taxonomy":"product_brand","embeddable":true,"href":"https:\/\/catchart.be\/nl\/wp-json\/wp\/v2\/product_brand?post=1273"},{"taxonomy":"product_cat","embeddable":true,"href":"https:\/\/catchart.be\/nl\/wp-json\/wp\/v2\/product_cat?post=1273"},{"taxonomy":"product_tag","embeddable":true,"href":"https:\/\/catchart.be\/nl\/wp-json\/wp\/v2\/product_tag?post=1273"}],"curies":[{"name":"wp","href":"https:\/\/api.w.org\/{rel}","templated":true}]}}