 
{"id":3611,"date":"2023-03-08T14:33:31","date_gmt":"2023-03-08T14:33:31","guid":{"rendered":"https:\/\/catchart.be\/?page_id=3611"},"modified":"2024-02-16T10:42:17","modified_gmt":"2024-02-16T10:42:17","slug":"ma-interieur","status":"publish","type":"page","link":"https:\/\/catchart.be\/nl\/ma-interieur\/","title":{"rendered":"Ma-Interieur"},"content":{"rendered":"<p>Na in verschillende bureaus in Brussel en Gen\u00e8ve te hebben gewerkt, richtte Marie Verrue in 2010 haar eigen interieurontwerpbureau op: Ma-Int\u00e9rieur.<\/p>\n<p>Het bureau biedt volledige ondersteuning van concept tot voltooiing van het werk en zorgt voor \u00e9\u00e9n aanspreekpunt.<\/p>\n<p>Van een priv\u00e9woning tot een professionele ruimte, we kunnen elk type project aan. Ons doel is om een creatieve aanpak te combineren met aandacht voor functionaliteit en te luisteren naar de wensen van de klant.<br \/>\nOns doel is om ruimtes te cre\u00ebren die aantrekkelijk, aangenaam om in te leven en functioneel zijn.<\/p>\n<p>Een van de sleutels tot een succesvol project is rekening houden met een reeks elementen en streven naar harmonie: &#8220;Er wordt rekening gehouden met volumes, circulatie, licht, kleuren en materialen om een harmonieuze ruimte te cre\u00ebren en tegelijkertijd een vleugje originaliteit toe te voegen.<\/p>\n<p>We werken nauw samen met architecten en ingenieurs, zodat we projecten kunnen aannemen die soms complexer zijn, zoals de volledige verbouwing van een woning waarbij de structuur van het gebouw betrokken is.<\/p>\n<p>Enkele foto&#8217;s van ons werk:<\/p>\n","protected":false},"excerpt":{"rendered":"<p>Na in verschillende bureaus in Brussel en Gen\u00e8ve te hebben gewerkt, richtte Marie Verrue in 2010 haar eigen interieurontwerpbureau op: Ma-Int\u00e9rieur. Het bureau biedt volledige ondersteuning van concept tot voltooiing van het werk en zorgt voor \u00e9\u00e9n aanspreekpunt. Van een priv\u00e9woning tot een professionele ruimte, we kunnen elk type project aan. Ons doel is om [&hellip;]<\/p>\n","protected":false},"author":1,"featured_media":0,"parent":0,"menu_order":0,"comment_status":"closed","ping_status":"closed","template":"page-image_gallery.php","meta":{"footnotes":""},"class_list":["post-3611","page","type-page","status-publish","hentry"],"acf":[],"yoast_head":"<!-- This site is optimized with the Yoast SEO Premium plugin v26.4 (Yoast SEO v26.4) - https:\/\/yoast.com\/wordpress\/plugins\/seo\/ -->\n<title>Ma-Interieur - Catch-art<\/title>\n<meta name=\"robots\" content=\"index, follow, max-snippet:-1, max-image-preview:large, max-video-preview:-1\" \/>\n<link rel=\"canonical\" href=\"https:\/\/catchart.be\/nl\/ma-interieur\/\" \/>\n<meta property=\"og:locale\" content=\"nl_NL\" \/>\n<meta property=\"og:type\" content=\"article\" \/>\n<meta property=\"og:title\" content=\"Ma-Interieur\" \/>\n<meta property=\"og:description\" content=\"Na in verschillende bureaus in Brussel en Gen\u00e8ve te hebben gewerkt, richtte Marie Verrue in 2010 haar eigen interieurontwerpbureau op: Ma-Int\u00e9rieur. Het bureau biedt volledige ondersteuning van concept tot voltooiing van het werk en zorgt voor \u00e9\u00e9n aanspreekpunt. Van een priv\u00e9woning tot een professionele ruimte, we kunnen elk type project aan. Ons doel is om [&hellip;]\" \/>\n<meta property=\"og:url\" content=\"https:\/\/catchart.be\/nl\/ma-interieur\/\" \/>\n<meta property=\"og:site_name\" content=\"Catch-art\" \/>\n<meta property=\"article:publisher\" content=\"https:\/\/www.facebook.com\/people\/CatchArt\/100063966426816\/\" \/>\n<meta property=\"article:modified_time\" content=\"2024-02-16T10:42:17+00:00\" \/>\n<meta name=\"twitter:card\" content=\"summary_large_image\" \/>\n<meta name=\"twitter:label1\" content=\"Est. reading time\" \/>\n\t<meta name=\"twitter:data1\" content=\"1 minute\" \/>\n<script type=\"application\/ld+json\" class=\"yoast-schema-graph\">{\"@context\":\"https:\/\/schema.org\",\"@graph\":[{\"@type\":\"WebPage\",\"@id\":\"https:\/\/catchart.be\/nl\/ma-interieur\/\",\"url\":\"https:\/\/catchart.be\/nl\/ma-interieur\/\",\"name\":\"Ma-Interieur - Catch-art\",\"isPartOf\":{\"@id\":\"https:\/\/catchart.be\/#website\"},\"datePublished\":\"2023-03-08T14:33:31+00:00\",\"dateModified\":\"2024-02-16T10:42:17+00:00\",\"breadcrumb\":{\"@id\":\"https:\/\/catchart.be\/nl\/ma-interieur\/#breadcrumb\"},\"inLanguage\":\"nl-NL\",\"potentialAction\":[{\"@type\":\"ReadAction\",\"target\":[\"https:\/\/catchart.be\/nl\/ma-interieur\/\"]}]},{\"@type\":\"BreadcrumbList\",\"@id\":\"https:\/\/catchart.be\/nl\/ma-interieur\/#breadcrumb\",\"itemListElement\":[{\"@type\":\"ListItem\",\"position\":1,\"name\":\"Home\",\"item\":\"https:\/\/catchart.be\/nl\/\"},{\"@type\":\"ListItem\",\"position\":2,\"name\":\"Ma-Interieur\"}]},{\"@type\":\"WebSite\",\"@id\":\"https:\/\/catchart.be\/#website\",\"url\":\"https:\/\/catchart.be\/\",\"name\":\"Catch-Art\",\"description\":\"Een unieke service om u te helpen uw kunstwerken te kopen\",\"publisher\":{\"@id\":\"https:\/\/catchart.be\/#organization\"},\"potentialAction\":[{\"@type\":\"SearchAction\",\"target\":{\"@type\":\"EntryPoint\",\"urlTemplate\":\"https:\/\/catchart.be\/?s={search_term_string}\"},\"query-input\":{\"@type\":\"PropertyValueSpecification\",\"valueRequired\":true,\"valueName\":\"search_term_string\"}}],\"inLanguage\":\"nl-NL\"},{\"@type\":\"Organization\",\"@id\":\"https:\/\/catchart.be\/#organization\",\"name\":\"Catch-Art\",\"url\":\"https:\/\/catchart.be\/\",\"logo\":{\"@type\":\"ImageObject\",\"inLanguage\":\"nl-NL\",\"@id\":\"https:\/\/catchart.be\/#\/schema\/logo\/image\/\",\"url\":\"https:\/\/catchart.be\/app\/uploads\/2023\/04\/logo.png\",\"contentUrl\":\"https:\/\/catchart.be\/app\/uploads\/2023\/04\/logo.png\",\"width\":630,\"height\":117,\"caption\":\"Catch-Art\"},\"image\":{\"@id\":\"https:\/\/catchart.be\/#\/schema\/logo\/image\/\"},\"sameAs\":[\"https:\/\/www.facebook.com\/people\/CatchArt\/100063966426816\/\"]}]}<\/script>\n<!-- \/ Yoast SEO Premium plugin. -->","yoast_head_json":{"title":"Ma-Interieur - Catch-art","robots":{"index":"index","follow":"follow","max-snippet":"max-snippet:-1","max-image-preview":"max-image-preview:large","max-video-preview":"max-video-preview:-1"},"canonical":"https:\/\/catchart.be\/nl\/ma-interieur\/","og_locale":"nl_NL","og_type":"article","og_title":"Ma-Interieur","og_description":"Na in verschillende bureaus in Brussel en Gen\u00e8ve te hebben gewerkt, richtte Marie Verrue in 2010 haar eigen interieurontwerpbureau op: Ma-Int\u00e9rieur. Het bureau biedt volledige ondersteuning van concept tot voltooiing van het werk en zorgt voor \u00e9\u00e9n aanspreekpunt. Van een priv\u00e9woning tot een professionele ruimte, we kunnen elk type project aan. Ons doel is om [&hellip;]","og_url":"https:\/\/catchart.be\/nl\/ma-interieur\/","og_site_name":"Catch-art","article_publisher":"https:\/\/www.facebook.com\/people\/CatchArt\/100063966426816\/","article_modified_time":"2024-02-16T10:42:17+00:00","twitter_card":"summary_large_image","twitter_misc":{"Est. reading time":"1 minute"},"schema":{"@context":"https:\/\/schema.org","@graph":[{"@type":"WebPage","@id":"https:\/\/catchart.be\/nl\/ma-interieur\/","url":"https:\/\/catchart.be\/nl\/ma-interieur\/","name":"Ma-Interieur - Catch-art","isPartOf":{"@id":"https:\/\/catchart.be\/#website"},"datePublished":"2023-03-08T14:33:31+00:00","dateModified":"2024-02-16T10:42:17+00:00","breadcrumb":{"@id":"https:\/\/catchart.be\/nl\/ma-interieur\/#breadcrumb"},"inLanguage":"nl-NL","potentialAction":[{"@type":"ReadAction","target":["https:\/\/catchart.be\/nl\/ma-interieur\/"]}]},{"@type":"BreadcrumbList","@id":"https:\/\/catchart.be\/nl\/ma-interieur\/#breadcrumb","itemListElement":[{"@type":"ListItem","position":1,"name":"Home","item":"https:\/\/catchart.be\/nl\/"},{"@type":"ListItem","position":2,"name":"Ma-Interieur"}]},{"@type":"WebSite","@id":"https:\/\/catchart.be\/#website","url":"https:\/\/catchart.be\/","name":"Catch-Art","description":"Een unieke service om u te helpen uw kunstwerken te kopen","publisher":{"@id":"https:\/\/catchart.be\/#organization"},"potentialAction":[{"@type":"SearchAction","target":{"@type":"EntryPoint","urlTemplate":"https:\/\/catchart.be\/?s={search_term_string}"},"query-input":{"@type":"PropertyValueSpecification","valueRequired":true,"valueName":"search_term_string"}}],"inLanguage":"nl-NL"},{"@type":"Organization","@id":"https:\/\/catchart.be\/#organization","name":"Catch-Art","url":"https:\/\/catchart.be\/","logo":{"@type":"ImageObject","inLanguage":"nl-NL","@id":"https:\/\/catchart.be\/#\/schema\/logo\/image\/","url":"https:\/\/catchart.be\/app\/uploads\/2023\/04\/logo.png","contentUrl":"https:\/\/catchart.be\/app\/uploads\/2023\/04\/logo.png","width":630,"height":117,"caption":"Catch-Art"},"image":{"@id":"https:\/\/catchart.be\/#\/schema\/logo\/image\/"},"sameAs":["https:\/\/www.facebook.com\/people\/CatchArt\/100063966426816\/"]}]}},"_links":{"self":[{"href":"https:\/\/catchart.be\/nl\/wp-json\/wp\/v2\/pages\/3611","targetHints":{"allow":["GET"]}}],"collection":[{"href":"https:\/\/catchart.be\/nl\/wp-json\/wp\/v2\/pages"}],"about":[{"href":"https:\/\/catchart.be\/nl\/wp-json\/wp\/v2\/types\/page"}],"author":[{"embeddable":true,"href":"https:\/\/catchart.be\/nl\/wp-json\/wp\/v2\/users\/1"}],"replies":[{"embeddable":true,"href":"https:\/\/catchart.be\/nl\/wp-json\/wp\/v2\/comments?post=3611"}],"version-history":[{"count":2,"href":"https:\/\/catchart.be\/nl\/wp-json\/wp\/v2\/pages\/3611\/revisions"}],"predecessor-version":[{"id":4072,"href":"https:\/\/catchart.be\/nl\/wp-json\/wp\/v2\/pages\/3611\/revisions\/4072"}],"wp:attachment":[{"href":"https:\/\/catchart.be\/nl\/wp-json\/wp\/v2\/media?parent=3611"}],"curies":[{"name":"wp","href":"https:\/\/api.w.org\/{rel}","templated":true}]}}