 
{"id":3602,"date":"2023-02-08T11:21:07","date_gmt":"2023-02-08T11:21:07","guid":{"rendered":"https:\/\/catchart.be\/?page_id=3602"},"modified":"2024-02-16T09:42:57","modified_gmt":"2024-02-16T09:42:57","slug":"concept","status":"publish","type":"page","link":"https:\/\/catchart.be\/nl\/concept\/","title":{"rendered":"Concept"},"content":{"rendered":"<h1>Wat is Catch-Art precies?<\/h1>\n<p>Het idee om de toegang tot kunstenaars en hun originele werken te vergemakkelijken zat al een paar jaar in ons achterhoofd, maar covid heeft ons een beetje vertraagd bij het realiseren van dit project.<\/p>\n<p>In onze vorige ervaringen (het organiseren van groepstentoonstellingen in Luik en Brussel en het runnen van een kunstgalerie om opkomende kunstenaars te promoten) kregen we vaak dezelfde vragen:<br \/>\nWerken jullie kunstenaars ook in andere formaten? Hebben ze andere werken op voorraad? Kunnen we hun ateliers bezoeken?<br \/>\nMaar ook opmerkingen als: ik heb geen tijd om galeries en tentoonstellingen te bezoeken, of ik weet er niet genoeg over, ik ben bang om belachelijk gemaakt te worden, ik durf niet met de kunstenaar te gaan praten, ik durf de deur van een kunstgalerie niet open te duwen &#8211; het is te intimiderend,&#8230; terwijl ik heel graag een favoriet kunstwerk in huis zou willen hebben. Voor mijn eigen plezier, maar ook om mijn gasten te verrassen door ze te laten zien wat ik mooi vind.<\/p>\n<p>Daarom leek het ons een goed idee om een service op te zetten die gebaseerd is op verzoeken van klanten.<br \/>\nZoals een conci\u00ebrgedienst, maar dan voor het vinden van kunstwerken. Catch-Art Services is ons basisaanbod. Aarzel niet om een afspraak te maken.<\/p>\n<p>En om je in staat te stellen de kunstenaars in een ontspannen en veel toegankelijkere omgeving te ontmoeten, organiseren we \u00e9\u00e9n keer per maand een Catch-Art Experience, gereserveerd voor een klein aantal potenti\u00eble kopers, in onze huisgalerie in Ukkel. Dit is een kans voor hen om met de kunstenaar te praten over zijn werk, zijn techniek en zijn wereld, en om een unieke selectie van zijn kunstwerken in avant-premi\u00e8re te ontdekken.<\/p>\n<p>Neem een kijkje in de agenda van de komende Catch-Art Experiences en schrijf je in!<br \/>\nWe kijken ernaar uit je te ontmoeten.<br \/>\nMarie, JP en Yann<\/p>\n","protected":false},"excerpt":{"rendered":"<p>Wat is Catch-Art precies? Het idee om de toegang tot kunstenaars en hun originele werken te vergemakkelijken zat al een paar jaar in ons achterhoofd, maar covid heeft ons een beetje vertraagd bij het realiseren van dit project. In onze vorige ervaringen (het organiseren van groepstentoonstellingen in Luik en Brussel en het runnen van een [&hellip;]<\/p>\n","protected":false},"author":1,"featured_media":0,"parent":0,"menu_order":0,"comment_status":"closed","ping_status":"closed","template":"","meta":{"footnotes":""},"class_list":["post-3602","page","type-page","status-publish","hentry"],"acf":[],"yoast_head":"<!-- This site is optimized with the Yoast SEO Premium plugin v26.4 (Yoast SEO v26.4) - https:\/\/yoast.com\/wordpress\/plugins\/seo\/ -->\n<title>Concept - Catch-art<\/title>\n<meta name=\"robots\" content=\"index, follow, max-snippet:-1, max-image-preview:large, max-video-preview:-1\" \/>\n<link rel=\"canonical\" href=\"https:\/\/catchart.be\/nl\/concept\/\" \/>\n<meta property=\"og:locale\" content=\"nl_NL\" \/>\n<meta property=\"og:type\" content=\"article\" \/>\n<meta property=\"og:title\" content=\"Concept\" \/>\n<meta property=\"og:description\" content=\"Wat is Catch-Art precies? Het idee om de toegang tot kunstenaars en hun originele werken te vergemakkelijken zat al een paar jaar in ons achterhoofd, maar covid heeft ons een beetje vertraagd bij het realiseren van dit project. In onze vorige ervaringen (het organiseren van groepstentoonstellingen in Luik en Brussel en het runnen van een [&hellip;]\" \/>\n<meta property=\"og:url\" content=\"https:\/\/catchart.be\/nl\/concept\/\" \/>\n<meta property=\"og:site_name\" content=\"Catch-art\" \/>\n<meta property=\"article:publisher\" content=\"https:\/\/www.facebook.com\/people\/CatchArt\/100063966426816\/\" \/>\n<meta property=\"article:modified_time\" content=\"2024-02-16T09:42:57+00:00\" \/>\n<meta name=\"twitter:card\" content=\"summary_large_image\" \/>\n<meta name=\"twitter:label1\" content=\"Est. reading time\" \/>\n\t<meta name=\"twitter:data1\" content=\"2 minutes\" \/>\n<script type=\"application\/ld+json\" class=\"yoast-schema-graph\">{\"@context\":\"https:\/\/schema.org\",\"@graph\":[{\"@type\":\"WebPage\",\"@id\":\"https:\/\/catchart.be\/nl\/concept\/\",\"url\":\"https:\/\/catchart.be\/nl\/concept\/\",\"name\":\"Concept - Catch-art\",\"isPartOf\":{\"@id\":\"https:\/\/catchart.be\/#website\"},\"datePublished\":\"2023-02-08T11:21:07+00:00\",\"dateModified\":\"2024-02-16T09:42:57+00:00\",\"breadcrumb\":{\"@id\":\"https:\/\/catchart.be\/nl\/concept\/#breadcrumb\"},\"inLanguage\":\"nl-NL\",\"potentialAction\":[{\"@type\":\"ReadAction\",\"target\":[\"https:\/\/catchart.be\/nl\/concept\/\"]}]},{\"@type\":\"BreadcrumbList\",\"@id\":\"https:\/\/catchart.be\/nl\/concept\/#breadcrumb\",\"itemListElement\":[{\"@type\":\"ListItem\",\"position\":1,\"name\":\"Home\",\"item\":\"https:\/\/catchart.be\/nl\/\"},{\"@type\":\"ListItem\",\"position\":2,\"name\":\"Concept\"}]},{\"@type\":\"WebSite\",\"@id\":\"https:\/\/catchart.be\/#website\",\"url\":\"https:\/\/catchart.be\/\",\"name\":\"Catch-Art\",\"description\":\"Een unieke service om u te helpen uw kunstwerken te kopen\",\"publisher\":{\"@id\":\"https:\/\/catchart.be\/#organization\"},\"potentialAction\":[{\"@type\":\"SearchAction\",\"target\":{\"@type\":\"EntryPoint\",\"urlTemplate\":\"https:\/\/catchart.be\/?s={search_term_string}\"},\"query-input\":{\"@type\":\"PropertyValueSpecification\",\"valueRequired\":true,\"valueName\":\"search_term_string\"}}],\"inLanguage\":\"nl-NL\"},{\"@type\":\"Organization\",\"@id\":\"https:\/\/catchart.be\/#organization\",\"name\":\"Catch-Art\",\"url\":\"https:\/\/catchart.be\/\",\"logo\":{\"@type\":\"ImageObject\",\"inLanguage\":\"nl-NL\",\"@id\":\"https:\/\/catchart.be\/#\/schema\/logo\/image\/\",\"url\":\"https:\/\/catchart.be\/app\/uploads\/2023\/04\/logo.png\",\"contentUrl\":\"https:\/\/catchart.be\/app\/uploads\/2023\/04\/logo.png\",\"width\":630,\"height\":117,\"caption\":\"Catch-Art\"},\"image\":{\"@id\":\"https:\/\/catchart.be\/#\/schema\/logo\/image\/\"},\"sameAs\":[\"https:\/\/www.facebook.com\/people\/CatchArt\/100063966426816\/\"]}]}<\/script>\n<!-- \/ Yoast SEO Premium plugin. -->","yoast_head_json":{"title":"Concept - Catch-art","robots":{"index":"index","follow":"follow","max-snippet":"max-snippet:-1","max-image-preview":"max-image-preview:large","max-video-preview":"max-video-preview:-1"},"canonical":"https:\/\/catchart.be\/nl\/concept\/","og_locale":"nl_NL","og_type":"article","og_title":"Concept","og_description":"Wat is Catch-Art precies? Het idee om de toegang tot kunstenaars en hun originele werken te vergemakkelijken zat al een paar jaar in ons achterhoofd, maar covid heeft ons een beetje vertraagd bij het realiseren van dit project. In onze vorige ervaringen (het organiseren van groepstentoonstellingen in Luik en Brussel en het runnen van een [&hellip;]","og_url":"https:\/\/catchart.be\/nl\/concept\/","og_site_name":"Catch-art","article_publisher":"https:\/\/www.facebook.com\/people\/CatchArt\/100063966426816\/","article_modified_time":"2024-02-16T09:42:57+00:00","twitter_card":"summary_large_image","twitter_misc":{"Est. reading time":"2 minutes"},"schema":{"@context":"https:\/\/schema.org","@graph":[{"@type":"WebPage","@id":"https:\/\/catchart.be\/nl\/concept\/","url":"https:\/\/catchart.be\/nl\/concept\/","name":"Concept - Catch-art","isPartOf":{"@id":"https:\/\/catchart.be\/#website"},"datePublished":"2023-02-08T11:21:07+00:00","dateModified":"2024-02-16T09:42:57+00:00","breadcrumb":{"@id":"https:\/\/catchart.be\/nl\/concept\/#breadcrumb"},"inLanguage":"nl-NL","potentialAction":[{"@type":"ReadAction","target":["https:\/\/catchart.be\/nl\/concept\/"]}]},{"@type":"BreadcrumbList","@id":"https:\/\/catchart.be\/nl\/concept\/#breadcrumb","itemListElement":[{"@type":"ListItem","position":1,"name":"Home","item":"https:\/\/catchart.be\/nl\/"},{"@type":"ListItem","position":2,"name":"Concept"}]},{"@type":"WebSite","@id":"https:\/\/catchart.be\/#website","url":"https:\/\/catchart.be\/","name":"Catch-Art","description":"Een unieke service om u te helpen uw kunstwerken te kopen","publisher":{"@id":"https:\/\/catchart.be\/#organization"},"potentialAction":[{"@type":"SearchAction","target":{"@type":"EntryPoint","urlTemplate":"https:\/\/catchart.be\/?s={search_term_string}"},"query-input":{"@type":"PropertyValueSpecification","valueRequired":true,"valueName":"search_term_string"}}],"inLanguage":"nl-NL"},{"@type":"Organization","@id":"https:\/\/catchart.be\/#organization","name":"Catch-Art","url":"https:\/\/catchart.be\/","logo":{"@type":"ImageObject","inLanguage":"nl-NL","@id":"https:\/\/catchart.be\/#\/schema\/logo\/image\/","url":"https:\/\/catchart.be\/app\/uploads\/2023\/04\/logo.png","contentUrl":"https:\/\/catchart.be\/app\/uploads\/2023\/04\/logo.png","width":630,"height":117,"caption":"Catch-Art"},"image":{"@id":"https:\/\/catchart.be\/#\/schema\/logo\/image\/"},"sameAs":["https:\/\/www.facebook.com\/people\/CatchArt\/100063966426816\/"]}]}},"_links":{"self":[{"href":"https:\/\/catchart.be\/nl\/wp-json\/wp\/v2\/pages\/3602","targetHints":{"allow":["GET"]}}],"collection":[{"href":"https:\/\/catchart.be\/nl\/wp-json\/wp\/v2\/pages"}],"about":[{"href":"https:\/\/catchart.be\/nl\/wp-json\/wp\/v2\/types\/page"}],"author":[{"embeddable":true,"href":"https:\/\/catchart.be\/nl\/wp-json\/wp\/v2\/users\/1"}],"replies":[{"embeddable":true,"href":"https:\/\/catchart.be\/nl\/wp-json\/wp\/v2\/comments?post=3602"}],"version-history":[{"count":2,"href":"https:\/\/catchart.be\/nl\/wp-json\/wp\/v2\/pages\/3602\/revisions"}],"predecessor-version":[{"id":4062,"href":"https:\/\/catchart.be\/nl\/wp-json\/wp\/v2\/pages\/3602\/revisions\/4062"}],"wp:attachment":[{"href":"https:\/\/catchart.be\/nl\/wp-json\/wp\/v2\/media?parent=3602"}],"curies":[{"name":"wp","href":"https:\/\/api.w.org\/{rel}","templated":true}]}}