 
{"id":5830,"date":"2025-10-29T22:47:17","date_gmt":"2025-10-29T22:47:17","guid":{"rendered":"https:\/\/catchart.be\/?post_type=product&#038;p=5830"},"modified":"2025-11-02T17:38:39","modified_gmt":"2025-11-02T17:38:39","slug":"une-indescriptible-joie","status":"publish","type":"product","link":"https:\/\/catchart.be\/en\/product\/une-indescriptible-joie\/","title":{"rendered":"Une indescriptible joie"},"content":{"rendered":"<p>Edition limit\u00e9e \u00e0 30 exemplaires \u2013 reproduction sur toile \u2013 vernis \u00e0 la main<br \/>\nEncadrement caisse US compris<\/p>\n<p>Cliquez sur l\u2019image pour l\u2019agrandir 3\/4<\/p>\n<p>Cette \u00e9dition limit\u00e9e est en format rectangulaire 80\u00d7120 cm<\/p>\n<p>Contactez nous pour obtenir le prix dans un autre format: de 40\u00d780 cm \u00e0 120\u00d7180 cm<br \/>\nou avec une autre option d\u2019encadrement<br \/>\nemail: yann@catchart.be ou 0486776830<\/p>\n","protected":false},"excerpt":{"rendered":"<p>Edition limit\u00e9e \u00e0 30 exemplaires \u2013 reproduction sur toile \u2013 vernis \u00e0 la main Encadrement caisse US compris Cliquez sur l\u2019image pour l\u2019agrandir 3\/4 Cette \u00e9dition limit\u00e9e est en format rectangulaire 80\u00d7120 cm Contactez nous pour obtenir le prix dans un autre format: de 40\u00d780 cm \u00e0 120\u00d7180 cm ou avec une autre option d\u2019encadrement [&hellip;]<\/p>\n","protected":false},"featured_media":5826,"template":"","meta":[],"product_brand":[],"product_cat":[33],"product_tag":[],"class_list":{"0":"post-5830","1":"product","2":"type-product","3":"status-publish","4":"has-post-thumbnail","6":"product_cat-uncategorized","8":"first","9":"instock","10":"shipping-taxable","11":"purchasable","12":"product-type-simple"},"acf":[],"yoast_head":"<!-- This site is optimized with the Yoast SEO Premium plugin v26.4 (Yoast SEO v26.4) - https:\/\/yoast.com\/wordpress\/plugins\/seo\/ -->\n<title>Une indescriptible joie - Catch-art<\/title>\n<meta name=\"robots\" content=\"index, follow, max-snippet:-1, max-image-preview:large, max-video-preview:-1\" \/>\n<link rel=\"canonical\" href=\"https:\/\/catchart.be\/product\/une-indescriptible-joie\/\" \/>\n<meta property=\"og:locale\" content=\"en_US\" \/>\n<meta property=\"og:type\" content=\"article\" \/>\n<meta property=\"og:title\" content=\"Une indescriptible joie\" \/>\n<meta property=\"og:description\" content=\"Edition limit\u00e9e \u00e0 30 exemplaires \u2013 reproduction sur toile \u2013 vernis \u00e0 la main Encadrement caisse US compris Cliquez sur l\u2019image pour l\u2019agrandir 3\/4 Cette \u00e9dition limit\u00e9e est en format rectangulaire 80\u00d7120 cm Contactez nous pour obtenir le prix dans un autre format: de 40\u00d780 cm \u00e0 120\u00d7180 cm ou avec une autre option d\u2019encadrement [&hellip;]\" \/>\n<meta property=\"og:url\" content=\"https:\/\/catchart.be\/product\/une-indescriptible-joie\/\" \/>\n<meta property=\"og:site_name\" content=\"Catch-art\" \/>\n<meta property=\"article:publisher\" content=\"https:\/\/www.facebook.com\/people\/CatchArt\/100063966426816\/\" \/>\n<meta property=\"article:modified_time\" content=\"2025-11-02T17:38:39+00:00\" \/>\n<meta property=\"og:image\" content=\"https:\/\/catchart.be\/app\/uploads\/2025\/10\/Une-Indescriptible-Joie-1500.jpg\" \/>\n\t<meta property=\"og:image:width\" content=\"990\" \/>\n\t<meta property=\"og:image:height\" content=\"1500\" \/>\n\t<meta property=\"og:image:type\" content=\"image\/jpeg\" \/>\n<meta name=\"twitter:card\" content=\"summary_large_image\" \/>\n<meta name=\"twitter:label1\" content=\"Est. reading time\" \/>\n\t<meta name=\"twitter:data1\" content=\"1 minute\" \/>\n<script type=\"application\/ld+json\" class=\"yoast-schema-graph\">{\"@context\":\"https:\/\/schema.org\",\"@graph\":[{\"@type\":\"WebPage\",\"@id\":\"https:\/\/catchart.be\/product\/une-indescriptible-joie\/\",\"url\":\"https:\/\/catchart.be\/product\/une-indescriptible-joie\/\",\"name\":\"Une indescriptible joie - Catch-art\",\"isPartOf\":{\"@id\":\"https:\/\/catchart.be\/#website\"},\"primaryImageOfPage\":{\"@id\":\"https:\/\/catchart.be\/product\/une-indescriptible-joie\/#primaryimage\"},\"image\":{\"@id\":\"https:\/\/catchart.be\/product\/une-indescriptible-joie\/#primaryimage\"},\"thumbnailUrl\":\"https:\/\/catchart.be\/app\/uploads\/2025\/10\/Une-Indescriptible-Joie-1500.jpg\",\"datePublished\":\"2025-10-29T22:47:17+00:00\",\"dateModified\":\"2025-11-02T17:38:39+00:00\",\"breadcrumb\":{\"@id\":\"https:\/\/catchart.be\/product\/une-indescriptible-joie\/#breadcrumb\"},\"inLanguage\":\"en-US\",\"potentialAction\":[{\"@type\":\"ReadAction\",\"target\":[\"https:\/\/catchart.be\/product\/une-indescriptible-joie\/\"]}]},{\"@type\":\"ImageObject\",\"inLanguage\":\"en-US\",\"@id\":\"https:\/\/catchart.be\/product\/une-indescriptible-joie\/#primaryimage\",\"url\":\"https:\/\/catchart.be\/app\/uploads\/2025\/10\/Une-Indescriptible-Joie-1500.jpg\",\"contentUrl\":\"https:\/\/catchart.be\/app\/uploads\/2025\/10\/Une-Indescriptible-Joie-1500.jpg\",\"width\":990,\"height\":1500},{\"@type\":\"BreadcrumbList\",\"@id\":\"https:\/\/catchart.be\/product\/une-indescriptible-joie\/#breadcrumb\",\"itemListElement\":[{\"@type\":\"ListItem\",\"position\":1,\"name\":\"Home\",\"item\":\"https:\/\/catchart.be\/en\/\"},{\"@type\":\"ListItem\",\"position\":2,\"name\":\"Produits\",\"item\":\"https:\/\/catchart.be\/shop\/\"},{\"@type\":\"ListItem\",\"position\":3,\"name\":\"Une indescriptible joie\"}]},{\"@type\":\"WebSite\",\"@id\":\"https:\/\/catchart.be\/#website\",\"url\":\"https:\/\/catchart.be\/\",\"name\":\"Catch-Art\",\"description\":\"A unique service to help you buy your works of art\",\"publisher\":{\"@id\":\"https:\/\/catchart.be\/#organization\"},\"potentialAction\":[{\"@type\":\"SearchAction\",\"target\":{\"@type\":\"EntryPoint\",\"urlTemplate\":\"https:\/\/catchart.be\/?s={search_term_string}\"},\"query-input\":{\"@type\":\"PropertyValueSpecification\",\"valueRequired\":true,\"valueName\":\"search_term_string\"}}],\"inLanguage\":\"en-US\"},{\"@type\":\"Organization\",\"@id\":\"https:\/\/catchart.be\/#organization\",\"name\":\"Catch-Art\",\"url\":\"https:\/\/catchart.be\/\",\"logo\":{\"@type\":\"ImageObject\",\"inLanguage\":\"en-US\",\"@id\":\"https:\/\/catchart.be\/#\/schema\/logo\/image\/\",\"url\":\"https:\/\/catchart.be\/app\/uploads\/2023\/04\/logo.png\",\"contentUrl\":\"https:\/\/catchart.be\/app\/uploads\/2023\/04\/logo.png\",\"width\":630,\"height\":117,\"caption\":\"Catch-Art\"},\"image\":{\"@id\":\"https:\/\/catchart.be\/#\/schema\/logo\/image\/\"},\"sameAs\":[\"https:\/\/www.facebook.com\/people\/CatchArt\/100063966426816\/\"]}]}<\/script>\n<!-- \/ Yoast SEO Premium plugin. -->","yoast_head_json":{"title":"Une indescriptible joie - Catch-art","robots":{"index":"index","follow":"follow","max-snippet":"max-snippet:-1","max-image-preview":"max-image-preview:large","max-video-preview":"max-video-preview:-1"},"canonical":"https:\/\/catchart.be\/product\/une-indescriptible-joie\/","og_locale":"en_US","og_type":"article","og_title":"Une indescriptible joie","og_description":"Edition limit\u00e9e \u00e0 30 exemplaires \u2013 reproduction sur toile \u2013 vernis \u00e0 la main Encadrement caisse US compris Cliquez sur l\u2019image pour l\u2019agrandir 3\/4 Cette \u00e9dition limit\u00e9e est en format rectangulaire 80\u00d7120 cm Contactez nous pour obtenir le prix dans un autre format: de 40\u00d780 cm \u00e0 120\u00d7180 cm ou avec une autre option d\u2019encadrement [&hellip;]","og_url":"https:\/\/catchart.be\/product\/une-indescriptible-joie\/","og_site_name":"Catch-art","article_publisher":"https:\/\/www.facebook.com\/people\/CatchArt\/100063966426816\/","article_modified_time":"2025-11-02T17:38:39+00:00","og_image":[{"width":990,"height":1500,"url":"https:\/\/catchart.be\/app\/uploads\/2025\/10\/Une-Indescriptible-Joie-1500.jpg","type":"image\/jpeg"}],"twitter_card":"summary_large_image","twitter_misc":{"Est. reading time":"1 minute"},"schema":{"@context":"https:\/\/schema.org","@graph":[{"@type":"WebPage","@id":"https:\/\/catchart.be\/product\/une-indescriptible-joie\/","url":"https:\/\/catchart.be\/product\/une-indescriptible-joie\/","name":"Une indescriptible joie - Catch-art","isPartOf":{"@id":"https:\/\/catchart.be\/#website"},"primaryImageOfPage":{"@id":"https:\/\/catchart.be\/product\/une-indescriptible-joie\/#primaryimage"},"image":{"@id":"https:\/\/catchart.be\/product\/une-indescriptible-joie\/#primaryimage"},"thumbnailUrl":"https:\/\/catchart.be\/app\/uploads\/2025\/10\/Une-Indescriptible-Joie-1500.jpg","datePublished":"2025-10-29T22:47:17+00:00","dateModified":"2025-11-02T17:38:39+00:00","breadcrumb":{"@id":"https:\/\/catchart.be\/product\/une-indescriptible-joie\/#breadcrumb"},"inLanguage":"en-US","potentialAction":[{"@type":"ReadAction","target":["https:\/\/catchart.be\/product\/une-indescriptible-joie\/"]}]},{"@type":"ImageObject","inLanguage":"en-US","@id":"https:\/\/catchart.be\/product\/une-indescriptible-joie\/#primaryimage","url":"https:\/\/catchart.be\/app\/uploads\/2025\/10\/Une-Indescriptible-Joie-1500.jpg","contentUrl":"https:\/\/catchart.be\/app\/uploads\/2025\/10\/Une-Indescriptible-Joie-1500.jpg","width":990,"height":1500},{"@type":"BreadcrumbList","@id":"https:\/\/catchart.be\/product\/une-indescriptible-joie\/#breadcrumb","itemListElement":[{"@type":"ListItem","position":1,"name":"Home","item":"https:\/\/catchart.be\/en\/"},{"@type":"ListItem","position":2,"name":"Produits","item":"https:\/\/catchart.be\/shop\/"},{"@type":"ListItem","position":3,"name":"Une indescriptible joie"}]},{"@type":"WebSite","@id":"https:\/\/catchart.be\/#website","url":"https:\/\/catchart.be\/","name":"Catch-Art","description":"A unique service to help you buy your works of art","publisher":{"@id":"https:\/\/catchart.be\/#organization"},"potentialAction":[{"@type":"SearchAction","target":{"@type":"EntryPoint","urlTemplate":"https:\/\/catchart.be\/?s={search_term_string}"},"query-input":{"@type":"PropertyValueSpecification","valueRequired":true,"valueName":"search_term_string"}}],"inLanguage":"en-US"},{"@type":"Organization","@id":"https:\/\/catchart.be\/#organization","name":"Catch-Art","url":"https:\/\/catchart.be\/","logo":{"@type":"ImageObject","inLanguage":"en-US","@id":"https:\/\/catchart.be\/#\/schema\/logo\/image\/","url":"https:\/\/catchart.be\/app\/uploads\/2023\/04\/logo.png","contentUrl":"https:\/\/catchart.be\/app\/uploads\/2023\/04\/logo.png","width":630,"height":117,"caption":"Catch-Art"},"image":{"@id":"https:\/\/catchart.be\/#\/schema\/logo\/image\/"},"sameAs":["https:\/\/www.facebook.com\/people\/CatchArt\/100063966426816\/"]}]}},"_links":{"self":[{"href":"https:\/\/catchart.be\/en\/wp-json\/wp\/v2\/product\/5830","targetHints":{"allow":["GET"]}}],"collection":[{"href":"https:\/\/catchart.be\/en\/wp-json\/wp\/v2\/product"}],"about":[{"href":"https:\/\/catchart.be\/en\/wp-json\/wp\/v2\/types\/product"}],"wp:featuredmedia":[{"embeddable":true,"href":"https:\/\/catchart.be\/en\/wp-json\/wp\/v2\/media\/5826"}],"wp:attachment":[{"href":"https:\/\/catchart.be\/en\/wp-json\/wp\/v2\/media?parent=5830"}],"wp:term":[{"taxonomy":"product_brand","embeddable":true,"href":"https:\/\/catchart.be\/en\/wp-json\/wp\/v2\/product_brand?post=5830"},{"taxonomy":"product_cat","embeddable":true,"href":"https:\/\/catchart.be\/en\/wp-json\/wp\/v2\/product_cat?post=5830"},{"taxonomy":"product_tag","embeddable":true,"href":"https:\/\/catchart.be\/en\/wp-json\/wp\/v2\/product_tag?post=5830"}],"curies":[{"name":"wp","href":"https:\/\/api.w.org\/{rel}","templated":true}]}}