 
{"id":5232,"date":"2025-04-13T13:55:05","date_gmt":"2025-04-13T13:55:05","guid":{"rendered":"https:\/\/catchart.be\/?post_type=product&#038;p=5232"},"modified":"2025-09-06T10:15:29","modified_gmt":"2025-09-06T10:15:29","slug":"renaissance","status":"publish","type":"product","link":"https:\/\/catchart.be\/en\/product\/renaissance\/","title":{"rendered":"&#8220;Renaissance&#8221; &#8211; tryptique"},"content":{"rendered":"<p>&#8220;Les saisons ne se contentent pas de changer ; elles se m\u00e9tamorphosent, chaque fin donnant naissance \u00e0 une nouvelle aube.<br \/>\nC&#8217;est la danse \u00e9ternelle de la nature, un rythme captivant qui murmure les commencements m\u00eame lorsque des chapitres se referment.<br \/>\nChaque fin est une porte, chaque nouvelle aurore une promesse, comme une invitation de la nature \u00e0 se joindre \u00e0 son \u00e9treinte infinie de renaissance.&#8221;<\/p>\n<p>Triptyque (encadr\u00e9) &#8211; chaque oeuvre mesure 50x50cm &#8211; Technique mixte sur toile<\/p>\n<p>Cliquez sur l&#8217;image pour l&#8217;agrandir<\/p>\n<p>Chaque oeuvre peut aussi \u00eatre achet\u00e9e s\u00e9paremment &#8211; nous contacter<\/p>\n","protected":false},"excerpt":{"rendered":"<p>&#8220;Les saisons ne se contentent pas de changer ; elles se m\u00e9tamorphosent, chaque fin donnant naissance \u00e0 une nouvelle aube. C&#8217;est la danse \u00e9ternelle de la nature, un rythme captivant qui murmure les commencements m\u00eame lorsque des chapitres se referment. Chaque fin est une porte, chaque nouvelle aurore une promesse, comme une invitation de la [&hellip;]<\/p>\n","protected":false},"featured_media":5233,"template":"","meta":[],"product_brand":[],"product_cat":[33],"product_tag":[],"class_list":{"0":"post-5232","1":"product","2":"type-product","3":"status-publish","4":"has-post-thumbnail","6":"product_cat-uncategorized","8":"first","9":"instock","10":"shipping-taxable","11":"purchasable","12":"product-type-simple"},"acf":[],"yoast_head":"<!-- This site is optimized with the Yoast SEO Premium plugin v26.4 (Yoast SEO v26.4) - https:\/\/yoast.com\/wordpress\/plugins\/seo\/ -->\n<title>&quot;Renaissance&quot; - tryptique - Catch-art<\/title>\n<meta name=\"robots\" content=\"index, follow, max-snippet:-1, max-image-preview:large, max-video-preview:-1\" \/>\n<link rel=\"canonical\" href=\"https:\/\/catchart.be\/product\/renaissance\/\" \/>\n<meta property=\"og:locale\" content=\"en_US\" \/>\n<meta property=\"og:type\" content=\"article\" \/>\n<meta property=\"og:title\" content=\"&quot;Renaissance&quot; - tryptique\" \/>\n<meta property=\"og:description\" content=\"&#8220;Les saisons ne se contentent pas de changer ; elles se m\u00e9tamorphosent, chaque fin donnant naissance \u00e0 une nouvelle aube. C&#8217;est la danse \u00e9ternelle de la nature, un rythme captivant qui murmure les commencements m\u00eame lorsque des chapitres se referment. Chaque fin est une porte, chaque nouvelle aurore une promesse, comme une invitation de la [&hellip;]\" \/>\n<meta property=\"og:url\" content=\"https:\/\/catchart.be\/product\/renaissance\/\" \/>\n<meta property=\"og:site_name\" content=\"Catch-art\" \/>\n<meta property=\"article:publisher\" content=\"https:\/\/www.facebook.com\/people\/CatchArt\/100063966426816\/\" \/>\n<meta property=\"article:modified_time\" content=\"2025-09-06T10:15:29+00:00\" \/>\n<meta property=\"og:image\" content=\"https:\/\/catchart.be\/app\/uploads\/2025\/04\/Capture-decran-2025-04-13-a-15.51.18.png\" \/>\n\t<meta property=\"og:image:width\" content=\"1814\" \/>\n\t<meta property=\"og:image:height\" content=\"1356\" \/>\n\t<meta property=\"og:image:type\" content=\"image\/png\" \/>\n<meta name=\"twitter:card\" content=\"summary_large_image\" \/>\n<meta name=\"twitter:label1\" content=\"Est. reading time\" \/>\n\t<meta name=\"twitter:data1\" content=\"1 minute\" \/>\n<script type=\"application\/ld+json\" class=\"yoast-schema-graph\">{\"@context\":\"https:\/\/schema.org\",\"@graph\":[{\"@type\":\"WebPage\",\"@id\":\"https:\/\/catchart.be\/product\/renaissance\/\",\"url\":\"https:\/\/catchart.be\/product\/renaissance\/\",\"name\":\"\\\"Renaissance\\\" - tryptique - Catch-art\",\"isPartOf\":{\"@id\":\"https:\/\/catchart.be\/#website\"},\"primaryImageOfPage\":{\"@id\":\"https:\/\/catchart.be\/product\/renaissance\/#primaryimage\"},\"image\":{\"@id\":\"https:\/\/catchart.be\/product\/renaissance\/#primaryimage\"},\"thumbnailUrl\":\"https:\/\/catchart.be\/app\/uploads\/2025\/04\/Capture-decran-2025-04-13-a-15.51.18.png\",\"datePublished\":\"2025-04-13T13:55:05+00:00\",\"dateModified\":\"2025-09-06T10:15:29+00:00\",\"breadcrumb\":{\"@id\":\"https:\/\/catchart.be\/product\/renaissance\/#breadcrumb\"},\"inLanguage\":\"en-US\",\"potentialAction\":[{\"@type\":\"ReadAction\",\"target\":[\"https:\/\/catchart.be\/product\/renaissance\/\"]}]},{\"@type\":\"ImageObject\",\"inLanguage\":\"en-US\",\"@id\":\"https:\/\/catchart.be\/product\/renaissance\/#primaryimage\",\"url\":\"https:\/\/catchart.be\/app\/uploads\/2025\/04\/Capture-decran-2025-04-13-a-15.51.18.png\",\"contentUrl\":\"https:\/\/catchart.be\/app\/uploads\/2025\/04\/Capture-decran-2025-04-13-a-15.51.18.png\",\"width\":1814,\"height\":1356},{\"@type\":\"BreadcrumbList\",\"@id\":\"https:\/\/catchart.be\/product\/renaissance\/#breadcrumb\",\"itemListElement\":[{\"@type\":\"ListItem\",\"position\":1,\"name\":\"Home\",\"item\":\"https:\/\/catchart.be\/en\/\"},{\"@type\":\"ListItem\",\"position\":2,\"name\":\"Produits\",\"item\":\"https:\/\/catchart.be\/shop\/\"},{\"@type\":\"ListItem\",\"position\":3,\"name\":\"\u00ab\u00a0Renaissance\u00a0\u00bb &#8211; tryptique\"}]},{\"@type\":\"WebSite\",\"@id\":\"https:\/\/catchart.be\/#website\",\"url\":\"https:\/\/catchart.be\/\",\"name\":\"Catch-Art\",\"description\":\"A unique service to help you buy your works of art\",\"publisher\":{\"@id\":\"https:\/\/catchart.be\/#organization\"},\"potentialAction\":[{\"@type\":\"SearchAction\",\"target\":{\"@type\":\"EntryPoint\",\"urlTemplate\":\"https:\/\/catchart.be\/?s={search_term_string}\"},\"query-input\":{\"@type\":\"PropertyValueSpecification\",\"valueRequired\":true,\"valueName\":\"search_term_string\"}}],\"inLanguage\":\"en-US\"},{\"@type\":\"Organization\",\"@id\":\"https:\/\/catchart.be\/#organization\",\"name\":\"Catch-Art\",\"url\":\"https:\/\/catchart.be\/\",\"logo\":{\"@type\":\"ImageObject\",\"inLanguage\":\"en-US\",\"@id\":\"https:\/\/catchart.be\/#\/schema\/logo\/image\/\",\"url\":\"https:\/\/catchart.be\/app\/uploads\/2023\/04\/logo.png\",\"contentUrl\":\"https:\/\/catchart.be\/app\/uploads\/2023\/04\/logo.png\",\"width\":630,\"height\":117,\"caption\":\"Catch-Art\"},\"image\":{\"@id\":\"https:\/\/catchart.be\/#\/schema\/logo\/image\/\"},\"sameAs\":[\"https:\/\/www.facebook.com\/people\/CatchArt\/100063966426816\/\"]}]}<\/script>\n<!-- \/ Yoast SEO Premium plugin. -->","yoast_head_json":{"title":"\"Renaissance\" - tryptique - Catch-art","robots":{"index":"index","follow":"follow","max-snippet":"max-snippet:-1","max-image-preview":"max-image-preview:large","max-video-preview":"max-video-preview:-1"},"canonical":"https:\/\/catchart.be\/product\/renaissance\/","og_locale":"en_US","og_type":"article","og_title":"\"Renaissance\" - tryptique","og_description":"&#8220;Les saisons ne se contentent pas de changer ; elles se m\u00e9tamorphosent, chaque fin donnant naissance \u00e0 une nouvelle aube. C&#8217;est la danse \u00e9ternelle de la nature, un rythme captivant qui murmure les commencements m\u00eame lorsque des chapitres se referment. Chaque fin est une porte, chaque nouvelle aurore une promesse, comme une invitation de la [&hellip;]","og_url":"https:\/\/catchart.be\/product\/renaissance\/","og_site_name":"Catch-art","article_publisher":"https:\/\/www.facebook.com\/people\/CatchArt\/100063966426816\/","article_modified_time":"2025-09-06T10:15:29+00:00","og_image":[{"width":1814,"height":1356,"url":"https:\/\/catchart.be\/app\/uploads\/2025\/04\/Capture-decran-2025-04-13-a-15.51.18.png","type":"image\/png"}],"twitter_card":"summary_large_image","twitter_misc":{"Est. reading time":"1 minute"},"schema":{"@context":"https:\/\/schema.org","@graph":[{"@type":"WebPage","@id":"https:\/\/catchart.be\/product\/renaissance\/","url":"https:\/\/catchart.be\/product\/renaissance\/","name":"\"Renaissance\" - tryptique - Catch-art","isPartOf":{"@id":"https:\/\/catchart.be\/#website"},"primaryImageOfPage":{"@id":"https:\/\/catchart.be\/product\/renaissance\/#primaryimage"},"image":{"@id":"https:\/\/catchart.be\/product\/renaissance\/#primaryimage"},"thumbnailUrl":"https:\/\/catchart.be\/app\/uploads\/2025\/04\/Capture-decran-2025-04-13-a-15.51.18.png","datePublished":"2025-04-13T13:55:05+00:00","dateModified":"2025-09-06T10:15:29+00:00","breadcrumb":{"@id":"https:\/\/catchart.be\/product\/renaissance\/#breadcrumb"},"inLanguage":"en-US","potentialAction":[{"@type":"ReadAction","target":["https:\/\/catchart.be\/product\/renaissance\/"]}]},{"@type":"ImageObject","inLanguage":"en-US","@id":"https:\/\/catchart.be\/product\/renaissance\/#primaryimage","url":"https:\/\/catchart.be\/app\/uploads\/2025\/04\/Capture-decran-2025-04-13-a-15.51.18.png","contentUrl":"https:\/\/catchart.be\/app\/uploads\/2025\/04\/Capture-decran-2025-04-13-a-15.51.18.png","width":1814,"height":1356},{"@type":"BreadcrumbList","@id":"https:\/\/catchart.be\/product\/renaissance\/#breadcrumb","itemListElement":[{"@type":"ListItem","position":1,"name":"Home","item":"https:\/\/catchart.be\/en\/"},{"@type":"ListItem","position":2,"name":"Produits","item":"https:\/\/catchart.be\/shop\/"},{"@type":"ListItem","position":3,"name":"\u00ab\u00a0Renaissance\u00a0\u00bb &#8211; tryptique"}]},{"@type":"WebSite","@id":"https:\/\/catchart.be\/#website","url":"https:\/\/catchart.be\/","name":"Catch-Art","description":"A unique service to help you buy your works of art","publisher":{"@id":"https:\/\/catchart.be\/#organization"},"potentialAction":[{"@type":"SearchAction","target":{"@type":"EntryPoint","urlTemplate":"https:\/\/catchart.be\/?s={search_term_string}"},"query-input":{"@type":"PropertyValueSpecification","valueRequired":true,"valueName":"search_term_string"}}],"inLanguage":"en-US"},{"@type":"Organization","@id":"https:\/\/catchart.be\/#organization","name":"Catch-Art","url":"https:\/\/catchart.be\/","logo":{"@type":"ImageObject","inLanguage":"en-US","@id":"https:\/\/catchart.be\/#\/schema\/logo\/image\/","url":"https:\/\/catchart.be\/app\/uploads\/2023\/04\/logo.png","contentUrl":"https:\/\/catchart.be\/app\/uploads\/2023\/04\/logo.png","width":630,"height":117,"caption":"Catch-Art"},"image":{"@id":"https:\/\/catchart.be\/#\/schema\/logo\/image\/"},"sameAs":["https:\/\/www.facebook.com\/people\/CatchArt\/100063966426816\/"]}]}},"_links":{"self":[{"href":"https:\/\/catchart.be\/en\/wp-json\/wp\/v2\/product\/5232","targetHints":{"allow":["GET"]}}],"collection":[{"href":"https:\/\/catchart.be\/en\/wp-json\/wp\/v2\/product"}],"about":[{"href":"https:\/\/catchart.be\/en\/wp-json\/wp\/v2\/types\/product"}],"wp:featuredmedia":[{"embeddable":true,"href":"https:\/\/catchart.be\/en\/wp-json\/wp\/v2\/media\/5233"}],"wp:attachment":[{"href":"https:\/\/catchart.be\/en\/wp-json\/wp\/v2\/media?parent=5232"}],"wp:term":[{"taxonomy":"product_brand","embeddable":true,"href":"https:\/\/catchart.be\/en\/wp-json\/wp\/v2\/product_brand?post=5232"},{"taxonomy":"product_cat","embeddable":true,"href":"https:\/\/catchart.be\/en\/wp-json\/wp\/v2\/product_cat?post=5232"},{"taxonomy":"product_tag","embeddable":true,"href":"https:\/\/catchart.be\/en\/wp-json\/wp\/v2\/product_tag?post=5232"}],"curies":[{"name":"wp","href":"https:\/\/api.w.org\/{rel}","templated":true}]}}