 
{"id":5228,"date":"2025-04-13T13:48:17","date_gmt":"2025-04-13T13:48:17","guid":{"rendered":"https:\/\/catchart.be\/?post_type=product&#038;p=5228"},"modified":"2025-09-06T10:35:03","modified_gmt":"2025-09-06T10:35:03","slug":"la-hieroglyphe-humaine","status":"publish","type":"product","link":"https:\/\/catchart.be\/en\/product\/la-hieroglyphe-humaine\/","title":{"rendered":"&#8220;La Hi\u00e9roglyphe Humaine&#8221;"},"content":{"rendered":"<p>&#8220;Notre existence est un code complexe, une \u00e9nigme d\u00e9concertante et fascinante qui d\u00e9fie toute simplification.<br \/>\nChaque exp\u00e9rience, chaque rencontre, chaque \u00e9preuve est un symbole unique, un trait dans cette hi\u00e9roglyphe humaine qui devient notre r\u00e9cit.<br \/>\nComme les anciens \u00e9rudits d\u00e9voilant les secrets des hi\u00e9roglyphes, nous nous effor\u00e7ons de percer le myst\u00e8re de notre propre histoire.&#8221;<\/p>\n<p>120x100cm &#8211; Technique mixte sur toile<\/p>\n<p>Cliquez sur l&#8217;image pour l&#8217;agrandir<\/p>\n","protected":false},"excerpt":{"rendered":"<p>&#8220;Notre existence est un code complexe, une \u00e9nigme d\u00e9concertante et fascinante qui d\u00e9fie toute simplification. Chaque exp\u00e9rience, chaque rencontre, chaque \u00e9preuve est un symbole unique, un trait dans cette hi\u00e9roglyphe humaine qui devient notre r\u00e9cit. Comme les anciens \u00e9rudits d\u00e9voilant les secrets des hi\u00e9roglyphes, nous nous effor\u00e7ons de percer le myst\u00e8re de notre propre histoire.&#8221; [&hellip;]<\/p>\n","protected":false},"featured_media":5176,"template":"","meta":[],"product_brand":[],"product_cat":[33],"product_tag":[],"class_list":{"0":"post-5228","1":"product","2":"type-product","3":"status-publish","4":"has-post-thumbnail","6":"product_cat-uncategorized","8":"first","9":"instock","10":"shipping-taxable","11":"purchasable","12":"product-type-simple"},"acf":[],"yoast_head":"<!-- This site is optimized with the Yoast SEO Premium plugin v26.4 (Yoast SEO v26.4) - https:\/\/yoast.com\/wordpress\/plugins\/seo\/ -->\n<title>&quot;La Hi\u00e9roglyphe Humaine&quot; - Catch-art<\/title>\n<meta name=\"robots\" content=\"index, follow, max-snippet:-1, max-image-preview:large, max-video-preview:-1\" \/>\n<link rel=\"canonical\" href=\"https:\/\/catchart.be\/product\/la-hieroglyphe-humaine\/\" \/>\n<meta property=\"og:locale\" content=\"en_US\" \/>\n<meta property=\"og:type\" content=\"article\" \/>\n<meta property=\"og:title\" content=\"&quot;La Hi\u00e9roglyphe Humaine&quot;\" \/>\n<meta property=\"og:description\" content=\"&#8220;Notre existence est un code complexe, une \u00e9nigme d\u00e9concertante et fascinante qui d\u00e9fie toute simplification. Chaque exp\u00e9rience, chaque rencontre, chaque \u00e9preuve est un symbole unique, un trait dans cette hi\u00e9roglyphe humaine qui devient notre r\u00e9cit. Comme les anciens \u00e9rudits d\u00e9voilant les secrets des hi\u00e9roglyphes, nous nous effor\u00e7ons de percer le myst\u00e8re de notre propre histoire.&#8221; [&hellip;]\" \/>\n<meta property=\"og:url\" content=\"https:\/\/catchart.be\/product\/la-hieroglyphe-humaine\/\" \/>\n<meta property=\"og:site_name\" content=\"Catch-art\" \/>\n<meta property=\"article:publisher\" content=\"https:\/\/www.facebook.com\/people\/CatchArt\/100063966426816\/\" \/>\n<meta property=\"article:modified_time\" content=\"2025-09-06T10:35:03+00:00\" \/>\n<meta property=\"og:image\" content=\"https:\/\/catchart.be\/app\/uploads\/2025\/04\/La-Hieroglyphe-Humaine_Isa-Dor_120x100.jpeg\" \/>\n\t<meta property=\"og:image:width\" content=\"1251\" \/>\n\t<meta property=\"og:image:height\" content=\"1500\" \/>\n\t<meta property=\"og:image:type\" content=\"image\/jpeg\" \/>\n<meta name=\"twitter:card\" content=\"summary_large_image\" \/>\n<meta name=\"twitter:label1\" content=\"Est. reading time\" \/>\n\t<meta name=\"twitter:data1\" content=\"1 minute\" \/>\n<script type=\"application\/ld+json\" class=\"yoast-schema-graph\">{\"@context\":\"https:\/\/schema.org\",\"@graph\":[{\"@type\":\"WebPage\",\"@id\":\"https:\/\/catchart.be\/product\/la-hieroglyphe-humaine\/\",\"url\":\"https:\/\/catchart.be\/product\/la-hieroglyphe-humaine\/\",\"name\":\"\\\"La Hi\u00e9roglyphe Humaine\\\" - Catch-art\",\"isPartOf\":{\"@id\":\"https:\/\/catchart.be\/#website\"},\"primaryImageOfPage\":{\"@id\":\"https:\/\/catchart.be\/product\/la-hieroglyphe-humaine\/#primaryimage\"},\"image\":{\"@id\":\"https:\/\/catchart.be\/product\/la-hieroglyphe-humaine\/#primaryimage\"},\"thumbnailUrl\":\"https:\/\/catchart.be\/app\/uploads\/2025\/04\/La-Hieroglyphe-Humaine_Isa-Dor_120x100.jpeg\",\"datePublished\":\"2025-04-13T13:48:17+00:00\",\"dateModified\":\"2025-09-06T10:35:03+00:00\",\"breadcrumb\":{\"@id\":\"https:\/\/catchart.be\/product\/la-hieroglyphe-humaine\/#breadcrumb\"},\"inLanguage\":\"en-US\",\"potentialAction\":[{\"@type\":\"ReadAction\",\"target\":[\"https:\/\/catchart.be\/product\/la-hieroglyphe-humaine\/\"]}]},{\"@type\":\"ImageObject\",\"inLanguage\":\"en-US\",\"@id\":\"https:\/\/catchart.be\/product\/la-hieroglyphe-humaine\/#primaryimage\",\"url\":\"https:\/\/catchart.be\/app\/uploads\/2025\/04\/La-Hieroglyphe-Humaine_Isa-Dor_120x100.jpeg\",\"contentUrl\":\"https:\/\/catchart.be\/app\/uploads\/2025\/04\/La-Hieroglyphe-Humaine_Isa-Dor_120x100.jpeg\",\"width\":1251,\"height\":1500},{\"@type\":\"BreadcrumbList\",\"@id\":\"https:\/\/catchart.be\/product\/la-hieroglyphe-humaine\/#breadcrumb\",\"itemListElement\":[{\"@type\":\"ListItem\",\"position\":1,\"name\":\"Home\",\"item\":\"https:\/\/catchart.be\/en\/\"},{\"@type\":\"ListItem\",\"position\":2,\"name\":\"Produits\",\"item\":\"https:\/\/catchart.be\/shop\/\"},{\"@type\":\"ListItem\",\"position\":3,\"name\":\"\u00ab\u00a0La Hi\u00e9roglyphe Humaine\u00a0\u00bb\"}]},{\"@type\":\"WebSite\",\"@id\":\"https:\/\/catchart.be\/#website\",\"url\":\"https:\/\/catchart.be\/\",\"name\":\"Catch-Art\",\"description\":\"A unique service to help you buy your works of art\",\"publisher\":{\"@id\":\"https:\/\/catchart.be\/#organization\"},\"potentialAction\":[{\"@type\":\"SearchAction\",\"target\":{\"@type\":\"EntryPoint\",\"urlTemplate\":\"https:\/\/catchart.be\/?s={search_term_string}\"},\"query-input\":{\"@type\":\"PropertyValueSpecification\",\"valueRequired\":true,\"valueName\":\"search_term_string\"}}],\"inLanguage\":\"en-US\"},{\"@type\":\"Organization\",\"@id\":\"https:\/\/catchart.be\/#organization\",\"name\":\"Catch-Art\",\"url\":\"https:\/\/catchart.be\/\",\"logo\":{\"@type\":\"ImageObject\",\"inLanguage\":\"en-US\",\"@id\":\"https:\/\/catchart.be\/#\/schema\/logo\/image\/\",\"url\":\"https:\/\/catchart.be\/app\/uploads\/2023\/04\/logo.png\",\"contentUrl\":\"https:\/\/catchart.be\/app\/uploads\/2023\/04\/logo.png\",\"width\":630,\"height\":117,\"caption\":\"Catch-Art\"},\"image\":{\"@id\":\"https:\/\/catchart.be\/#\/schema\/logo\/image\/\"},\"sameAs\":[\"https:\/\/www.facebook.com\/people\/CatchArt\/100063966426816\/\"]}]}<\/script>\n<!-- \/ Yoast SEO Premium plugin. -->","yoast_head_json":{"title":"\"La Hi\u00e9roglyphe Humaine\" - Catch-art","robots":{"index":"index","follow":"follow","max-snippet":"max-snippet:-1","max-image-preview":"max-image-preview:large","max-video-preview":"max-video-preview:-1"},"canonical":"https:\/\/catchart.be\/product\/la-hieroglyphe-humaine\/","og_locale":"en_US","og_type":"article","og_title":"\"La Hi\u00e9roglyphe Humaine\"","og_description":"&#8220;Notre existence est un code complexe, une \u00e9nigme d\u00e9concertante et fascinante qui d\u00e9fie toute simplification. Chaque exp\u00e9rience, chaque rencontre, chaque \u00e9preuve est un symbole unique, un trait dans cette hi\u00e9roglyphe humaine qui devient notre r\u00e9cit. Comme les anciens \u00e9rudits d\u00e9voilant les secrets des hi\u00e9roglyphes, nous nous effor\u00e7ons de percer le myst\u00e8re de notre propre histoire.&#8221; [&hellip;]","og_url":"https:\/\/catchart.be\/product\/la-hieroglyphe-humaine\/","og_site_name":"Catch-art","article_publisher":"https:\/\/www.facebook.com\/people\/CatchArt\/100063966426816\/","article_modified_time":"2025-09-06T10:35:03+00:00","og_image":[{"width":1251,"height":1500,"url":"https:\/\/catchart.be\/app\/uploads\/2025\/04\/La-Hieroglyphe-Humaine_Isa-Dor_120x100.jpeg","type":"image\/jpeg"}],"twitter_card":"summary_large_image","twitter_misc":{"Est. reading time":"1 minute"},"schema":{"@context":"https:\/\/schema.org","@graph":[{"@type":"WebPage","@id":"https:\/\/catchart.be\/product\/la-hieroglyphe-humaine\/","url":"https:\/\/catchart.be\/product\/la-hieroglyphe-humaine\/","name":"\"La Hi\u00e9roglyphe Humaine\" - Catch-art","isPartOf":{"@id":"https:\/\/catchart.be\/#website"},"primaryImageOfPage":{"@id":"https:\/\/catchart.be\/product\/la-hieroglyphe-humaine\/#primaryimage"},"image":{"@id":"https:\/\/catchart.be\/product\/la-hieroglyphe-humaine\/#primaryimage"},"thumbnailUrl":"https:\/\/catchart.be\/app\/uploads\/2025\/04\/La-Hieroglyphe-Humaine_Isa-Dor_120x100.jpeg","datePublished":"2025-04-13T13:48:17+00:00","dateModified":"2025-09-06T10:35:03+00:00","breadcrumb":{"@id":"https:\/\/catchart.be\/product\/la-hieroglyphe-humaine\/#breadcrumb"},"inLanguage":"en-US","potentialAction":[{"@type":"ReadAction","target":["https:\/\/catchart.be\/product\/la-hieroglyphe-humaine\/"]}]},{"@type":"ImageObject","inLanguage":"en-US","@id":"https:\/\/catchart.be\/product\/la-hieroglyphe-humaine\/#primaryimage","url":"https:\/\/catchart.be\/app\/uploads\/2025\/04\/La-Hieroglyphe-Humaine_Isa-Dor_120x100.jpeg","contentUrl":"https:\/\/catchart.be\/app\/uploads\/2025\/04\/La-Hieroglyphe-Humaine_Isa-Dor_120x100.jpeg","width":1251,"height":1500},{"@type":"BreadcrumbList","@id":"https:\/\/catchart.be\/product\/la-hieroglyphe-humaine\/#breadcrumb","itemListElement":[{"@type":"ListItem","position":1,"name":"Home","item":"https:\/\/catchart.be\/en\/"},{"@type":"ListItem","position":2,"name":"Produits","item":"https:\/\/catchart.be\/shop\/"},{"@type":"ListItem","position":3,"name":"\u00ab\u00a0La Hi\u00e9roglyphe Humaine\u00a0\u00bb"}]},{"@type":"WebSite","@id":"https:\/\/catchart.be\/#website","url":"https:\/\/catchart.be\/","name":"Catch-Art","description":"A unique service to help you buy your works of art","publisher":{"@id":"https:\/\/catchart.be\/#organization"},"potentialAction":[{"@type":"SearchAction","target":{"@type":"EntryPoint","urlTemplate":"https:\/\/catchart.be\/?s={search_term_string}"},"query-input":{"@type":"PropertyValueSpecification","valueRequired":true,"valueName":"search_term_string"}}],"inLanguage":"en-US"},{"@type":"Organization","@id":"https:\/\/catchart.be\/#organization","name":"Catch-Art","url":"https:\/\/catchart.be\/","logo":{"@type":"ImageObject","inLanguage":"en-US","@id":"https:\/\/catchart.be\/#\/schema\/logo\/image\/","url":"https:\/\/catchart.be\/app\/uploads\/2023\/04\/logo.png","contentUrl":"https:\/\/catchart.be\/app\/uploads\/2023\/04\/logo.png","width":630,"height":117,"caption":"Catch-Art"},"image":{"@id":"https:\/\/catchart.be\/#\/schema\/logo\/image\/"},"sameAs":["https:\/\/www.facebook.com\/people\/CatchArt\/100063966426816\/"]}]}},"_links":{"self":[{"href":"https:\/\/catchart.be\/en\/wp-json\/wp\/v2\/product\/5228","targetHints":{"allow":["GET"]}}],"collection":[{"href":"https:\/\/catchart.be\/en\/wp-json\/wp\/v2\/product"}],"about":[{"href":"https:\/\/catchart.be\/en\/wp-json\/wp\/v2\/types\/product"}],"wp:featuredmedia":[{"embeddable":true,"href":"https:\/\/catchart.be\/en\/wp-json\/wp\/v2\/media\/5176"}],"wp:attachment":[{"href":"https:\/\/catchart.be\/en\/wp-json\/wp\/v2\/media?parent=5228"}],"wp:term":[{"taxonomy":"product_brand","embeddable":true,"href":"https:\/\/catchart.be\/en\/wp-json\/wp\/v2\/product_brand?post=5228"},{"taxonomy":"product_cat","embeddable":true,"href":"https:\/\/catchart.be\/en\/wp-json\/wp\/v2\/product_cat?post=5228"},{"taxonomy":"product_tag","embeddable":true,"href":"https:\/\/catchart.be\/en\/wp-json\/wp\/v2\/product_tag?post=5228"}],"curies":[{"name":"wp","href":"https:\/\/api.w.org\/{rel}","templated":true}]}}