 
{"id":4647,"date":"2024-09-09T21:30:58","date_gmt":"2024-09-09T21:30:58","guid":{"rendered":"https:\/\/catchart.be\/?post_type=product&#038;p=4647"},"modified":"2024-09-09T21:30:59","modified_gmt":"2024-09-09T21:30:59","slug":"mix-of-vibrations","status":"publish","type":"product","link":"https:\/\/catchart.be\/en\/product\/mix-of-vibrations\/","title":{"rendered":"Mix of Vibrations"},"content":{"rendered":"<p>Cliquez sur l\u2019image pour l\u2019agrandir<\/p>\n<p>Acrylique sur toile<br \/>\nCadre: caisse am\u00e9ricaine blanche<\/p>\n<p>Actuellement visible \u00e0 l&#8217;exposition &#8220;Abstract Vibrations&#8221; que nous organisons \u00e0 la Visus Gallery \u00e0 Lasne.<\/p>\n<p>Contactez-nous si vous \u00eates int\u00e9ress\u00e9 par d\u00e9couvrir d\u2019autres oeuvres de cette collection \u00abMix of Vibrations\u00bb<\/p>\n","protected":false},"excerpt":{"rendered":"<p>Cliquez sur l\u2019image pour l\u2019agrandir Acrylique sur toile Cadre: caisse am\u00e9ricaine blanche Actuellement visible \u00e0 l&#8217;exposition &#8220;Abstract Vibrations&#8221; que nous organisons \u00e0 la Visus Gallery \u00e0 Lasne. Contactez-nous si vous \u00eates int\u00e9ress\u00e9 par d\u00e9couvrir d\u2019autres oeuvres de cette collection \u00abMix of Vibrations\u00bb<\/p>\n","protected":false},"featured_media":4648,"template":"","meta":[],"product_brand":[],"product_cat":[33],"product_tag":[],"class_list":{"0":"post-4647","1":"product","2":"type-product","3":"status-publish","4":"has-post-thumbnail","6":"product_cat-uncategorized","8":"first","9":"instock","10":"shipping-taxable","11":"purchasable","12":"product-type-simple"},"acf":[],"yoast_head":"<!-- This site is optimized with the Yoast SEO Premium plugin v26.4 (Yoast SEO v26.4) - https:\/\/yoast.com\/wordpress\/plugins\/seo\/ -->\n<title>Mix of Vibrations - Catch-art<\/title>\n<meta name=\"robots\" content=\"index, follow, max-snippet:-1, max-image-preview:large, max-video-preview:-1\" \/>\n<link rel=\"canonical\" href=\"https:\/\/catchart.be\/product\/mix-of-vibrations\/\" \/>\n<meta property=\"og:locale\" content=\"en_US\" \/>\n<meta property=\"og:type\" content=\"article\" \/>\n<meta property=\"og:title\" content=\"Mix of Vibrations\" \/>\n<meta property=\"og:description\" content=\"Cliquez sur l\u2019image pour l\u2019agrandir Acrylique sur toile Cadre: caisse am\u00e9ricaine blanche Actuellement visible \u00e0 l&#8217;exposition &#8220;Abstract Vibrations&#8221; que nous organisons \u00e0 la Visus Gallery \u00e0 Lasne. Contactez-nous si vous \u00eates int\u00e9ress\u00e9 par d\u00e9couvrir d\u2019autres oeuvres de cette collection \u00abMix of Vibrations\u00bb\" \/>\n<meta property=\"og:url\" content=\"https:\/\/catchart.be\/product\/mix-of-vibrations\/\" \/>\n<meta property=\"og:site_name\" content=\"Catch-art\" \/>\n<meta property=\"article:publisher\" content=\"https:\/\/www.facebook.com\/people\/CatchArt\/100063966426816\/\" \/>\n<meta property=\"article:modified_time\" content=\"2024-09-09T21:30:59+00:00\" \/>\n<meta property=\"og:image\" content=\"https:\/\/catchart.be\/app\/uploads\/2024\/09\/Mix-of-Vibrations.jpeg\" \/>\n\t<meta property=\"og:image:width\" content=\"1280\" \/>\n\t<meta property=\"og:image:height\" content=\"799\" \/>\n\t<meta property=\"og:image:type\" content=\"image\/jpeg\" \/>\n<meta name=\"twitter:card\" content=\"summary_large_image\" \/>\n<meta name=\"twitter:label1\" content=\"Est. reading time\" \/>\n\t<meta name=\"twitter:data1\" content=\"1 minute\" \/>\n<script type=\"application\/ld+json\" class=\"yoast-schema-graph\">{\"@context\":\"https:\/\/schema.org\",\"@graph\":[{\"@type\":\"WebPage\",\"@id\":\"https:\/\/catchart.be\/product\/mix-of-vibrations\/\",\"url\":\"https:\/\/catchart.be\/product\/mix-of-vibrations\/\",\"name\":\"Mix of Vibrations - Catch-art\",\"isPartOf\":{\"@id\":\"https:\/\/catchart.be\/#website\"},\"primaryImageOfPage\":{\"@id\":\"https:\/\/catchart.be\/product\/mix-of-vibrations\/#primaryimage\"},\"image\":{\"@id\":\"https:\/\/catchart.be\/product\/mix-of-vibrations\/#primaryimage\"},\"thumbnailUrl\":\"https:\/\/catchart.be\/app\/uploads\/2024\/09\/Mix-of-Vibrations.jpeg\",\"datePublished\":\"2024-09-09T21:30:58+00:00\",\"dateModified\":\"2024-09-09T21:30:59+00:00\",\"breadcrumb\":{\"@id\":\"https:\/\/catchart.be\/product\/mix-of-vibrations\/#breadcrumb\"},\"inLanguage\":\"en-US\",\"potentialAction\":[{\"@type\":\"ReadAction\",\"target\":[\"https:\/\/catchart.be\/product\/mix-of-vibrations\/\"]}]},{\"@type\":\"ImageObject\",\"inLanguage\":\"en-US\",\"@id\":\"https:\/\/catchart.be\/product\/mix-of-vibrations\/#primaryimage\",\"url\":\"https:\/\/catchart.be\/app\/uploads\/2024\/09\/Mix-of-Vibrations.jpeg\",\"contentUrl\":\"https:\/\/catchart.be\/app\/uploads\/2024\/09\/Mix-of-Vibrations.jpeg\",\"width\":1280,\"height\":799},{\"@type\":\"BreadcrumbList\",\"@id\":\"https:\/\/catchart.be\/product\/mix-of-vibrations\/#breadcrumb\",\"itemListElement\":[{\"@type\":\"ListItem\",\"position\":1,\"name\":\"Home\",\"item\":\"https:\/\/catchart.be\/en\/\"},{\"@type\":\"ListItem\",\"position\":2,\"name\":\"Produits\",\"item\":\"https:\/\/catchart.be\/shop\/\"},{\"@type\":\"ListItem\",\"position\":3,\"name\":\"Mix of Vibrations\"}]},{\"@type\":\"WebSite\",\"@id\":\"https:\/\/catchart.be\/#website\",\"url\":\"https:\/\/catchart.be\/\",\"name\":\"Catch-Art\",\"description\":\"A unique service to help you buy your works of art\",\"publisher\":{\"@id\":\"https:\/\/catchart.be\/#organization\"},\"potentialAction\":[{\"@type\":\"SearchAction\",\"target\":{\"@type\":\"EntryPoint\",\"urlTemplate\":\"https:\/\/catchart.be\/?s={search_term_string}\"},\"query-input\":{\"@type\":\"PropertyValueSpecification\",\"valueRequired\":true,\"valueName\":\"search_term_string\"}}],\"inLanguage\":\"en-US\"},{\"@type\":\"Organization\",\"@id\":\"https:\/\/catchart.be\/#organization\",\"name\":\"Catch-Art\",\"url\":\"https:\/\/catchart.be\/\",\"logo\":{\"@type\":\"ImageObject\",\"inLanguage\":\"en-US\",\"@id\":\"https:\/\/catchart.be\/#\/schema\/logo\/image\/\",\"url\":\"https:\/\/catchart.be\/app\/uploads\/2023\/04\/logo.png\",\"contentUrl\":\"https:\/\/catchart.be\/app\/uploads\/2023\/04\/logo.png\",\"width\":630,\"height\":117,\"caption\":\"Catch-Art\"},\"image\":{\"@id\":\"https:\/\/catchart.be\/#\/schema\/logo\/image\/\"},\"sameAs\":[\"https:\/\/www.facebook.com\/people\/CatchArt\/100063966426816\/\"]}]}<\/script>\n<!-- \/ Yoast SEO Premium plugin. -->","yoast_head_json":{"title":"Mix of Vibrations - Catch-art","robots":{"index":"index","follow":"follow","max-snippet":"max-snippet:-1","max-image-preview":"max-image-preview:large","max-video-preview":"max-video-preview:-1"},"canonical":"https:\/\/catchart.be\/product\/mix-of-vibrations\/","og_locale":"en_US","og_type":"article","og_title":"Mix of Vibrations","og_description":"Cliquez sur l\u2019image pour l\u2019agrandir Acrylique sur toile Cadre: caisse am\u00e9ricaine blanche Actuellement visible \u00e0 l&#8217;exposition &#8220;Abstract Vibrations&#8221; que nous organisons \u00e0 la Visus Gallery \u00e0 Lasne. Contactez-nous si vous \u00eates int\u00e9ress\u00e9 par d\u00e9couvrir d\u2019autres oeuvres de cette collection \u00abMix of Vibrations\u00bb","og_url":"https:\/\/catchart.be\/product\/mix-of-vibrations\/","og_site_name":"Catch-art","article_publisher":"https:\/\/www.facebook.com\/people\/CatchArt\/100063966426816\/","article_modified_time":"2024-09-09T21:30:59+00:00","og_image":[{"width":1280,"height":799,"url":"https:\/\/catchart.be\/app\/uploads\/2024\/09\/Mix-of-Vibrations.jpeg","type":"image\/jpeg"}],"twitter_card":"summary_large_image","twitter_misc":{"Est. reading time":"1 minute"},"schema":{"@context":"https:\/\/schema.org","@graph":[{"@type":"WebPage","@id":"https:\/\/catchart.be\/product\/mix-of-vibrations\/","url":"https:\/\/catchart.be\/product\/mix-of-vibrations\/","name":"Mix of Vibrations - Catch-art","isPartOf":{"@id":"https:\/\/catchart.be\/#website"},"primaryImageOfPage":{"@id":"https:\/\/catchart.be\/product\/mix-of-vibrations\/#primaryimage"},"image":{"@id":"https:\/\/catchart.be\/product\/mix-of-vibrations\/#primaryimage"},"thumbnailUrl":"https:\/\/catchart.be\/app\/uploads\/2024\/09\/Mix-of-Vibrations.jpeg","datePublished":"2024-09-09T21:30:58+00:00","dateModified":"2024-09-09T21:30:59+00:00","breadcrumb":{"@id":"https:\/\/catchart.be\/product\/mix-of-vibrations\/#breadcrumb"},"inLanguage":"en-US","potentialAction":[{"@type":"ReadAction","target":["https:\/\/catchart.be\/product\/mix-of-vibrations\/"]}]},{"@type":"ImageObject","inLanguage":"en-US","@id":"https:\/\/catchart.be\/product\/mix-of-vibrations\/#primaryimage","url":"https:\/\/catchart.be\/app\/uploads\/2024\/09\/Mix-of-Vibrations.jpeg","contentUrl":"https:\/\/catchart.be\/app\/uploads\/2024\/09\/Mix-of-Vibrations.jpeg","width":1280,"height":799},{"@type":"BreadcrumbList","@id":"https:\/\/catchart.be\/product\/mix-of-vibrations\/#breadcrumb","itemListElement":[{"@type":"ListItem","position":1,"name":"Home","item":"https:\/\/catchart.be\/en\/"},{"@type":"ListItem","position":2,"name":"Produits","item":"https:\/\/catchart.be\/shop\/"},{"@type":"ListItem","position":3,"name":"Mix of Vibrations"}]},{"@type":"WebSite","@id":"https:\/\/catchart.be\/#website","url":"https:\/\/catchart.be\/","name":"Catch-Art","description":"A unique service to help you buy your works of art","publisher":{"@id":"https:\/\/catchart.be\/#organization"},"potentialAction":[{"@type":"SearchAction","target":{"@type":"EntryPoint","urlTemplate":"https:\/\/catchart.be\/?s={search_term_string}"},"query-input":{"@type":"PropertyValueSpecification","valueRequired":true,"valueName":"search_term_string"}}],"inLanguage":"en-US"},{"@type":"Organization","@id":"https:\/\/catchart.be\/#organization","name":"Catch-Art","url":"https:\/\/catchart.be\/","logo":{"@type":"ImageObject","inLanguage":"en-US","@id":"https:\/\/catchart.be\/#\/schema\/logo\/image\/","url":"https:\/\/catchart.be\/app\/uploads\/2023\/04\/logo.png","contentUrl":"https:\/\/catchart.be\/app\/uploads\/2023\/04\/logo.png","width":630,"height":117,"caption":"Catch-Art"},"image":{"@id":"https:\/\/catchart.be\/#\/schema\/logo\/image\/"},"sameAs":["https:\/\/www.facebook.com\/people\/CatchArt\/100063966426816\/"]}]}},"_links":{"self":[{"href":"https:\/\/catchart.be\/en\/wp-json\/wp\/v2\/product\/4647","targetHints":{"allow":["GET"]}}],"collection":[{"href":"https:\/\/catchart.be\/en\/wp-json\/wp\/v2\/product"}],"about":[{"href":"https:\/\/catchart.be\/en\/wp-json\/wp\/v2\/types\/product"}],"wp:featuredmedia":[{"embeddable":true,"href":"https:\/\/catchart.be\/en\/wp-json\/wp\/v2\/media\/4648"}],"wp:attachment":[{"href":"https:\/\/catchart.be\/en\/wp-json\/wp\/v2\/media?parent=4647"}],"wp:term":[{"taxonomy":"product_brand","embeddable":true,"href":"https:\/\/catchart.be\/en\/wp-json\/wp\/v2\/product_brand?post=4647"},{"taxonomy":"product_cat","embeddable":true,"href":"https:\/\/catchart.be\/en\/wp-json\/wp\/v2\/product_cat?post=4647"},{"taxonomy":"product_tag","embeddable":true,"href":"https:\/\/catchart.be\/en\/wp-json\/wp\/v2\/product_tag?post=4647"}],"curies":[{"name":"wp","href":"https:\/\/api.w.org\/{rel}","templated":true}]}}