 
{"id":3516,"date":"2023-10-22T08:31:23","date_gmt":"2023-10-22T08:31:23","guid":{"rendered":"https:\/\/catchart.be\/?post_type=product&#038;p=3516"},"modified":"2023-11-25T13:47:17","modified_gmt":"2023-11-25T13:47:17","slug":"toys-triptyque","status":"publish","type":"product","link":"https:\/\/catchart.be\/en\/product\/toys-triptyque\/","title":{"rendered":"Toys &#8211; triptyque"},"content":{"rendered":"<p><strong>Toys<br \/>\n<em>Si vous avez gard\u00e9 une \u00e2me d\u2019enfant, d\u00e9coder ces images sera un jeu d\u2019enfant.<\/em><\/strong><\/p>\n<p>Cliquez sur la photo pour l\u2019agrandir<\/p>\n<p>Les photos sont imprim\u00e9es sur un papier de qualit\u00e9 Hahnemu\u0308hle Photo Rag\u00aeUltra Smooth 305gr \u2013 tirage encres pigmentaires UltraChrome Pro \u2013 et plac\u00e9es sous vitre dans un cadre m\u00e9tallique (noir ou blanc) avec gravure m\u00e9canique du texte sur le passe-partout. Chaque photo est num\u00e9rot\u00e9e, sign\u00e9e et certifi\u00e9e \u0153uvre originale par un cachet.<\/p>\n<p>Tirage S: triptyque : 154,5 x 33,5 cm &#8211;  Cadres individuels : 43,5 x 33,5 cm \u2013 Intercadre conseill\u00e9 : 12 cm<\/p>\n<p>Contactez-nous pour conna\u00eetre les autres dimensions des tirages XL, L ou M<\/p>\n<p><strong>Les Stories Boards<\/strong><\/p>\n<p>Mon exp\u00e9rience en publicit\u00e9 me permet de construire mes photographies comme des annonces publicitaires en les accompagnant de mots qui aident \u00e0 d\u00e9coder l\u2019image ou apportent un d\u00e9calage afin de susciter une \u00e9motion. Un petit jeu s\u2019installe entre la photo et les mots.<br \/>\nParfois, tout est dans le d\u00e9tail, de sorte qu\u2019il faille dans certains cas regarder l\u2019image \u00e0 plusieurs reprises pour en d\u00e9couvrir la subtilit\u00e9. Mais apr\u00e8s, on ne voit plus que \u00e7a ! Comme cet exercice demande un petit effort de compr\u00e9hension, une fois qu\u2019on a \u2018trouv\u00e9 le truc\u2019 et appr\u00e9ci\u00e9 son fonctionnement, il peut \u00eatre frustrant de s\u2019arr\u00eater \u00e0 une seule photo. Alors, nous avons regroup\u00e9 les photos en compositions \u00e0 plusieurs images (3) qui s\u2019harmonisent entre elles.<\/p>\n","protected":false},"excerpt":{"rendered":"<p>Toys Si vous avez gard\u00e9 une \u00e2me d\u2019enfant, d\u00e9coder ces images sera un jeu d\u2019enfant. Cliquez sur la photo pour l\u2019agrandir Les photos sont imprim\u00e9es sur un papier de qualit\u00e9 Hahnemu\u0308hle Photo Rag\u00aeUltra Smooth 305gr \u2013 tirage encres pigmentaires UltraChrome Pro \u2013 et plac\u00e9es sous vitre dans un cadre m\u00e9tallique (noir ou blanc) avec gravure [&hellip;]<\/p>\n","protected":false},"featured_media":3760,"template":"","meta":[],"product_brand":[],"product_cat":[33],"product_tag":[],"class_list":{"0":"post-3516","1":"product","2":"type-product","3":"status-publish","4":"has-post-thumbnail","6":"product_cat-uncategorized","8":"first","9":"instock","10":"shipping-taxable","11":"purchasable","12":"product-type-simple"},"acf":[],"yoast_head":"<!-- This site is optimized with the Yoast SEO Premium plugin v26.4 (Yoast SEO v26.4) - https:\/\/yoast.com\/wordpress\/plugins\/seo\/ -->\n<title>Toys - triptyque - Catch-art<\/title>\n<meta name=\"robots\" content=\"index, follow, max-snippet:-1, max-image-preview:large, max-video-preview:-1\" \/>\n<link rel=\"canonical\" href=\"https:\/\/catchart.be\/product\/toys-triptyque\/\" \/>\n<meta property=\"og:locale\" content=\"en_US\" \/>\n<meta property=\"og:type\" content=\"article\" \/>\n<meta property=\"og:title\" content=\"Toys - triptyque\" \/>\n<meta property=\"og:description\" content=\"Toys Si vous avez gard\u00e9 une \u00e2me d\u2019enfant, d\u00e9coder ces images sera un jeu d\u2019enfant. Cliquez sur la photo pour l\u2019agrandir Les photos sont imprim\u00e9es sur un papier de qualit\u00e9 Hahnemu\u0308hle Photo Rag\u00aeUltra Smooth 305gr \u2013 tirage encres pigmentaires UltraChrome Pro \u2013 et plac\u00e9es sous vitre dans un cadre m\u00e9tallique (noir ou blanc) avec gravure [&hellip;]\" \/>\n<meta property=\"og:url\" content=\"https:\/\/catchart.be\/product\/toys-triptyque\/\" \/>\n<meta property=\"og:site_name\" content=\"Catch-art\" \/>\n<meta property=\"article:publisher\" content=\"https:\/\/www.facebook.com\/people\/CatchArt\/100063966426816\/\" \/>\n<meta property=\"article:modified_time\" content=\"2023-11-25T13:47:17+00:00\" \/>\n<meta property=\"og:image\" content=\"https:\/\/catchart.be\/app\/uploads\/2023\/10\/IMG_1821.jpg\" \/>\n\t<meta property=\"og:image:width\" content=\"1500\" \/>\n\t<meta property=\"og:image:height\" content=\"1500\" \/>\n\t<meta property=\"og:image:type\" content=\"image\/jpeg\" \/>\n<meta name=\"twitter:card\" content=\"summary_large_image\" \/>\n<meta name=\"twitter:label1\" content=\"Est. reading time\" \/>\n\t<meta name=\"twitter:data1\" content=\"2 minutes\" \/>\n<script type=\"application\/ld+json\" class=\"yoast-schema-graph\">{\"@context\":\"https:\/\/schema.org\",\"@graph\":[{\"@type\":\"WebPage\",\"@id\":\"https:\/\/catchart.be\/product\/toys-triptyque\/\",\"url\":\"https:\/\/catchart.be\/product\/toys-triptyque\/\",\"name\":\"Toys - triptyque - Catch-art\",\"isPartOf\":{\"@id\":\"https:\/\/catchart.be\/#website\"},\"primaryImageOfPage\":{\"@id\":\"https:\/\/catchart.be\/product\/toys-triptyque\/#primaryimage\"},\"image\":{\"@id\":\"https:\/\/catchart.be\/product\/toys-triptyque\/#primaryimage\"},\"thumbnailUrl\":\"https:\/\/catchart.be\/app\/uploads\/2023\/10\/IMG_1821.jpg\",\"datePublished\":\"2023-10-22T08:31:23+00:00\",\"dateModified\":\"2023-11-25T13:47:17+00:00\",\"breadcrumb\":{\"@id\":\"https:\/\/catchart.be\/product\/toys-triptyque\/#breadcrumb\"},\"inLanguage\":\"en-US\",\"potentialAction\":[{\"@type\":\"ReadAction\",\"target\":[\"https:\/\/catchart.be\/product\/toys-triptyque\/\"]}]},{\"@type\":\"ImageObject\",\"inLanguage\":\"en-US\",\"@id\":\"https:\/\/catchart.be\/product\/toys-triptyque\/#primaryimage\",\"url\":\"https:\/\/catchart.be\/app\/uploads\/2023\/10\/IMG_1821.jpg\",\"contentUrl\":\"https:\/\/catchart.be\/app\/uploads\/2023\/10\/IMG_1821.jpg\",\"width\":1500,\"height\":1500},{\"@type\":\"BreadcrumbList\",\"@id\":\"https:\/\/catchart.be\/product\/toys-triptyque\/#breadcrumb\",\"itemListElement\":[{\"@type\":\"ListItem\",\"position\":1,\"name\":\"Home\",\"item\":\"https:\/\/catchart.be\/en\/\"},{\"@type\":\"ListItem\",\"position\":2,\"name\":\"Produits\",\"item\":\"https:\/\/catchart.be\/shop\/\"},{\"@type\":\"ListItem\",\"position\":3,\"name\":\"Toys &#8211; triptyque\"}]},{\"@type\":\"WebSite\",\"@id\":\"https:\/\/catchart.be\/#website\",\"url\":\"https:\/\/catchart.be\/\",\"name\":\"Catch-Art\",\"description\":\"A unique service to help you buy your works of art\",\"publisher\":{\"@id\":\"https:\/\/catchart.be\/#organization\"},\"potentialAction\":[{\"@type\":\"SearchAction\",\"target\":{\"@type\":\"EntryPoint\",\"urlTemplate\":\"https:\/\/catchart.be\/?s={search_term_string}\"},\"query-input\":{\"@type\":\"PropertyValueSpecification\",\"valueRequired\":true,\"valueName\":\"search_term_string\"}}],\"inLanguage\":\"en-US\"},{\"@type\":\"Organization\",\"@id\":\"https:\/\/catchart.be\/#organization\",\"name\":\"Catch-Art\",\"url\":\"https:\/\/catchart.be\/\",\"logo\":{\"@type\":\"ImageObject\",\"inLanguage\":\"en-US\",\"@id\":\"https:\/\/catchart.be\/#\/schema\/logo\/image\/\",\"url\":\"https:\/\/catchart.be\/app\/uploads\/2023\/04\/logo.png\",\"contentUrl\":\"https:\/\/catchart.be\/app\/uploads\/2023\/04\/logo.png\",\"width\":630,\"height\":117,\"caption\":\"Catch-Art\"},\"image\":{\"@id\":\"https:\/\/catchart.be\/#\/schema\/logo\/image\/\"},\"sameAs\":[\"https:\/\/www.facebook.com\/people\/CatchArt\/100063966426816\/\"]}]}<\/script>\n<!-- \/ Yoast SEO Premium plugin. -->","yoast_head_json":{"title":"Toys - triptyque - Catch-art","robots":{"index":"index","follow":"follow","max-snippet":"max-snippet:-1","max-image-preview":"max-image-preview:large","max-video-preview":"max-video-preview:-1"},"canonical":"https:\/\/catchart.be\/product\/toys-triptyque\/","og_locale":"en_US","og_type":"article","og_title":"Toys - triptyque","og_description":"Toys Si vous avez gard\u00e9 une \u00e2me d\u2019enfant, d\u00e9coder ces images sera un jeu d\u2019enfant. Cliquez sur la photo pour l\u2019agrandir Les photos sont imprim\u00e9es sur un papier de qualit\u00e9 Hahnemu\u0308hle Photo Rag\u00aeUltra Smooth 305gr \u2013 tirage encres pigmentaires UltraChrome Pro \u2013 et plac\u00e9es sous vitre dans un cadre m\u00e9tallique (noir ou blanc) avec gravure [&hellip;]","og_url":"https:\/\/catchart.be\/product\/toys-triptyque\/","og_site_name":"Catch-art","article_publisher":"https:\/\/www.facebook.com\/people\/CatchArt\/100063966426816\/","article_modified_time":"2023-11-25T13:47:17+00:00","og_image":[{"width":1500,"height":1500,"url":"https:\/\/catchart.be\/app\/uploads\/2023\/10\/IMG_1821.jpg","type":"image\/jpeg"}],"twitter_card":"summary_large_image","twitter_misc":{"Est. reading time":"2 minutes"},"schema":{"@context":"https:\/\/schema.org","@graph":[{"@type":"WebPage","@id":"https:\/\/catchart.be\/product\/toys-triptyque\/","url":"https:\/\/catchart.be\/product\/toys-triptyque\/","name":"Toys - triptyque - Catch-art","isPartOf":{"@id":"https:\/\/catchart.be\/#website"},"primaryImageOfPage":{"@id":"https:\/\/catchart.be\/product\/toys-triptyque\/#primaryimage"},"image":{"@id":"https:\/\/catchart.be\/product\/toys-triptyque\/#primaryimage"},"thumbnailUrl":"https:\/\/catchart.be\/app\/uploads\/2023\/10\/IMG_1821.jpg","datePublished":"2023-10-22T08:31:23+00:00","dateModified":"2023-11-25T13:47:17+00:00","breadcrumb":{"@id":"https:\/\/catchart.be\/product\/toys-triptyque\/#breadcrumb"},"inLanguage":"en-US","potentialAction":[{"@type":"ReadAction","target":["https:\/\/catchart.be\/product\/toys-triptyque\/"]}]},{"@type":"ImageObject","inLanguage":"en-US","@id":"https:\/\/catchart.be\/product\/toys-triptyque\/#primaryimage","url":"https:\/\/catchart.be\/app\/uploads\/2023\/10\/IMG_1821.jpg","contentUrl":"https:\/\/catchart.be\/app\/uploads\/2023\/10\/IMG_1821.jpg","width":1500,"height":1500},{"@type":"BreadcrumbList","@id":"https:\/\/catchart.be\/product\/toys-triptyque\/#breadcrumb","itemListElement":[{"@type":"ListItem","position":1,"name":"Home","item":"https:\/\/catchart.be\/en\/"},{"@type":"ListItem","position":2,"name":"Produits","item":"https:\/\/catchart.be\/shop\/"},{"@type":"ListItem","position":3,"name":"Toys &#8211; triptyque"}]},{"@type":"WebSite","@id":"https:\/\/catchart.be\/#website","url":"https:\/\/catchart.be\/","name":"Catch-Art","description":"A unique service to help you buy your works of art","publisher":{"@id":"https:\/\/catchart.be\/#organization"},"potentialAction":[{"@type":"SearchAction","target":{"@type":"EntryPoint","urlTemplate":"https:\/\/catchart.be\/?s={search_term_string}"},"query-input":{"@type":"PropertyValueSpecification","valueRequired":true,"valueName":"search_term_string"}}],"inLanguage":"en-US"},{"@type":"Organization","@id":"https:\/\/catchart.be\/#organization","name":"Catch-Art","url":"https:\/\/catchart.be\/","logo":{"@type":"ImageObject","inLanguage":"en-US","@id":"https:\/\/catchart.be\/#\/schema\/logo\/image\/","url":"https:\/\/catchart.be\/app\/uploads\/2023\/04\/logo.png","contentUrl":"https:\/\/catchart.be\/app\/uploads\/2023\/04\/logo.png","width":630,"height":117,"caption":"Catch-Art"},"image":{"@id":"https:\/\/catchart.be\/#\/schema\/logo\/image\/"},"sameAs":["https:\/\/www.facebook.com\/people\/CatchArt\/100063966426816\/"]}]}},"_links":{"self":[{"href":"https:\/\/catchart.be\/en\/wp-json\/wp\/v2\/product\/3516","targetHints":{"allow":["GET"]}}],"collection":[{"href":"https:\/\/catchart.be\/en\/wp-json\/wp\/v2\/product"}],"about":[{"href":"https:\/\/catchart.be\/en\/wp-json\/wp\/v2\/types\/product"}],"wp:featuredmedia":[{"embeddable":true,"href":"https:\/\/catchart.be\/en\/wp-json\/wp\/v2\/media\/3760"}],"wp:attachment":[{"href":"https:\/\/catchart.be\/en\/wp-json\/wp\/v2\/media?parent=3516"}],"wp:term":[{"taxonomy":"product_brand","embeddable":true,"href":"https:\/\/catchart.be\/en\/wp-json\/wp\/v2\/product_brand?post=3516"},{"taxonomy":"product_cat","embeddable":true,"href":"https:\/\/catchart.be\/en\/wp-json\/wp\/v2\/product_cat?post=3516"},{"taxonomy":"product_tag","embeddable":true,"href":"https:\/\/catchart.be\/en\/wp-json\/wp\/v2\/product_tag?post=3516"}],"curies":[{"name":"wp","href":"https:\/\/api.w.org\/{rel}","templated":true}]}}