 
{"id":2860,"date":"2023-07-17T16:40:12","date_gmt":"2023-07-17T16:40:12","guid":{"rendered":"https:\/\/catchart.be\/?post_type=product&#038;p=2860"},"modified":"2023-09-25T16:40:22","modified_gmt":"2023-09-25T16:40:22","slug":"place-royale-et-son-tram","status":"publish","type":"product","link":"https:\/\/catchart.be\/en\/product\/place-royale-et-son-tram\/","title":{"rendered":"&#8220;Place royale et son tram&#8221;"},"content":{"rendered":"<p>Impression en couleur sur papier Fine-Art.<br \/>\nFinition en Diasec\/Plexi Mat<br \/>\navec syst\u00e8me d&#8217;accrochage &#8220;ch\u00e2ssis rentrant en alu&#8221; &#8211; lattes murales inclues.<\/p>\n<p>Les tirages de cette s\u00e9rie sont limit\u00e9s \u00e0 10 exemplaires.<br \/>\nIls sont disponibles dans un des 3 formats suivants<br \/>\n60&#215;80<br \/>\n80&#215;120<br \/>\n100&#215;150<br \/>\nPour plus d&#8217;informations sur les dimensions ou les encadrements possibles,<br \/>\ncontactez-nous via le formulaire &#8220;Catch-Art services&#8221;<\/p>\n","protected":false},"excerpt":{"rendered":"<p>Impression en couleur sur papier Fine-Art. Finition en Diasec\/Plexi Mat avec syst\u00e8me d&#8217;accrochage &#8220;ch\u00e2ssis rentrant en alu&#8221; &#8211; lattes murales inclues. Les tirages de cette s\u00e9rie sont limit\u00e9s \u00e0 10 exemplaires. Ils sont disponibles dans un des 3 formats suivants 60&#215;80 80&#215;120 100&#215;150 Pour plus d&#8217;informations sur les dimensions ou les encadrements possibles, contactez-nous via [&hellip;]<\/p>\n","protected":false},"featured_media":2861,"template":"","meta":[],"product_brand":[],"product_cat":[33],"product_tag":[],"class_list":{"0":"post-2860","1":"product","2":"type-product","3":"status-publish","4":"has-post-thumbnail","6":"product_cat-uncategorized","8":"first","9":"instock","10":"shipping-taxable","11":"purchasable","12":"product-type-simple"},"acf":[],"yoast_head":"<!-- This site is optimized with the Yoast SEO Premium plugin v26.4 (Yoast SEO v26.4) - https:\/\/yoast.com\/wordpress\/plugins\/seo\/ -->\n<title>&quot;Place royale et son tram&quot; - Catch-art<\/title>\n<meta name=\"robots\" content=\"index, follow, max-snippet:-1, max-image-preview:large, max-video-preview:-1\" \/>\n<link rel=\"canonical\" href=\"https:\/\/catchart.be\/product\/place-royale-et-son-tram\/\" \/>\n<meta property=\"og:locale\" content=\"en_US\" \/>\n<meta property=\"og:type\" content=\"article\" \/>\n<meta property=\"og:title\" content=\"&quot;Place royale et son tram&quot;\" \/>\n<meta property=\"og:description\" content=\"Impression en couleur sur papier Fine-Art. Finition en Diasec\/Plexi Mat avec syst\u00e8me d&#8217;accrochage &#8220;ch\u00e2ssis rentrant en alu&#8221; &#8211; lattes murales inclues. Les tirages de cette s\u00e9rie sont limit\u00e9s \u00e0 10 exemplaires. Ils sont disponibles dans un des 3 formats suivants 60&#215;80 80&#215;120 100&#215;150 Pour plus d&#8217;informations sur les dimensions ou les encadrements possibles, contactez-nous via [&hellip;]\" \/>\n<meta property=\"og:url\" content=\"https:\/\/catchart.be\/product\/place-royale-et-son-tram\/\" \/>\n<meta property=\"og:site_name\" content=\"Catch-art\" \/>\n<meta property=\"article:publisher\" content=\"https:\/\/www.facebook.com\/people\/CatchArt\/100063966426816\/\" \/>\n<meta property=\"article:modified_time\" content=\"2023-09-25T16:40:22+00:00\" \/>\n<meta property=\"og:image\" content=\"https:\/\/catchart.be\/app\/uploads\/2023\/07\/Place-Royale-et-son-tram-scaled.jpg\" \/>\n\t<meta property=\"og:image:width\" content=\"2250\" \/>\n\t<meta property=\"og:image:height\" content=\"1500\" \/>\n\t<meta property=\"og:image:type\" content=\"image\/jpeg\" \/>\n<meta name=\"twitter:card\" content=\"summary_large_image\" \/>\n<meta name=\"twitter:label1\" content=\"Est. reading time\" \/>\n\t<meta name=\"twitter:data1\" content=\"1 minute\" \/>\n<script type=\"application\/ld+json\" class=\"yoast-schema-graph\">{\"@context\":\"https:\/\/schema.org\",\"@graph\":[{\"@type\":\"WebPage\",\"@id\":\"https:\/\/catchart.be\/product\/place-royale-et-son-tram\/\",\"url\":\"https:\/\/catchart.be\/product\/place-royale-et-son-tram\/\",\"name\":\"\\\"Place royale et son tram\\\" - Catch-art\",\"isPartOf\":{\"@id\":\"https:\/\/catchart.be\/#website\"},\"primaryImageOfPage\":{\"@id\":\"https:\/\/catchart.be\/product\/place-royale-et-son-tram\/#primaryimage\"},\"image\":{\"@id\":\"https:\/\/catchart.be\/product\/place-royale-et-son-tram\/#primaryimage\"},\"thumbnailUrl\":\"https:\/\/catchart.be\/app\/uploads\/2023\/07\/Place-Royale-et-son-tram-scaled.jpg\",\"datePublished\":\"2023-07-17T16:40:12+00:00\",\"dateModified\":\"2023-09-25T16:40:22+00:00\",\"breadcrumb\":{\"@id\":\"https:\/\/catchart.be\/product\/place-royale-et-son-tram\/#breadcrumb\"},\"inLanguage\":\"en-US\",\"potentialAction\":[{\"@type\":\"ReadAction\",\"target\":[\"https:\/\/catchart.be\/product\/place-royale-et-son-tram\/\"]}]},{\"@type\":\"ImageObject\",\"inLanguage\":\"en-US\",\"@id\":\"https:\/\/catchart.be\/product\/place-royale-et-son-tram\/#primaryimage\",\"url\":\"https:\/\/catchart.be\/app\/uploads\/2023\/07\/Place-Royale-et-son-tram-scaled.jpg\",\"contentUrl\":\"https:\/\/catchart.be\/app\/uploads\/2023\/07\/Place-Royale-et-son-tram-scaled.jpg\",\"width\":1920,\"height\":1280},{\"@type\":\"BreadcrumbList\",\"@id\":\"https:\/\/catchart.be\/product\/place-royale-et-son-tram\/#breadcrumb\",\"itemListElement\":[{\"@type\":\"ListItem\",\"position\":1,\"name\":\"Home\",\"item\":\"https:\/\/catchart.be\/en\/\"},{\"@type\":\"ListItem\",\"position\":2,\"name\":\"Produits\",\"item\":\"https:\/\/catchart.be\/shop\/\"},{\"@type\":\"ListItem\",\"position\":3,\"name\":\"\u00ab\u00a0Place royale et son tram\u00a0\u00bb\"}]},{\"@type\":\"WebSite\",\"@id\":\"https:\/\/catchart.be\/#website\",\"url\":\"https:\/\/catchart.be\/\",\"name\":\"Catch-Art\",\"description\":\"A unique service to help you buy your works of art\",\"publisher\":{\"@id\":\"https:\/\/catchart.be\/#organization\"},\"potentialAction\":[{\"@type\":\"SearchAction\",\"target\":{\"@type\":\"EntryPoint\",\"urlTemplate\":\"https:\/\/catchart.be\/?s={search_term_string}\"},\"query-input\":{\"@type\":\"PropertyValueSpecification\",\"valueRequired\":true,\"valueName\":\"search_term_string\"}}],\"inLanguage\":\"en-US\"},{\"@type\":\"Organization\",\"@id\":\"https:\/\/catchart.be\/#organization\",\"name\":\"Catch-Art\",\"url\":\"https:\/\/catchart.be\/\",\"logo\":{\"@type\":\"ImageObject\",\"inLanguage\":\"en-US\",\"@id\":\"https:\/\/catchart.be\/#\/schema\/logo\/image\/\",\"url\":\"https:\/\/catchart.be\/app\/uploads\/2023\/04\/logo.png\",\"contentUrl\":\"https:\/\/catchart.be\/app\/uploads\/2023\/04\/logo.png\",\"width\":630,\"height\":117,\"caption\":\"Catch-Art\"},\"image\":{\"@id\":\"https:\/\/catchart.be\/#\/schema\/logo\/image\/\"},\"sameAs\":[\"https:\/\/www.facebook.com\/people\/CatchArt\/100063966426816\/\"]}]}<\/script>\n<!-- \/ Yoast SEO Premium plugin. -->","yoast_head_json":{"title":"\"Place royale et son tram\" - Catch-art","robots":{"index":"index","follow":"follow","max-snippet":"max-snippet:-1","max-image-preview":"max-image-preview:large","max-video-preview":"max-video-preview:-1"},"canonical":"https:\/\/catchart.be\/product\/place-royale-et-son-tram\/","og_locale":"en_US","og_type":"article","og_title":"\"Place royale et son tram\"","og_description":"Impression en couleur sur papier Fine-Art. Finition en Diasec\/Plexi Mat avec syst\u00e8me d&#8217;accrochage &#8220;ch\u00e2ssis rentrant en alu&#8221; &#8211; lattes murales inclues. Les tirages de cette s\u00e9rie sont limit\u00e9s \u00e0 10 exemplaires. Ils sont disponibles dans un des 3 formats suivants 60&#215;80 80&#215;120 100&#215;150 Pour plus d&#8217;informations sur les dimensions ou les encadrements possibles, contactez-nous via [&hellip;]","og_url":"https:\/\/catchart.be\/product\/place-royale-et-son-tram\/","og_site_name":"Catch-art","article_publisher":"https:\/\/www.facebook.com\/people\/CatchArt\/100063966426816\/","article_modified_time":"2023-09-25T16:40:22+00:00","og_image":[{"width":2250,"height":1500,"url":"https:\/\/catchart.be\/app\/uploads\/2023\/07\/Place-Royale-et-son-tram-scaled.jpg","type":"image\/jpeg"}],"twitter_card":"summary_large_image","twitter_misc":{"Est. reading time":"1 minute"},"schema":{"@context":"https:\/\/schema.org","@graph":[{"@type":"WebPage","@id":"https:\/\/catchart.be\/product\/place-royale-et-son-tram\/","url":"https:\/\/catchart.be\/product\/place-royale-et-son-tram\/","name":"\"Place royale et son tram\" - Catch-art","isPartOf":{"@id":"https:\/\/catchart.be\/#website"},"primaryImageOfPage":{"@id":"https:\/\/catchart.be\/product\/place-royale-et-son-tram\/#primaryimage"},"image":{"@id":"https:\/\/catchart.be\/product\/place-royale-et-son-tram\/#primaryimage"},"thumbnailUrl":"https:\/\/catchart.be\/app\/uploads\/2023\/07\/Place-Royale-et-son-tram-scaled.jpg","datePublished":"2023-07-17T16:40:12+00:00","dateModified":"2023-09-25T16:40:22+00:00","breadcrumb":{"@id":"https:\/\/catchart.be\/product\/place-royale-et-son-tram\/#breadcrumb"},"inLanguage":"en-US","potentialAction":[{"@type":"ReadAction","target":["https:\/\/catchart.be\/product\/place-royale-et-son-tram\/"]}]},{"@type":"ImageObject","inLanguage":"en-US","@id":"https:\/\/catchart.be\/product\/place-royale-et-son-tram\/#primaryimage","url":"https:\/\/catchart.be\/app\/uploads\/2023\/07\/Place-Royale-et-son-tram-scaled.jpg","contentUrl":"https:\/\/catchart.be\/app\/uploads\/2023\/07\/Place-Royale-et-son-tram-scaled.jpg","width":1920,"height":1280},{"@type":"BreadcrumbList","@id":"https:\/\/catchart.be\/product\/place-royale-et-son-tram\/#breadcrumb","itemListElement":[{"@type":"ListItem","position":1,"name":"Home","item":"https:\/\/catchart.be\/en\/"},{"@type":"ListItem","position":2,"name":"Produits","item":"https:\/\/catchart.be\/shop\/"},{"@type":"ListItem","position":3,"name":"\u00ab\u00a0Place royale et son tram\u00a0\u00bb"}]},{"@type":"WebSite","@id":"https:\/\/catchart.be\/#website","url":"https:\/\/catchart.be\/","name":"Catch-Art","description":"A unique service to help you buy your works of art","publisher":{"@id":"https:\/\/catchart.be\/#organization"},"potentialAction":[{"@type":"SearchAction","target":{"@type":"EntryPoint","urlTemplate":"https:\/\/catchart.be\/?s={search_term_string}"},"query-input":{"@type":"PropertyValueSpecification","valueRequired":true,"valueName":"search_term_string"}}],"inLanguage":"en-US"},{"@type":"Organization","@id":"https:\/\/catchart.be\/#organization","name":"Catch-Art","url":"https:\/\/catchart.be\/","logo":{"@type":"ImageObject","inLanguage":"en-US","@id":"https:\/\/catchart.be\/#\/schema\/logo\/image\/","url":"https:\/\/catchart.be\/app\/uploads\/2023\/04\/logo.png","contentUrl":"https:\/\/catchart.be\/app\/uploads\/2023\/04\/logo.png","width":630,"height":117,"caption":"Catch-Art"},"image":{"@id":"https:\/\/catchart.be\/#\/schema\/logo\/image\/"},"sameAs":["https:\/\/www.facebook.com\/people\/CatchArt\/100063966426816\/"]}]}},"_links":{"self":[{"href":"https:\/\/catchart.be\/en\/wp-json\/wp\/v2\/product\/2860","targetHints":{"allow":["GET"]}}],"collection":[{"href":"https:\/\/catchart.be\/en\/wp-json\/wp\/v2\/product"}],"about":[{"href":"https:\/\/catchart.be\/en\/wp-json\/wp\/v2\/types\/product"}],"wp:featuredmedia":[{"embeddable":true,"href":"https:\/\/catchart.be\/en\/wp-json\/wp\/v2\/media\/2861"}],"wp:attachment":[{"href":"https:\/\/catchart.be\/en\/wp-json\/wp\/v2\/media?parent=2860"}],"wp:term":[{"taxonomy":"product_brand","embeddable":true,"href":"https:\/\/catchart.be\/en\/wp-json\/wp\/v2\/product_brand?post=2860"},{"taxonomy":"product_cat","embeddable":true,"href":"https:\/\/catchart.be\/en\/wp-json\/wp\/v2\/product_cat?post=2860"},{"taxonomy":"product_tag","embeddable":true,"href":"https:\/\/catchart.be\/en\/wp-json\/wp\/v2\/product_tag?post=2860"}],"curies":[{"name":"wp","href":"https:\/\/api.w.org\/{rel}","templated":true}]}}